{"id":1031,"date":"2022-04-16T16:25:23","date_gmt":"2022-04-16T14:25:23","guid":{"rendered":"https:\/\/www.gptom.com\/shop\/"},"modified":"2026-03-17T15:04:41","modified_gmt":"2026-03-17T14:04:41","slug":"shop","status":"publish","type":"page","link":"http:\/\/3.72.214.174\/de\/shop\/","title":{"rendered":"Shop"},"content":{"rendered":"<p>[et_pb_section fb_built=&#8220;1&#8243; custom_padding_last_edited=&#8220;on|phone&#8220; _builder_version=&#8220;4.19.1&#8243; _module_preset=&#8220;default&#8220; custom_margin=&#8220;0px||0px||false|false&#8220; custom_padding=&#8220;0px||0px||false|false&#8220; custom_padding_tablet=&#8220;0px||0px||false|false&#8220; custom_padding_phone=&#8220;60px||||false|false&#8220; global_colors_info=&#8220;{}&#8220;][et_pb_row column_structure=&#8220;1_4,1_4,1_4,1_4&#8243; use_custom_gutter=&#8220;on&#8220; make_equal=&#8220;on&#8220; custom_padding_last_edited=&#8220;on|phone&#8220; _builder_version=&#8220;4.19.1&#8243; _module_preset=&#8220;default&#8220; background_color=&#8220;gcid-b7996809-1fa2-4156-b27e-7004cca8b85c&#8220; custom_margin=&#8220;0px||||false|false&#8220; custom_margin_tablet=&#8220;0px||||false|false&#8220; custom_margin_phone=&#8220;0px||||false|false&#8220; custom_margin_last_edited=&#8220;on|phone&#8220; custom_padding=&#8220;10px|10px|10px|10px|false|false&#8220; custom_padding_tablet=&#8220;10px|10px|10px|10px|false|false&#8220; custom_padding_phone=&#8220;10px||||false|false&#8220; border_radii=&#8220;on|20px|20px|20px|20px&#8220; border_width_bottom=&#8220;1px&#8220; border_color_bottom=&#8220;gcid-4c58a40f-917e-42df-9b5b-7273365740ec&#8220; global_colors_info=&#8220;{%22gcid-4c58a40f-917e-42df-9b5b-7273365740ec%22:%91%22border_color_bottom%22%93,%22gcid-b7996809-1fa2-4156-b27e-7004cca8b85c%22:%91%22background_color%22%93}&#8220;][et_pb_column type=&#8220;1_4&#8243; _builder_version=&#8220;4.19.1&#8243; _module_preset=&#8220;default&#8220; custom_css_main_element=&#8220;margin:auto;&#8220; global_colors_info=&#8220;{}&#8220;][et_pb_image src=&#8220;https:\/\/www.gptom.com\/wp-content\/uploads\/2022\/04\/adaptive_icon_rounded-1.png&#8220; title_text=&#8220;adaptive_icon_rounded&#8220; admin_label=&#8220;Obr\u00e1zek&#8220; _builder_version=&#8220;4.19.1&#8243; _module_preset=&#8220;default&#8220; width=&#8220;150px&#8220; global_colors_info=&#8220;{}&#8220;][\/et_pb_image][\/et_pb_column][et_pb_column type=&#8220;1_4&#8243; _builder_version=&#8220;4.19.1&#8243; _module_preset=&#8220;default&#8220; custom_css_main_element=&#8220;margin:auto;&#8220; global_colors_info=&#8220;{}&#8220;][et_pb_text _builder_version=&#8220;4.19.1&#8243; _module_preset=&#8220;default&#8220; text_font=&#8220;GP commerce Bold||||||||&#8220; text_font_size=&#8220;24px&#8220; custom_padding=&#8220;10px||10px||false|false&#8220; global_colors_info=&#8220;{}&#8220;]<\/p>\n<p>Objednejte si GPtom<\/p>\n<p>[\/et_pb_text][\/et_pb_column][et_pb_column type=&#8220;1_4&#8243; _builder_version=&#8220;4.19.1&#8243; _module_preset=&#8220;default&#8220; custom_css_main_element=&#8220;margin:auto;&#8220; global_colors_info=&#8220;{}&#8220;][et_pb_text _builder_version=&#8220;4.19.1&#8243; _module_preset=&#8220;default&#8220; global_colors_info=&#8220;{}&#8220;]<\/p>\n<p><span>Zadejte \u00fadaje o va\u0161\u00ed spole\u010dnosti a nez\u00e1vazn\u011b objednejte GP tom. My se V\u00e1m b\u011bhem chv\u00edle ozveme a domluv\u00edme s v\u00e1mi v\u0161e pot\u0159ebn\u00e9. P\u0159ij\u00edmat platby tak budete moci t\u00e9m\u011b\u0159 obratem.<\/span><\/p>\n<p>[\/et_pb_text][\/et_pb_column][et_pb_column type=&#8220;1_4&#8243; _builder_version=&#8220;4.19.1&#8243; _module_preset=&#8220;default&#8220; custom_padding=&#8220;50px||||false|false&#8220; global_colors_info=&#8220;{}&#8220;][et_pb_button button_url=&#8220;https:\/\/www.gptom.com\/#kontakt&#8220; button_text=&#8220;OBJEDNAT&#8220; button_alignment=&#8220;center&#8220; _builder_version=&#8220;4.19.1&#8243; _module_preset=&#8220;default&#8220; custom_button=&#8220;on&#8220; button_text_size=&#8220;15px&#8220; button_text_color=&#8220;gcid-b7996809-1fa2-4156-b27e-7004cca8b85c&#8220; button_bg_color=&#8220;#000000&#8243; button_border_width=&#8220;0px&#8220; button_border_color=&#8220;gcid-b7996809-1fa2-4156-b27e-7004cca8b85c&#8220; button_border_radius=&#8220;21px&#8220; button_letter_spacing=&#8220;1px&#8220; button_font=&#8220;GP commerce Medium||||||||&#8220; button_use_icon=&#8220;off&#8220; custom_margin=&#8220;||0px||false|false&#8220; custom_padding=&#8220;10px|20px|10px|20px|false|true&#8220; animation_style=&#8220;fade&#8220; global_colors_info=&#8220;{%22gcid-b7996809-1fa2-4156-b27e-7004cca8b85c%22:%91%22button_text_color%22,%22button_text_color%22,%22button_icon_color%22,%22button_border_color%22,%22button_text_color__hover%22%93}&#8220; button_text_color__hover_enabled=&#8220;on|hover&#8220; button_text_color__hover=&#8220;#ffb300&#8243; button_bg_color__hover_enabled=&#8220;on|hover&#8220; button_bg_color__hover=&#8220;#000000&#8243; button_bg_enable_color__hover=&#8220;on&#8220; button_icon_color__hover_enabled=&#8220;on|hover&#8220; button_icon_color__hover=&#8220;#000000&#8243; button_border_width__hover_enabled=&#8220;on|hover&#8220; button_border_width__hover=&#8220;0px&#8220; button_bg_color_gradient_stops__hover=&#8220;#808080 0%|#0a0101 100%&#8220; button_bg_use_color_gradient__hover=&#8220;on&#8220;][\/et_pb_button][\/et_pb_column][\/et_pb_row][et_pb_row column_structure=&#8220;1_3,1_3,1_3&#8243; _builder_version=&#8220;4.19.1&#8243; _module_preset=&#8220;default&#8220; background_color=&#8220;gcid-4c58a40f-917e-42df-9b5b-7273365740ec&#8220; custom_margin=&#8220;20px||||false|false&#8220; border_radii=&#8220;on|20px|20px|20px|20px&#8220; global_colors_info=&#8220;{%22gcid-4c58a40f-917e-42df-9b5b-7273365740ec%22:%91%22background_color%22%93}&#8220;][et_pb_column type=&#8220;1_3&#8243; _builder_version=&#8220;4.19.1&#8243; _module_preset=&#8220;default&#8220; global_colors_info=&#8220;{}&#8220;][et_pb_blurb title=&#8220;Po\u0161tovn\u00e9 zdarma&#8220; use_icon=&#8220;on&#8220; font_icon=&#8220;&#xf48b;||fa||900&#8243; image_icon_width=&#8220;40px&#8220; _builder_version=&#8220;4.19.1&#8243; _module_preset=&#8220;default&#8220; header_text_align=&#8220;center&#8220; text_orientation=&#8220;center&#8220; custom_padding=&#8220;|20px||20px|false|true&#8220; global_colors_info=&#8220;{}&#8220;]<\/p>\n<p>Na v\u0161echny nab\u00edzen\u00e9 produkty m\u00e1te po\u0161tovn\u00e9 zdarma.<\/p>\n<p>[\/et_pb_blurb][\/et_pb_column][et_pb_column type=&#8220;1_3&#8243; _builder_version=&#8220;4.19.1&#8243; _module_preset=&#8220;default&#8220; global_colors_info=&#8220;{}&#8220;][et_pb_blurb title=&#8220;Garance kvality&#8220; use_icon=&#8220;on&#8220; font_icon=&#8220;&#xf164;||fa||400&#8243; image_icon_width=&#8220;40px&#8220; _builder_version=&#8220;4.19.1&#8243; _module_preset=&#8220;default&#8220; header_text_align=&#8220;center&#8220; text_orientation=&#8220;center&#8220; custom_padding=&#8220;|20px||20px|false|true&#8220; global_colors_info=&#8220;{}&#8220;]<\/p>\n<p>N\u00e1mi nab\u00edzen\u00e9 produkty poch\u00e1z\u00ed od osv\u011bd\u010den\u00fdch v\u00fdrobc\u016f.<\/p>\n<p>[\/et_pb_blurb][\/et_pb_column][et_pb_column type=&#8220;1_3&#8243; _builder_version=&#8220;4.19.1&#8243; _module_preset=&#8220;default&#8220; global_colors_info=&#8220;{}&#8220;][et_pb_blurb title=&#8220;Poradna&#8220; use_icon=&#8220;on&#8220; font_icon=&#8220;&#xf1cd;||fa||400&#8243; image_icon_width=&#8220;40px&#8220; _builder_version=&#8220;4.19.1&#8243; _module_preset=&#8220;default&#8220; header_text_align=&#8220;center&#8220; text_orientation=&#8220;center&#8220; custom_padding=&#8220;|20px||20px|false|true&#8220; global_colors_info=&#8220;{}&#8220;]<\/p>\n<p>Nev\u00edte si rady? Napi\u0161te n\u00e1m a my v\u00e1m r\u00e1di porad\u00edme s v\u00fdb\u011brem!<\/p>\n<p>[\/et_pb_blurb][\/et_pb_column][\/et_pb_row][\/et_pb_section][et_pb_section fb_built=&#8220;1&#8243; specialty=&#8220;on&#8220; _builder_version=&#8220;4.19.1&#8243; _module_preset=&#8220;default&#8220; custom_padding=&#8220;2px|||||&#8220; global_colors_info=&#8220;{}&#8220;][et_pb_column type=&#8220;1_4&#8243; _builder_version=&#8220;4.16&#8243; custom_padding=&#8220;|||&#8220; global_colors_info=&#8220;{}&#8220; custom_padding__hover=&#8220;|||&#8220;][et_pb_menu menu_id=&#8220;114&#8243; active_link_color=&#8220;gcid-b7996809-1fa2-4156-b27e-7004cca8b85c&#8220; _builder_version=&#8220;4.19.1&#8243; _module_preset=&#8220;default&#8220; menu_text_color=&#8220;#000000&#8243; menu_font_size=&#8220;15px&#8220; menu_line_height=&#8220;1.1em&#8220; custom_padding=&#8220;10px|10px|10px|10px|true|true&#8220; border_radii=&#8220;on|20px|20px|20px|20px&#8220; border_width_all=&#8220;1px&#8220; border_color_all=&#8220;gcid-40d49141-6cfe-4172-8f4b-f0b28f9a022e&#8220; global_colors_info=&#8220;{%22gcid-40d49141-6cfe-4172-8f4b-f0b28f9a022e%22:%91%22border_color_all%22%93,%22gcid-b7996809-1fa2-4156-b27e-7004cca8b85c%22:%91%22active_link_color%22%93}&#8220;][\/et_pb_menu][\/et_pb_column][et_pb_column type=&#8220;3_4&#8243; specialty_columns=&#8220;3&#8243; _builder_version=&#8220;4.16&#8243; custom_padding=&#8220;|||&#8220; global_colors_info=&#8220;{}&#8220; custom_padding__hover=&#8220;|||&#8220;][et_pb_row_inner _builder_version=&#8220;4.19.1&#8243; _module_preset=&#8220;default&#8220; global_colors_info=&#8220;{}&#8220;][et_pb_column_inner saved_specialty_column_type=&#8220;3_4&#8243; _builder_version=&#8220;4.19.1&#8243; _module_preset=&#8220;default&#8220; global_colors_info=&#8220;{}&#8220;][et_pb_shop show_pagination=&#8220;on&#8220; orderby=&#8220;popularity&#8220; _builder_version=&#8220;4.27.4&#8243; _module_preset=&#8220;default&#8220; price_font=&#8220;|700|||||||&#8220; price_text_color=&#8220;#000000&#8243; price_font_size=&#8220;24px&#8220; global_colors_info=&#8220;{}&#8220;][\/et_pb_shop][\/et_pb_column_inner][\/et_pb_row_inner][\/et_pb_column][\/et_pb_section]<\/p>\n","protected":false},"excerpt":{"rendered":"<p>Objednejte si GPtomZadejte \u00fadaje o va\u0161\u00ed spole\u010dnosti a nez\u00e1vazn\u011b objednejte GP tom. My se V\u00e1m b\u011bhem chv\u00edle ozveme a domluv\u00edme s v\u00e1mi v\u0161e pot\u0159ebn\u00e9. P\u0159ij\u00edmat platby tak budete moci t\u00e9m\u011b\u0159 obratem.Na v\u0161echny nab\u00edzen\u00e9 produkty m\u00e1te po\u0161tovn\u00e9 zdarma.N\u00e1mi nab\u00edzen\u00e9 produkty poch\u00e1z\u00ed od osv\u011bd\u010den\u00fdch v\u00fdrobc\u016f.Nev\u00edte si rady? Napi\u0161te n\u00e1m a my v\u00e1m r\u00e1di porad\u00edme s v\u00fdb\u011brem!<\/p>","protected":false},"author":1,"featured_media":0,"parent":0,"menu_order":0,"comment_status":"closed","ping_status":"closed","template":"","meta":{"_acf_changed":false,"_et_pb_use_builder":"on","_et_pb_old_content":"","_et_gb_content_width":"2880","footnotes":""},"class_list":["post-1031","page","type-page","status-publish","hentry"],"acf":[],"_links":{"self":[{"href":"http:\/\/3.72.214.174\/de\/wp-json\/wp\/v2\/pages\/1031","targetHints":{"allow":["GET"]}}],"collection":[{"href":"http:\/\/3.72.214.174\/de\/wp-json\/wp\/v2\/pages"}],"about":[{"href":"http:\/\/3.72.214.174\/de\/wp-json\/wp\/v2\/types\/page"}],"author":[{"embeddable":true,"href":"http:\/\/3.72.214.174\/de\/wp-json\/wp\/v2\/users\/1"}],"replies":[{"embeddable":true,"href":"http:\/\/3.72.214.174\/de\/wp-json\/wp\/v2\/comments?post=1031"}],"version-history":[{"count":5,"href":"http:\/\/3.72.214.174\/de\/wp-json\/wp\/v2\/pages\/1031\/revisions"}],"predecessor-version":[{"id":257523,"href":"http:\/\/3.72.214.174\/de\/wp-json\/wp\/v2\/pages\/1031\/revisions\/257523"}],"wp:attachment":[{"href":"http:\/\/3.72.214.174\/de\/wp-json\/wp\/v2\/media?parent=1031"}],"curies":[{"name":"wp","href":"https:\/\/api.w.org\/{rel}","templated":true}]}}