{"id":249975,"date":"2022-04-27T15:12:48","date_gmt":"2022-04-27T13:12:48","guid":{"rendered":"https:\/\/www.gptom.com\/?page_id=249975"},"modified":"2022-04-27T15:52:05","modified_gmt":"2022-04-27T13:52:05","slug":"multiuser","status":"publish","type":"page","link":"http:\/\/3.72.214.174\/el\/multiuser\/","title":{"rendered":"V\u00edce \u00fa\u010dt\u016f na jednom za\u0159\u00edzen\u00ed"},"content":{"rendered":"<p>[et_pb_section fb_built=&#8220;1&#8243; _builder_version=&#8220;4.17.2&#8243; _module_preset=&#8220;default&#8220; background_image=&#8220;https:\/\/www.gptom.com\/wp-content\/uploads\/2022\/04\/anton-malanin-VE_pP-V7Dzc-unsplash-scaled.jpg&#8220; background_position=&#8220;top_center&#8220; min_height=&#8220;40em&#8220; global_colors_info=&#8220;{}&#8220;][et_pb_row make_equal=&#8220;on&#8220; _builder_version=&#8220;4.17.2&#8243; _module_preset=&#8220;default&#8220; hover_enabled=&#8220;0&#8243; custom_css_main_element=&#8220;margin: auto auto 0;&#8220; global_colors_info=&#8220;{}&#8220; custom_margin=&#8220;300px||||false|false&#8220; sticky_enabled=&#8220;0&#8243;][et_pb_column type=&#8220;4_4&#8243; _builder_version=&#8220;4.17.2&#8243; _module_preset=&#8220;default&#8220; global_colors_info=&#8220;{}&#8220;][et_pb_text _builder_version=&#8220;4.17.2&#8243; _module_preset=&#8220;default&#8220; text_text_color=&#8220;#FFFFFF&#8220; header_text_align=&#8220;center&#8220; header_text_color=&#8220;#FFFFFF&#8220; header_font_size=&#8220;72px&#8220; custom_margin=&#8220;||-2px|||&#8220; hover_enabled=&#8220;0&#8243; global_colors_info=&#8220;{}&#8220; sticky_enabled=&#8220;0&#8243;]<\/p>\n<h1>Dv\u011b na jednom telefonu?<\/h1>\n<p>[\/et_pb_text][et_pb_image src=&#8220;https:\/\/www.gptom.com\/wp-content\/uploads\/2022\/04\/vyreseno_cz_white.png&#8220; title_text=&#8220;vyreseno_cz_white&#8220; _builder_version=&#8220;4.17.2&#8243; _module_preset=&#8220;default&#8220; width=&#8220;20%&#8220; module_alignment=&#8220;center&#8220; global_colors_info=&#8220;{}&#8220;][\/et_pb_image][\/et_pb_column][\/et_pb_row][\/et_pb_section][et_pb_section fb_built=&#8220;1&#8243; _builder_version=&#8220;4.17.2&#8243; _module_preset=&#8220;default&#8220; global_colors_info=&#8220;{}&#8220;][et_pb_row column_structure=&#8220;1_2,1_2&#8243; _builder_version=&#8220;4.17.2&#8243; _module_preset=&#8220;default&#8220; global_colors_info=&#8220;{}&#8220;][et_pb_column type=&#8220;1_2&#8243; _builder_version=&#8220;4.17.2&#8243; _module_preset=&#8220;default&#8220; global_colors_info=&#8220;{}&#8220;][et_pb_image src=&#8220;https:\/\/www.gptom.com\/wp-content\/uploads\/2022\/04\/screenshot_2021-12-27-16-15-16-911_com.globalpayments.atom_.dev-2.jpg&#8220; title_text=&#8220;screenshot_2021-12-27-16-15-16-911_com.globalpayments.atom.dev-2&#8243; align=&#8220;center&#8220; _builder_version=&#8220;4.17.2&#8243; _module_preset=&#8220;default&#8220; module_alignment=&#8220;center&#8220; max_height=&#8220;400px&#8220; border_radii=&#8220;on|20px|20px|20px|20px&#8220; border_width_all=&#8220;5px&#8220; border_color_all=&#8220;gcid-4c58a40f-917e-42df-9b5b-7273365740ec&#8220; box_shadow_style=&#8220;preset1&#8243; global_colors_info=&#8220;{%22gcid-4c58a40f-917e-42df-9b5b-7273365740ec%22:%91%22border_color_all%22%93}&#8220;][\/et_pb_image][\/et_pb_column][et_pb_column type=&#8220;1_2&#8243; _builder_version=&#8220;4.17.2&#8243; _module_preset=&#8220;default&#8220; global_colors_info=&#8220;{}&#8220;][et_pb_text _builder_version=&#8220;4.17.2&#8243; _module_preset=&#8220;default&#8220; text_font=&#8220;GP commerce Bold||||||||&#8220; text_font_size=&#8220;24px&#8220; custom_padding=&#8220;10px||10px||false|false&#8220; global_colors_info=&#8220;{}&#8220;]<\/p>\n<h1>Neomezen\u011b \u00fa\u010dt\u016f na jednom za\u0159\u00edzen\u00ed<\/h1>\n<p>[\/et_pb_text][et_pb_text _builder_version=&#8220;4.17.2&#8243; _module_preset=&#8220;default&#8220; global_colors_info=&#8220;{}&#8220;]<\/p>\n<p>V aplikaci m\u016f\u017eete pou\u017e\u00edvat neomezen\u011b \u00fa\u010dt\u016f na jednom za\u0159\u00edzen\u00ed, co\u017e na\u0161e konkurence nenab\u00edz\u00ed. Sta\u010d\u00ed se v\u017edy p\u0159ihl\u00e1sit pod dan\u00fdm \u00fa\u010dtem a cel\u00fd profil se V\u00e1m automaticky st\u00e1hne a m\u016f\u017eete ihned pracovat.\u00a0<\/p>\n<p>[\/et_pb_text][et_pb_text ul_type=&#8220;none&#8220; ul_position=&#8220;inside&#8220; module_class=&#8220;custom_bullets_wpcc custom_bullets_wpcc&#8211;check&#8220; _builder_version=&#8220;4.17.2&#8243; _module_preset=&#8220;default&#8220; hover_enabled=&#8220;0&#8243; global_colors_info=&#8220;{}&#8220; sticky_enabled=&#8220;0&#8243;]<\/p>\n<ul>\n<li>nepot\u0159ebujete v\u00edc za\u0159\u00edzen\u00ed<\/li>\n<li>v\u0161e m\u00e1te v jedn\u00e9 aplikaci<\/li>\n<li>jednoduch\u00e1 obsluha<\/li>\n<li>historie pro v\u0161echny \u00fa\u010dty<\/li>\n<\/ul>\n<p>[\/et_pb_text][\/et_pb_column][\/et_pb_row][\/et_pb_section][et_pb_section fb_built=&#8220;1&#8243; theme_builder_area=&#8220;post_content&#8220; _builder_version=&#8220;4.17.2&#8243; _module_preset=&#8220;default&#8220; global_colors_info=&#8220;{%22gcid-4c58a40f-917e-42df-9b5b-7273365740ec%22:%91%22background_color%22%93}&#8220; background_color=&#8220;gcid-4c58a40f-917e-42df-9b5b-7273365740ec&#8220; hover_enabled=&#8220;0&#8243; sticky_enabled=&#8220;0&#8243;][et_pb_row _builder_version=&#8220;4.17.2&#8243; _module_preset=&#8220;default&#8220; custom_padding=&#8220;||0px|||&#8220; global_colors_info=&#8220;{}&#8220; theme_builder_area=&#8220;post_content&#8220;][et_pb_column type=&#8220;4_4&#8243; _builder_version=&#8220;4.17.2&#8243; _module_preset=&#8220;default&#8220; global_colors_info=&#8220;{}&#8220; theme_builder_area=&#8220;post_content&#8220;][et_pb_text _builder_version=&#8220;4.17.2&#8243; _module_preset=&#8220;default&#8220; text_font=&#8220;GP commerce Bold||||||||&#8220; text_font_size=&#8220;24px&#8220; header_text_align=&#8220;center&#8220; header_text_color=&#8220;gcid-b7996809-1fa2-4156-b27e-7004cca8b85c&#8220; custom_padding=&#8220;10px||10px||false|false&#8220; global_colors_info=&#8220;{%22gcid-b7996809-1fa2-4156-b27e-7004cca8b85c%22:%91%22header_text_color%22%93}&#8220; theme_builder_area=&#8220;post_content&#8220;]<\/p>\n<h1>Kde se to m\u016f\u017ee hodit?<\/h1>\n<p>[\/et_pb_text][\/et_pb_column][\/et_pb_row][et_pb_row column_structure=&#8220;1_3,1_3,1_3&#8243; _builder_version=&#8220;4.17.2&#8243; _module_preset=&#8220;default&#8220; global_colors_info=&#8220;{}&#8220; theme_builder_area=&#8220;post_content&#8220;][et_pb_column type=&#8220;1_3&#8243; _builder_version=&#8220;4.17.2&#8243; _module_preset=&#8220;default&#8220; global_colors_info=&#8220;{}&#8220; theme_builder_area=&#8220;post_content&#8220;][et_pb_blurb title=&#8220;Taxik\u00e1\u0159i&#8220; image=&#8220;https:\/\/www.gptom.com\/wp-content\/uploads\/2022\/04\/waldemar-brandt-kYbYIWdJRh0-unsplash-scaled.jpg&#8220; _builder_version=&#8220;4.17.2&#8243; _module_preset=&#8220;default&#8220; custom_padding=&#8220;||||false|false&#8220; hover_enabled=&#8220;0&#8243; global_colors_info=&#8220;{}&#8220; theme_builder_area=&#8220;post_content&#8220; background_enable_color=&#8220;off&#8220; sticky_enabled=&#8220;0&#8243;]<\/p>\n<p>Jezd\u00edte pro v\u00edce spole\u010dnost\u00ed a ve\u010der na sebe? Pak se sta\u010d\u00ed v\u017edy p\u0159ihl\u00e1sit pod dan\u00fd \u00fa\u010det a podle toho v\u00e1m budeme p\u0159ipisovat pen\u00edze za transakce. A to v\u0161e na jednom telefonu.<\/p>\n<p>[\/et_pb_blurb][\/et_pb_column][et_pb_column type=&#8220;1_3&#8243; _builder_version=&#8220;4.17.2&#8243; _module_preset=&#8220;default&#8220; global_colors_info=&#8220;{}&#8220; theme_builder_area=&#8220;post_content&#8220;][et_pb_blurb title=&#8220;Kade\u0159nictv\u00ed&#8220; image=&#8220;https:\/\/www.gptom.com\/wp-content\/uploads\/2022\/04\/jonathan-weiss-arxAZJT5k2A-unsplash-scaled.jpg&#8220; _builder_version=&#8220;4.17.2&#8243; _module_preset=&#8220;default&#8220; global_colors_info=&#8220;{}&#8220; theme_builder_area=&#8220;post_content&#8220;]<\/p>\n<p>Jste v sal\u00f3nu, kde ka\u017ed\u00fd kade\u0159n\u00edk \u010di kade\u0159nice pracuje na svou spole\u010dnost? M\u016f\u017eete pou\u017e\u00edvat jeden telefon a jen se v\u017edy p\u0159ihl\u00e1sit pod sv\u00fdm \u00fa\u010dtem, p\u0159ijmout platbu a druh\u00fd den m\u00e1te pen\u00edze na va\u0161em \u00fa\u010dtu.<\/p>\n<p>[\/et_pb_blurb][\/et_pb_column][et_pb_column type=&#8220;1_3&#8243; _builder_version=&#8220;4.17.2&#8243; _module_preset=&#8220;default&#8220; global_colors_info=&#8220;{}&#8220; theme_builder_area=&#8220;post_content&#8220;][et_pb_blurb title=&#8220;Kdekoliv jinde&#8220; image=&#8220;https:\/\/www.gptom.com\/wp-content\/uploads\/2022\/04\/sigmund-JNFgq6ZwRlA-unsplash-scaled.jpg&#8220; _builder_version=&#8220;4.17.2&#8243; _module_preset=&#8220;default&#8220; global_colors_info=&#8220;{}&#8220; theme_builder_area=&#8220;post_content&#8220;]<\/p>\n<p>Tuto slu\u017ebu m\u016f\u017eete vyu\u017e\u00edt v jak\u00e9mkoliv oboru, kde pot\u0159ebujete p\u0159ij\u00edmat platby na v\u00edce bankovn\u00edch \u00fa\u010dt\u016f. Sta\u010d\u00ed pou\u017e\u00edvat v\u00edce \u00fa\u010dt\u016f a pen\u00edze v\u017edy p\u016fjdou tam, kam maj\u00ed.<\/p>\n<p>[\/et_pb_blurb][\/et_pb_column][\/et_pb_row][\/et_pb_section][et_pb_section fb_built=&#8220;1&#8243; theme_builder_area=&#8220;post_content&#8220; _builder_version=&#8220;4.17.2&#8243; _module_preset=&#8220;default&#8220; global_colors_info=&#8220;{%22gcid-b7996809-1fa2-4156-b27e-7004cca8b85c%22:%91%22background_color%22%93}&#8220; background_color=&#8220;gcid-b7996809-1fa2-4156-b27e-7004cca8b85c&#8220; hover_enabled=&#8220;0&#8243; sticky_enabled=&#8220;0&#8243; custom_padding=&#8220;28px||11px|||&#8220;][et_pb_row _builder_version=&#8220;4.17.2&#8243; _module_preset=&#8220;default&#8220; theme_builder_area=&#8220;post_content&#8220; column_structure=&#8220;1_2,1_2&#8243;][et_pb_column _builder_version=&#8220;4.17.2&#8243; _module_preset=&#8220;default&#8220; type=&#8220;1_2&#8243; theme_builder_area=&#8220;post_content&#8220;][et_pb_text _builder_version=&#8220;4.17.2&#8243; _module_preset=&#8220;default&#8220; text_font=&#8220;GP commerce Bold||||||||&#8220; text_font_size=&#8220;24px&#8220; custom_padding=&#8220;10px||10px||false|false&#8220; hover_enabled=&#8220;0&#8243; global_colors_info=&#8220;{}&#8220; theme_builder_area=&#8220;post_content&#8220; text_orientation=&#8220;right&#8220; sticky_enabled=&#8220;0&#8243; header_font_size=&#8220;48px&#8220;]<\/p>\n<h1>Za\u010dn\u011bte<\/h1>\n<h1>te\u010f!<\/h1>\n<p>[\/et_pb_text][\/et_pb_column][et_pb_column _builder_version=&#8220;4.17.2&#8243; _module_preset=&#8220;default&#8220; type=&#8220;1_2&#8243; theme_builder_area=&#8220;post_content&#8220;][et_pb_contact_form _builder_version=&#8220;4.17.2&#8243; _module_preset=&#8220;default&#8220; _unique_id=&#8220;0ed5e704-07a3-4b7a-9a62-57a973d72549&#8243; theme_builder_area=&#8220;post_content&#8220; success_message=&#8220;Va\u0161e kontaktn\u00ed \u00fadaje byly \u00fasp\u011b\u0161n\u011b odesl\u00e1ny!&#8220; submit_button_text=&#8220;ODESLAT&#8220; email=&#8220;rbryx@globalpayments.cz&#8220; custom_message=&#8220;Vypln\u011bn kontaktn\u00ed formul\u00e1\u0159 na lead&#8220; custom_button=&#8220;on&#8220; global_colors_info=&#8220;{%22gcid-b7996809-1fa2-4156-b27e-7004cca8b85c%22:%91%22button_text_color%22%93}&#8220; button_text_color=&#8220;gcid-b7996809-1fa2-4156-b27e-7004cca8b85c&#8220; button_bg_color=&#8220;#000000&#8243; button_bg_enable_color=&#8220;on&#8220; button_text_size=&#8220;13px&#8220; button_border_radius=&#8220;20px&#8220; button_font=&#8220;GP commerce Regular||||||||&#8220; button_use_icon=&#8220;off&#8220; hover_enabled=&#8220;0&#8243; sticky_enabled=&#8220;0&#8243;][et_pb_contact_field field_id=&#8220;Name&#8220; field_title=&#8220;n\u00e1zev spole\u010dnosti&#8220; _builder_version=&#8220;4.17.2&#8243; hover_enabled=&#8220;0&#8243; border_radii=&#8220;on|20px|20px|20px|20px&#8220; global_colors_info=&#8220;{}&#8220; button_text_size__hover_enabled=&#8220;off&#8220; button_one_text_size__hover_enabled=&#8220;off&#8220; button_two_text_size__hover_enabled=&#8220;off&#8220; button_text_color__hover_enabled=&#8220;off&#8220; button_one_text_color__hover_enabled=&#8220;off&#8220; button_two_text_color__hover_enabled=&#8220;off&#8220; button_border_width__hover_enabled=&#8220;off&#8220; button_one_border_width__hover_enabled=&#8220;off&#8220; button_two_border_width__hover_enabled=&#8220;off&#8220; button_border_color__hover_enabled=&#8220;off&#8220; button_one_border_color__hover_enabled=&#8220;off&#8220; button_two_border_color__hover_enabled=&#8220;off&#8220; button_border_radius__hover_enabled=&#8220;off&#8220; button_one_border_radius__hover_enabled=&#8220;off&#8220; button_two_border_radius__hover_enabled=&#8220;off&#8220; button_letter_spacing__hover_enabled=&#8220;off&#8220; button_one_letter_spacing__hover_enabled=&#8220;off&#8220; button_two_letter_spacing__hover_enabled=&#8220;off&#8220; button_bg_color__hover_enabled=&#8220;off&#8220; button_one_bg_color__hover_enabled=&#8220;off&#8220; button_two_bg_color__hover_enabled=&#8220;off&#8220; theme_builder_area=&#8220;post_content&#8220; sticky_enabled=&#8220;0&#8243;][\/et_pb_contact_field][et_pb_contact_field field_id=&#8220;ic&#8220; field_title=&#8220;zadejte I\u010c&#8220; field_type=&#8220;email&#8220; _builder_version=&#8220;4.17.2&#8243; hover_enabled=&#8220;0&#8243; border_radii=&#8220;on|20px|20px|20px|20px&#8220; global_colors_info=&#8220;{}&#8220; button_text_size__hover_enabled=&#8220;off&#8220; button_one_text_size__hover_enabled=&#8220;off&#8220; button_two_text_size__hover_enabled=&#8220;off&#8220; button_text_color__hover_enabled=&#8220;off&#8220; button_one_text_color__hover_enabled=&#8220;off&#8220; button_two_text_color__hover_enabled=&#8220;off&#8220; button_border_width__hover_enabled=&#8220;off&#8220; button_one_border_width__hover_enabled=&#8220;off&#8220; button_two_border_width__hover_enabled=&#8220;off&#8220; button_border_color__hover_enabled=&#8220;off&#8220; button_one_border_color__hover_enabled=&#8220;off&#8220; button_two_border_color__hover_enabled=&#8220;off&#8220; button_border_radius__hover_enabled=&#8220;off&#8220; button_one_border_radius__hover_enabled=&#8220;off&#8220; button_two_border_radius__hover_enabled=&#8220;off&#8220; button_letter_spacing__hover_enabled=&#8220;off&#8220; button_one_letter_spacing__hover_enabled=&#8220;off&#8220; button_two_letter_spacing__hover_enabled=&#8220;off&#8220; button_bg_color__hover_enabled=&#8220;off&#8220; button_one_bg_color__hover_enabled=&#8220;off&#8220; button_two_bg_color__hover_enabled=&#8220;off&#8220; theme_builder_area=&#8220;post_content&#8220; sticky_enabled=&#8220;0&#8243;][\/et_pb_contact_field][et_pb_contact_field _builder_version=&#8220;4.17.2&#8243; _module_preset=&#8220;default&#8220; theme_builder_area=&#8220;post_content&#8220; border_radii=&#8220;on|20px|20px|20px|20px&#8220; field_title=&#8220;zadejte email&#8220; hover_enabled=&#8220;0&#8243; sticky_enabled=&#8220;0&#8243; field_id=&#8220;email&#8220;][\/et_pb_contact_field][et_pb_contact_field _builder_version=&#8220;4.17.2&#8243; _module_preset=&#8220;default&#8220; theme_builder_area=&#8220;post_content&#8220; hover_enabled=&#8220;0&#8243; sticky_enabled=&#8220;0&#8243; field_id=&#8220;telefon&#8220; field_title=&#8220;zadejte telefon&#8220; border_radii=&#8220;on|20px|20px|20px|20px&#8220;][\/et_pb_contact_field][\/et_pb_contact_form][\/et_pb_column][\/et_pb_row][\/et_pb_section]<\/p>\n","protected":false},"excerpt":{"rendered":"<p>Dv\u011b na jednom telefonu?Neomezen\u011b \u00fa\u010dt\u016f na jednom za\u0159\u00edzen\u00edV aplikaci m\u016f\u017eete pou\u017e\u00edvat neomezen\u011b \u00fa\u010dt\u016f na jednom za\u0159\u00edzen\u00ed, co\u017e na\u0161e konkurence nenab\u00edz\u00ed. Sta\u010d\u00ed se v\u017edy p\u0159ihl\u00e1sit pod dan\u00fdm \u00fa\u010dtem a cel\u00fd profil se V\u00e1m automaticky st\u00e1hne a m\u016f\u017eete ihned pracovat.\u00a0 nepot\u0159ebujete v\u00edc za\u0159\u00edzen\u00ed v\u0161e m\u00e1te v jedn\u00e9 aplikaci jednoduch\u00e1 obsluha historie pro v\u0161echny \u00fa\u010dty Kde se to [&hellip;]<\/p>\n","protected":false},"author":1,"featured_media":0,"parent":0,"menu_order":0,"comment_status":"closed","ping_status":"closed","template":"","meta":{"_acf_changed":false,"_et_pb_use_builder":"on","_et_pb_old_content":"","_et_gb_content_width":"","footnotes":""},"class_list":["post-249975","page","type-page","status-publish","hentry"],"acf":[],"_links":{"self":[{"href":"http:\/\/3.72.214.174\/el\/wp-json\/wp\/v2\/pages\/249975","targetHints":{"allow":["GET"]}}],"collection":[{"href":"http:\/\/3.72.214.174\/el\/wp-json\/wp\/v2\/pages"}],"about":[{"href":"http:\/\/3.72.214.174\/el\/wp-json\/wp\/v2\/types\/page"}],"author":[{"embeddable":true,"href":"http:\/\/3.72.214.174\/el\/wp-json\/wp\/v2\/users\/1"}],"replies":[{"embeddable":true,"href":"http:\/\/3.72.214.174\/el\/wp-json\/wp\/v2\/comments?post=249975"}],"version-history":[{"count":2,"href":"http:\/\/3.72.214.174\/el\/wp-json\/wp\/v2\/pages\/249975\/revisions"}],"predecessor-version":[{"id":250006,"href":"http:\/\/3.72.214.174\/el\/wp-json\/wp\/v2\/pages\/249975\/revisions\/250006"}],"wp:attachment":[{"href":"http:\/\/3.72.214.174\/el\/wp-json\/wp\/v2\/media?parent=249975"}],"curies":[{"name":"wp","href":"https:\/\/api.w.org\/{rel}","templated":true}]}}