{"id":414,"date":"2022-04-08T22:03:00","date_gmt":"2022-04-08T20:03:00","guid":{"rendered":"https:\/\/www.gptom.com\/?page_id=414"},"modified":"2022-04-08T22:03:00","modified_gmt":"2022-04-08T20:03:00","slug":"podminky-pouzivani-stranek","status":"publish","type":"page","link":"http:\/\/3.72.214.174\/el\/podminky-pouzivani-stranek\/","title":{"rendered":"\u038c\u03c1\u03bf\u03b9 \u03c7\u03c1\u03ae\u03c3\u03b7\u03c2 \u03c4\u03bf\u03c5 \u03b9\u03c3\u03c4\u03cc\u03c4\u03bf\u03c0\u03bf\u03c5"},"content":{"rendered":"<p>[et_pb_section fb_built=&#8220;1&#8243; theme_builder_area=&#8220;post_content&#8220; _builder_version=&#8220;4.16.1&#8243; _module_preset=&#8220;default&#8220;][et_pb_row _builder_version=&#8220;4.16.1&#8243; _module_preset=&#8220;default&#8220; theme_builder_area=&#8220;post_content&#8220; hover_enabled=&#8220;0&#8243; sticky_enabled=&#8220;0&#8243;][et_pb_column _builder_version=&#8220;4.16.1&#8243; _module_preset=&#8220;default&#8220; type=&#8220;4_4&#8243; theme_builder_area=&#8220;post_content&#8220;][et_pb_text _builder_version=&#8220;4.16.1&#8243; _module_preset=&#8220;default&#8220; theme_builder_area=&#8220;post_content&#8220; hover_enabled=&#8220;0&#8243; sticky_enabled=&#8220;0&#8243;]<\/p>\n<h3 class=\"font_3\"><span><span class=\"color_15\">Upozorn\u011bn\u00ed<\/span><\/span><\/h3>\n<p class=\"font_8\"><span class=\"color_15\"><span>Pros\u00edm, p\u0159e\u010dt\u011bte si pozorn\u011b n\u00e1sleduj\u00edc\u00ed podm\u00ednky. N\u00e1v\u0161t\u011bvou t\u011bchto internetov\u00fdch str\u00e1nek a jejich libovoln\u00e9 \u010d\u00e1sti souhlas\u00edte s t\u00edm, \u017ee jste povinni dodr\u017eovat n\u00ed\u017ee uveden\u00e9 podm\u00ednky. Pokud s podm\u00ednkami, kter\u00e9 jsou up\u0159esn\u011bny n\u00ed\u017ee, nesouhlas\u00edte, nepou\u017e\u00edvejte pros\u00edm tyto str\u00e1nky ani \u017e\u00e1dnou jejich \u010d\u00e1st.<\/span><\/span><\/p>\n<p class=\"font_8\"><span class=\"color_15\"><span>Copyright\u00a9Global Payments Inc. V\u0161echna pr\u00e1va vyhrazena.<\/span><\/span><\/p>\n<p class=\"font_8\">\n<p class=\"font_8\"><span><span class=\"color_15\">Pr\u00e1va du\u0161evn\u00edho vlastnictv\u00ed<\/span><\/span><\/p>\n<p class=\"font_8\"><span class=\"color_15\"><span>Autorsk\u00e1 pr\u00e1va ke str\u00e1nk\u00e1m, k jejich zobrazen\u00ed a k informac\u00edm a materi\u00e1l\u016fm uv\u00e1d\u011bn\u00fdm na str\u00e1nk\u00e1ch i k jejich uspo\u0159\u00e1d\u00e1n\u00ed vlastn\u00ed spole\u010dnost Global Payments Inc., nen\u00ed-li uvedeno jinak. Ochrann\u00e9 zn\u00e1mky, loga a zna\u010dky slu\u017eeb zobrazen\u00e9 na t\u011bchto internetov\u00fdch str\u00e1nk\u00e1ch jsou vlastnictv\u00edm spole\u010dnosti Global Payments, jej\u00edch p\u0159idru\u017een\u00fdch subjekt\u016f, dce\u0159in\u00fdch spole\u010dnost\u00ed a dal\u0161\u00edch stran. \u017d\u00e1dn\u00e1 ze skute\u010dnost\u00ed uveden\u00fdch na t\u011bchto str\u00e1nk\u00e1ch nesm\u00ed b\u00fdt vykl\u00e1d\u00e1na jako ud\u011blen\u00ed jak\u00e9koli licence nebo pr\u00e1va pou\u017e\u00edvat libovolnou ochrannou zn\u00e1mku, logo nebo zna\u010dku slu\u017eeb, kter\u00e9 jsou zmi\u0148ovan\u00e9 na t\u011bchto str\u00e1nk\u00e1ch bez p\u0159edchoz\u00edho p\u00edsemn\u00e9ho svolen\u00ed vlastn\u00edka takov\u00e9 zna\u010dky nebo zn\u00e1mky. Ve\u0161ker\u00e9 informace a obsah v\u010detn\u011b v\u0161ech p\u0159\u00edpadn\u00fdch softwarov\u00fdch program\u016f, kter\u00e9 jsou na t\u011bchto str\u00e1nk\u00e1ch k dispozici, jsou chr\u00e1n\u011bny autorsk\u00fdmi pr\u00e1vy. U\u017eivatel\u00e9 t\u011bchto str\u00e1nek maj\u00ed zak\u00e1z\u00e1no upravovat jak\u00e9koli informace a obsah uveden\u00fd na str\u00e1nk\u00e1ch, kop\u00edrovat je, \u0161\u00ed\u0159it, p\u0159en\u00e1\u0161et, zobrazovat, zve\u0159ej\u0148ovat, prod\u00e1vat, ud\u011blovat k nim licence, vytv\u00e1\u0159et d\u00edla z nich odvozen\u00e1 nebo je jinak vyu\u017e\u00edvat ke komer\u010dn\u00edm, ve\u0159ejn\u00fdm a dal\u0161\u00edm neopr\u00e1vn\u011bn\u00fdm \u00fa\u010del\u016fm..<\/span><\/span><\/p>\n<p class=\"font_8\">\n<p class=\"font_8\"><span><span class=\"color_15\">Pou\u017eit\u00ed informac\u00ed a materi\u00e1l\u016f<\/span><\/span><\/p>\n<p class=\"font_8\"><span class=\"color_15\"><span>Informace a materi\u00e1ly obsa\u017een\u00e9 na t\u011bchto str\u00e1nk\u00e1ch a n\u00ed\u017ee vymezen\u00e9 podm\u00ednky jejich pou\u017e\u00edv\u00e1n\u00ed se mohou bez p\u0159edchoz\u00edho upozorn\u011bn\u00ed zm\u011bnit. Je p\u0159\u00edsn\u011b zak\u00e1z\u00e1no pou\u017e\u00edvat internetov\u00e9 str\u00e1nky a syst\u00e9my spole\u010dnosti Global Payments neopr\u00e1vn\u011bn\u00fdm zp\u016fsobem, v\u010detn\u011b, mimo jin\u00e9, neopr\u00e1vn\u011bn\u00e9ho vstupu do syst\u00e9m\u016f spole\u010dnosti Global Payments, zneu\u017eit\u00ed hesel nebo zneu\u017eit\u00ed libovoln\u00fdch informac\u00ed, kter\u00e9 jsou na str\u00e1nk\u00e1ch uve\u0159ejn\u011bny. Ne v\u0161echny produkty a slu\u017eby jsou dostupn\u00e9 ve v\u0161ech zem\u011bpisn\u00fdch oblastech. Dostupnost konkr\u00e9tn\u00edch produkt\u016f a slu\u017eeb mus\u00ed b\u00fdt s kone\u010dnou platnost\u00ed potvrzena spole\u010dnost\u00ed Global Payments \u010di jej\u00edmi p\u0159idru\u017een\u00fdmi subjekty.<\/span><\/span><\/p>\n<p class=\"font_8\">\n<p class=\"font_8\"><span><span class=\"color_15\">Odkazy<\/span><\/span><\/p>\n<p class=\"font_8\"><span class=\"color_15\"><span>TYTO INTERNETOV\u00c9 STR\u00c1NKY MOHOU OBSAHOVAT ODKAZY NA WEBOV\u00c9 STR\u00c1NKY OVL\u00c1DAN\u00c9 NEBO NAB\u00cdZEN\u00c9 T\u0158ET\u00cdMI STRANAMI, KTER\u00c9 NEJSOU P\u0158IDRU\u017dEN\u00ddMI SUBJEKTY SPOLE\u010cNOSTI GLOBAL PAYMENTS. SPOLE\u010cNOST GLOBAL PAYMENTS T\u00cdMTO ODM\u00cdT\u00c1 VE\u0160KEROU ODPOV\u011aDNOST ZA VE\u0160KER\u00c9 INFORMACE, MATERI\u00c1LY, PRODUKTY NEBO SLU\u017dBY UVE\u0158EJN\u011aN\u00c9 NEBO NAB\u00cdZEN\u00c9 NA LIBOVOLN\u00ddCH INTERNETOV\u00ddCH STR\u00c1NK\u00c1CH T\u0158ET\u00cdCH STRAN. SPOLE\u010cNOST GLOBAL PAYMENTS NEOV\u011a\u0158UJE A NESCHVALUJE \u017d\u00c1DN\u00c9 INFORMACE, ANI NEDOPORU\u010cUJE \u017d\u00c1DN\u00c9 PRODUKTY NEBO SLU\u017dBY NAB\u00cdZEN\u00c9 NA LIBOVOLN\u00ddCH WEBOV\u00ddCH STR\u00c1NK\u00c1CH T\u0158ET\u00cdCH STRAN, ANI NENESE ODPOV\u011aDNOST ZA \u017d\u00c1DN\u00c9 NEDOSTATKY NEBO NEFUNK\u010cNOST PRODUKT\u016e NEBO SLU\u017dEB NAB\u00cdZEN\u00ddCH NEBO PROPAGOVAN\u00ddCH NA LIBOVOLN\u00ddCH INTERNETOV\u00ddCH STR\u00c1NK\u00c1CH T\u0158ET\u00cd STRANY. SPOLE\u010cNOST GLOBAL PAYMENTS NENESE ODPOV\u011aDNOST ZA OBSAH UVE\u0158EJN\u011aN\u00dd NA TAKOV\u00ddCH LIBOVOLN\u00ddCH STR\u00c1NK\u00c1CH T\u0158ET\u00cd STRANY. TATO T\u0158ET\u00cd STRANA M\u016e\u017dE M\u00cdT ZAVEDENA PRAVIDLA T\u00ddKAJ\u00cdC\u00cd SE OCHRANY INFORMAC\u00cd, KTER\u00c1 SE LI\u0160\u00cd OD PRAVIDEL SPOLE\u010cNOSTI GLOBAL PAYMENTS, A INTERNETOV\u00c9 STR\u00c1NKY T\u0158ET\u00cd STRANY MOHOU B\u00ddT ZABEZPE\u010cENY V ROZSAHU MEN\u0160\u00cdM, NE\u017d V JAK\u00c9M JE ZAJI\u0160T\u011aNO BEZPE\u010c\u00cd NA STR\u00c1NK\u00c1CH SPOLE\u010cNOSTI GLOBAL PAYMENTS.<\/span><\/span><\/p>\n<p class=\"font_8\">\n<p class=\"font_8\"><span><span class=\"color_15\">Z\u00e1ruka<\/span><\/span><\/p>\n<p class=\"font_8\"><span class=\"color_15\"><span>INFORMACE A MATERI\u00c1LY OBSA\u017dEN\u00c9 NA T\u011aCHTO INTERNETOV\u00ddCH STR\u00c1NK\u00c1CH, V\u010cETN\u011a TEXT\u016e, GRAFIKY, ODKAZ\u016e NEBO DAL\u0160\u00cdCH POLO\u017dEK, JSOU POSKYTOV\u00c1NY VE STAVU V JAK\u00c9M JSOU A V N\u011aM\u017d JSOU K DISPOZICI. SPOLE\u010cNOST GLOBAL PAYMENTS NEZARU\u010cUJE SPR\u00c1VNOST, VHODNOST ANI \u00daPLNOST TAKOV\u00ddCH INFORMAC\u00cd A MATERI\u00c1L\u016e A V\u00ddSLOVN\u011a SE Z\u0158\u00cdK\u00c1 ODPOV\u011aDNOSTI ZA CHYBY NEBO OPOMENUT\u00cd VE VZTAHU K T\u011aMTO INFORMAC\u00cdM A MATERI\u00c1L\u016eM. VE SPOJITOSTI S INFORMACEMI A MATERI\u00c1LY, KTER\u00c9 JSOU K DISPOZICI NA T\u011aCHTO STR\u00c1NK\u00c1CH, NEN\u00cd POSKYTOV\u00c1NA \u017d\u00c1DN\u00c1 Z\u00c1RUKA JAK\u00c9HOKOLI DRUHU, A\u0164 JI\u017d NAZNA\u010cEN\u00c1, V\u00ddSLOVN\u00c1 NEBO VYPL\u00ddVAJ\u00cdC\u00cd ZE Z\u00c1KONA, V\u010cETN\u011a, MIMO JIN\u00c9, GARANCE TOHO, \u017dE NEDO\u0160LO A NEDOCH\u00c1Z\u00cd K PORU\u0160EN\u00cd PR\u00c1V T\u0158ET\u00cdCH STRAN NEBO VLASTNICK\u00c9HO PR\u00c1VA, Z\u00c1RUKY OBCHODOVATELNOSTI, VHODNOSTI K UR\u010cIT\u00c9MU \u00da\u010cELU A ABSENCE PO\u010c\u00cdTA\u010cOV\u00ddCH VIR\u016e. SPOLE\u010cNOST GLOBAL PAYMENTS NENESE \u017d\u00c1DNOU ODPOV\u011aDNOST ZA JAK\u00c9KOLI CHYBY NEBO OPOMENUT\u00cd V OBSAHU UVEDEN\u00c9M NA T\u011aCHTO STR\u00c1NK\u00c1CH. NEM\u011aLI BYSTE JEDNAT NA Z\u00c1KLAD\u011a INFORMAC\u00cd NEBO MATERI\u00c1L\u016e UVEDEN\u00ddCH NA T\u011aCHTO STR\u00c1NK\u00c1CH A SPOL\u00c9HAT SE NA N\u011a, ZEJM\u00c9NA VE SPOJITOSTI S P\u0158IJ\u00cdM\u00c1N\u00cdM INVESTI\u010cN\u00cdCH ROZHODNUT\u00cd. P\u0158ED T\u00cdM, NE\u017d PODNIKNETE JAK\u00c9KOLI KROKY, NE\u017d BUDETE VYCH\u00c1ZET Z T\u011aCHTO INFORMAC\u00cd NEBO MATERI\u00c1L\u016e NEBO NE\u017d VE SPOJITOSTI S T\u011aMITO INFORMACEMI NEBO MATERI\u00c1LY P\u0158IJMETE INVESTI\u010cN\u00cd ROZHODNUT\u00cd, MUS\u00cdTE SI SAMI OV\u011a\u0158IT SPR\u00c1VNOST V\u0160ECH T\u011aCHTO INFORMAC\u00cd A MATERI\u00c1L\u016e.<\/span><\/span><\/p>\n<p class=\"font_8\">\n<p class=\"font_8\"><span><span class=\"color_15\">Omezen\u00ed odpov\u011bdnosti<\/span><\/span><\/p>\n<p class=\"font_8\"><span class=\"color_15\"><span>SPOLE\u010cNOST GLOBAL PAYMENTS V \u017d\u00c1DN\u00c9M P\u0158\u00cdPAD\u011a NEODPOV\u00cdD\u00c1 ZA \u017d\u00c1DN\u00c9 \u0160KODY, V\u010cETN\u011a, MIMO JIN\u00c9, P\u0158\u00cdM\u00ddCH NEBO NEP\u0158\u00cdM\u00ddCH, ZVL\u00c1\u0160TN\u00cdCH, N\u00c1HODN\u00ddCH NEBO N\u00c1SLEDN\u00ddCH \u0160KOD, ZTR\u00c1T NEBO V\u00ddDAJ\u016e, KTER\u00c9 VZNIKNOU VE SPOJITOSTI S T\u011aMITO INTERNETOV\u00ddMI STR\u00c1NKAMI NEBO S LIBOVOLN\u00ddMI PROPOJEN\u00ddMI STR\u00c1NKAMI, S POU\u017dIT\u00cdM T\u011aCHTO STR\u00c1NEK NEBO STR\u00c1NEK PROPOJEN\u00ddCH, S NEMO\u017dNOST\u00cd POU\u017d\u00cdT LIBOVOLN\u00c9 STR\u00c1NKY NEBO V SOUVISLOSTI S LIBOVOLN\u00ddM SELH\u00c1N\u00cdM NEBO PLN\u011aN\u00cdM, CHYBOU, OPOMENUT\u00cdM, P\u0158ERU\u0160EN\u00cdM, Z\u00c1VADOU, ZPO\u017dD\u011aN\u00cdM P\u0158I PROVOZU NEBO P\u0158ENOSU, S PO\u010c\u00cdTA\u010cOV\u00ddM VIREM NEBO SE SELH\u00c1N\u00cdM LINEK NEBO SYST\u00c9MU, A TO I V P\u0158\u00cdPAD\u011a, \u017dE SPOLE\u010cNOST GLOBAL PAYMENTS NEBO JEJ\u00cd Z\u00c1STUPCI JSOU NA MO\u017dNOST VZNIKU TAKOV\u00c9 \u0160KODY, ZTR\u00c1TY NEBO V\u00ddDAJ\u016e UPOZORN\u011aNI.<\/span><\/span><\/p>\n<p class=\"font_8\">\n<p class=\"font_8\"><span><span class=\"color_15\">V\u00fdhledov\u00e9 informace<\/span><\/span><\/p>\n<p class=\"font_8\"><span class=\"color_15\"><span>Ur\u010dit\u00e9 informace na t\u011bchto internetov\u00fdch str\u00e1nk\u00e1ch mohou obsahovat prohl\u00e1\u0161en\u00ed zahrnuj\u00edc\u00ed o\u010dek\u00e1v\u00e1n\u00ed do budoucna, kter\u00e1 jsou popsan\u00e1 v ustanoven\u00edch o v\u00fdhledech v z\u00e1kon\u011b o reform\u011b spor\u016f t\u00fdkaj\u00edc\u00edch se cenn\u00fdch pap\u00edr\u016f z roku 1995. Tato v\u00fdhledov\u00e1 prohl\u00e1\u0161en\u00ed jsou spojena s riziky a nejistotami, jako je popt\u00e1vka po produktech, o\u010dek\u00e1v\u00e1n\u00ed trhu a z\u00e1kazn\u00edk\u016f, vliv ekonomick\u00fdch podm\u00ednek, konkuren\u010dn\u00ed boj, ur\u010dov\u00e1n\u00ed cen, pot\u00ed\u017ee s v\u00fdvojem produkt\u016f, m\u011bnov\u00e1 rizika, n\u00e1klady na kapit\u00e1l, vyd\u00e1v\u00e1n\u00ed osv\u011bd\u010den\u00ed sdru\u017een\u00edmi pro platebn\u00ed karty, schopnost realizovat a propojovat akvizice a dal\u0161\u00ed rizika, kter\u00e1 jsou podrobn\u011b pops\u00e1na v dokumentech a v\u00fdkazech, je\u017e spole\u010dnost p\u0159edlo\u017eila americk\u00e9 Komisi pro cenn\u00e9 pap\u00edry a burzy, v\u010detn\u011b nejaktu\u00e1ln\u011bj\u0161\u00edch formul\u00e1\u0159\u016f Form 10-Q nebo Form 10K. Spole\u010dnost Global Payments nep\u0159eb\u00edr\u00e1 \u017e\u00e1dnou odpov\u011bdnost za p\u0159epracov\u00e1n\u00ed \u017e\u00e1dn\u00e9ho z t\u011bchto v\u00fdkaz\u016f nebo dokument\u016f tak, aby zohled\u0148ovaly budouc\u00ed okolnosti nebo v\u00fdskyt neo\u010dek\u00e1van\u00fdch ud\u00e1lost\u00ed.<\/span><\/span><\/p>\n<p class=\"font_8\">\n<p class=\"font_8\"><span><span class=\"color_15\">Poskytnut\u00e9 informace<\/span><\/span><\/p>\n<p class=\"font_8\"><span class=\"color_15\"><span>Ve\u0161ker\u00e9 informace poskytnut\u00e9 spole\u010dnosti Global Payments prost\u0159ednictv\u00edm t\u011bchto internetov\u00fdch str\u00e1nek jsou pova\u017eov\u00e1ny za majetek spole\u010dnosti Global Payments a majetkem spole\u010dnosti rovn\u011b\u017e z\u016fst\u00e1vaj\u00ed. Spole\u010dnost Global Payments je opr\u00e1vn\u011bna pou\u017e\u00edt k libovoln\u00fdm \u00fa\u010del\u016fm jak\u00e9koli n\u00e1pady, n\u00e1vrhy, know-how nebo techniky obsa\u017een\u00e9 v informac\u00edch, kter\u00e9 spole\u010dnosti Global Payments poskytne n\u00e1v\u0161t\u011bvn\u00edk t\u011bchto str\u00e1nek prost\u0159ednictv\u00edm t\u011bchto internetov\u00fdch str\u00e1nek. Na spole\u010dnost Global Payments se nevztahuj\u00ed \u017e\u00e1dn\u00e9 povinnosti zachov\u00e1vat ml\u010denlivost ve vztahu k poskytnut\u00fdm informac\u00edm, s v\u00fdjimkou p\u0159\u00edpad\u016f, kdy je tak sjedn\u00e1no se subjektem Global Payments, kter\u00fd nav\u00e1zal p\u0159\u00edm\u00fd vztah se z\u00e1kazn\u00edkem, nebo kdy je konkr\u00e9tn\u011b dohodnuto jinak nebo kdy z\u00e1kony vy\u017eaduj\u00ed jin\u00fd postup. \u017d\u00e1dn\u00e1 ze skute\u010dnost\u00ed obsa\u017een\u00fdch v tomto odstavci nesm\u00ed b\u00fdt vykl\u00e1d\u00e1na jako skute\u010dnost, kter\u00e1 omezuje nebo zm\u00edr\u0148uje odpov\u011bdnost spole\u010dnosti Global Payments a jej\u00ed povinnosti ve vztahu k z\u00e1kazn\u00edk\u016fm v souladu s Prohl\u00e1\u0161en\u00edm spole\u010dnosti Global Payments o zachov\u00e1v\u00e1n\u00ed d\u016fv\u011brnosti informac\u00ed.<\/span><\/span><\/p>\n<p class=\"font_8\">\n<p class=\"font_8\"><span><span class=\"color_15\">Dostupnost<\/span><\/span><\/p>\n<p class=\"font_8\"><span class=\"color_15\"><span>Tyto internetov\u00e9 str\u00e1nky nesm\u011bj\u00ed b\u00fdt distribuov\u00e1ny nebo pou\u017e\u00edv\u00e1ny \u017e\u00e1dnou osobou nebo subjektem v \u017e\u00e1dn\u00e9 jurisdikci nebo zemi, kde by takov\u00e1 distribuce nebo pou\u017e\u00edv\u00e1n\u00ed byly v rozporu s m\u00edstn\u00edmi z\u00e1kony nebo p\u0159edpisy.<\/span><\/span><\/p>\n<p class=\"font_8\">\n<p class=\"font_8\"><span><span class=\"color_15\">Dal\u0161\u00ed podm\u00ednky<\/span><\/span><\/p>\n<p class=\"font_8\"><span class=\"color_15\"><span>N\u011bkter\u00e9 odd\u00edly nebo \u010d\u00e1sti t\u011bchto internetov\u00fdch str\u00e1nek mohou obsahovat samostatn\u00e9 podm\u00ednky, kter\u00e9 jsou nad r\u00e1mec t\u011bchto podm\u00ednek. V p\u0159\u00edpad\u011b nesrovnalost\u00ed se takov\u00e9 odd\u00edly nebo \u010d\u00e1sti \u0159\u00edd\u00ed dopl\u0148uj\u00edc\u00edmi podm\u00ednkami.<\/span><\/span><\/p>\n<p class=\"font_8\">\n<p class=\"font_8\"><span><span class=\"color_15\">Zm\u011bny podm\u00ednek<\/span><\/span><\/p>\n<p class=\"font_8\"><span class=\"color_15\"><span>Spole\u010dnost Global Payments si vyhrazuje pr\u00e1vo kdykoli tyto podm\u00ednky upravit bez p\u0159edchoz\u00edho upozorn\u011bn\u00ed. M\u00e1 se za to, \u017ee u\u017eivatel\u00e9 t\u011bchto internetov\u00fdch str\u00e1nek jsou obezn\u00e1meni se v\u0161emi p\u0159\u00edpadn\u00fdmi zm\u011bnami t\u011bchto podm\u00ednek a \u017ee jsou pro n\u011b tyto zm\u011bny z\u00e1vazn\u00e9. Zavazujete se pravideln\u011b si tyto podm\u00ednky \u010d\u00edst a t\u00edm, \u017ee tyto internetov\u00e9 str\u00e1nky opakovan\u011b nav\u0161t\u00edv\u00edte nebo pou\u017eijete, d\u00e1v\u00e1te najevo, \u017ee se v\u0161emi p\u0159\u00edpadn\u00fdmi zm\u011bnami souhlas\u00edte.<\/span><\/span><\/p>\n<p class=\"font_8\">\n<p class=\"font_8\"><span><span class=\"color_15\">Rozhodn\u00e9 pr\u00e1vo<\/span><\/span><\/p>\n<p class=\"font_8\"><span class=\"color_15\"><span>Pou\u017e\u00edv\u00e1n\u00ed t\u011bchto internetov\u00fdch str\u00e1nek se \u0159\u00edd\u00ed v\u0161emi p\u0159\u00edslu\u0161n\u00fdmi feder\u00e1ln\u00edmi z\u00e1kony Spojen\u00fdch st\u00e1t\u016f americk\u00fdch a pr\u00e1vn\u00edm \u0159\u00e1dem st\u00e1tu Georgia. U\u017eivatel\u00e9 t\u011bchto internetov\u00fdch str\u00e1nek se t\u00edmto sv\u011b\u0159uj\u00ed do v\u00fdhradn\u00ed jurisdikce soud\u016f, soudn\u00edch sen\u00e1t\u016f, \u00fa\u0159ad\u016f a dal\u0161\u00edch organizac\u00ed, kter\u00e9 jsou zapojeny do \u0159e\u0161en\u00ed spor\u016f v Atlant\u011b ve st\u00e1t\u011b Georgia ve spojitosti se v\u0161emi spory, a) kter\u00e9 vyplynou v souvislosti s t\u011bmito internetov\u00fdmi str\u00e1nkami nebo s t\u011bmito podm\u00ednkami nebo kter\u00e9 se t\u011bchto str\u00e1nek \u010di podm\u00ednek t\u00fdkaj\u00ed, b) v r\u00e1mci kter\u00fdch p\u0159edstavuj\u00ed tyto str\u00e1nky nebo podm\u00ednky skutkov\u00fd stav, nebo c) v r\u00e1mci kter\u00fdch jsou odkazy na tyto internetov\u00e9 str\u00e1nky nebo na tyto podm\u00ednky uvedeny ve spisech k takov\u00fdm spor\u016fm.<\/span><\/span><\/p>\n<p class=\"font_8\">\n<p class=\"font_8\"><span><span class=\"color_15\">Obecn\u00e9 podm\u00ednky<\/span><\/span><\/p>\n<p class=\"font_8\"><span class=\"color_15\"><span>Tyto internetov\u00e9 str\u00e1nky nesm\u011bj\u00ed b\u00fdt pou\u017e\u00edv\u00e1ny a) \u017e\u00e1dn\u00fdm zp\u016fsobem, kter\u00fd v pln\u00e9 m\u00ed\u0159e nerespektuje v\u0161echna ustanoven\u00ed t\u011bchto podm\u00ednek a b) v jurisdikci, ve kter\u00e9 by pou\u017e\u00edv\u00e1n\u00edm t\u011bchto str\u00e1nek mohly b\u00fdt poru\u0161eny libovoln\u00e9 z\u00e1konn\u00e9 po\u017eadavky. Tyto podm\u00ednky a pou\u017eit\u00ed t\u011bchto internetov\u00fdch str\u00e1nek v\u00e1mi nezakl\u00e1daj\u00ed \u017e\u00e1dn\u00fd spole\u010dn\u00fd podnik, spole\u010dnost, pracovn\u011b-pr\u00e1vn\u00ed vztah ani zprost\u0159edkovatelsk\u00fd vztah.<\/span><\/span><\/p>\n<p class=\"font_8\"><span class=\"color_15\"><span>Tyto podm\u00ednky p\u0159edstavuj\u00ed celkovou \u00famluvu mezi v\u00e1mi a spole\u010dnost\u00ed Global Payments ve vztahu k t\u011bmto internetov\u00fdm str\u00e1nk\u00e1m a nahrazuj\u00ed ve\u0161ker\u00e1 p\u0159\u00edpadn\u00e1 p\u0159edchoz\u00ed nebo soub\u011b\u017en\u00e1 sd\u011blen\u00ed a n\u00e1vrhy, a\u0165 ji\u017e elektronick\u00e9, \u00fastn\u00ed nebo jin\u00e9 mezi v\u00e1mi a spole\u010dnost\u00ed Global Payments t\u00fdkaj\u00edc\u00ed se t\u011bchto str\u00e1nek. Ve\u0161ker\u00e9 \u00fapravy t\u011bchto podm\u00ednek jsou platn\u00e9 jedin\u011b v p\u0159\u00edpad\u011b, \u017ee jsou konkr\u00e9tn\u011b schv\u00e1leny vedouc\u00edm pracovn\u00edkem spole\u010dnosti Global Payments. Ve\u0161ker\u00e9 p\u0159\u00edpadn\u00e9 vzd\u00e1n\u00ed se pr\u00e1va na od\u0161kodn\u011bn\u00ed v p\u0159\u00edpad\u011b poru\u0161en\u00ed t\u011bchto podm\u00ednek nen\u00ed pova\u017eov\u00e1no za vzd\u00e1n\u00ed se pr\u00e1va na od\u0161kodn\u011bn\u00ed v p\u0159\u00edpad\u011b potenci\u00e1ln\u00edho budouc\u00edho poru\u0161en\u00ed t\u011bchto podm\u00ednek.<\/span><\/span><\/p>\n<p class=\"font_8\">\n<p class=\"font_8\"><span><span class=\"color_15\">Spojte se s n\u00e1mi<\/span><\/span><\/p>\n<p class=\"font_8\"><span class=\"color_15\"><span>M\u00e1te-li jak\u00e9koli dotazy t\u00fdkaj\u00edc\u00ed se t\u011bchto podm\u00ednek, m\u016f\u017eete se s n\u00e1mi spojit na adrese:<a href=\"mailto:request.info@globalpay.com\" target=\"_self\" rel=\"noopener\">request.info@globalpay.com<\/a>.<\/span><\/span><\/p>\n<p>[\/et_pb_text][\/et_pb_column][\/et_pb_row][\/et_pb_section]<\/p>\n","protected":false},"excerpt":{"rendered":"<p>Upozorn\u011bn\u00ed Pros\u00edm, p\u0159e\u010dt\u011bte si pozorn\u011b n\u00e1sleduj\u00edc\u00ed podm\u00ednky. N\u00e1v\u0161t\u011bvou t\u011bchto internetov\u00fdch str\u00e1nek a jejich libovoln\u00e9 \u010d\u00e1sti souhlas\u00edte s t\u00edm, \u017ee jste povinni dodr\u017eovat n\u00ed\u017ee uveden\u00e9 podm\u00ednky. Pokud s podm\u00ednkami, kter\u00e9 jsou up\u0159esn\u011bny n\u00ed\u017ee, nesouhlas\u00edte, nepou\u017e\u00edvejte pros\u00edm tyto str\u00e1nky ani \u017e\u00e1dnou jejich \u010d\u00e1st. Copyright\u00a9Global Payments Inc. V\u0161echna pr\u00e1va vyhrazena. Pr\u00e1va du\u0161evn\u00edho vlastnictv\u00ed Autorsk\u00e1 pr\u00e1va ke str\u00e1nk\u00e1m, k [&hellip;]<\/p>\n","protected":false},"author":1,"featured_media":0,"parent":0,"menu_order":0,"comment_status":"closed","ping_status":"closed","template":"","meta":{"_acf_changed":false,"_et_pb_use_builder":"on","_et_pb_old_content":"","_et_gb_content_width":"","footnotes":""},"class_list":["post-414","page","type-page","status-publish","hentry"],"acf":[],"_links":{"self":[{"href":"http:\/\/3.72.214.174\/el\/wp-json\/wp\/v2\/pages\/414","targetHints":{"allow":["GET"]}}],"collection":[{"href":"http:\/\/3.72.214.174\/el\/wp-json\/wp\/v2\/pages"}],"about":[{"href":"http:\/\/3.72.214.174\/el\/wp-json\/wp\/v2\/types\/page"}],"author":[{"embeddable":true,"href":"http:\/\/3.72.214.174\/el\/wp-json\/wp\/v2\/users\/1"}],"replies":[{"embeddable":true,"href":"http:\/\/3.72.214.174\/el\/wp-json\/wp\/v2\/comments?post=414"}],"version-history":[{"count":2,"href":"http:\/\/3.72.214.174\/el\/wp-json\/wp\/v2\/pages\/414\/revisions"}],"predecessor-version":[{"id":416,"href":"http:\/\/3.72.214.174\/el\/wp-json\/wp\/v2\/pages\/414\/revisions\/416"}],"wp:attachment":[{"href":"http:\/\/3.72.214.174\/el\/wp-json\/wp\/v2\/media?parent=414"}],"curies":[{"name":"wp","href":"https:\/\/api.w.org\/{rel}","templated":true}]}}