{"id":650,"date":"2022-04-12T10:38:06","date_gmt":"2022-04-12T08:38:06","guid":{"rendered":"https:\/\/www.gptom.com\/?page_id=650"},"modified":"2023-02-09T13:05:16","modified_gmt":"2023-02-09T12:05:16","slug":"uctenky","status":"publish","type":"page","link":"http:\/\/3.72.214.174\/el\/uctenky\/","title":{"rendered":"\u00da\u010dtenky"},"content":{"rendered":"<p>[et_pb_section fb_built=&#8220;1&#8243; custom_padding_last_edited=&#8220;on|desktop&#8220; _builder_version=&#8220;4.19.5&#8243; _module_preset=&#8220;default&#8220; min_height=&#8220;10%&#8220; height=&#8220;10%&#8220; max_height=&#8220;10%&#8220; custom_margin=&#8220;0px||||false|false&#8220; custom_margin_tablet=&#8220;0px||||false|false&#8220; custom_margin_phone=&#8220;0px||||false|false&#8220; custom_margin_last_edited=&#8220;on|desktop&#8220; custom_padding=&#8220;0px||||false|false&#8220; custom_padding_tablet=&#8220;0px||||false|false&#8220; custom_padding_phone=&#8220;55px||||false|false&#8220; global_colors_info=&#8220;{}&#8220;][et_pb_row _builder_version=&#8220;4.19.5&#8243; _module_preset=&#8220;default&#8220; use_background_color_gradient=&#8220;on&#8220; background_color_gradient_stops=&#8220;gcid-b7996809-1fa2-4156-b27e-7004cca8b85c 0%|#29c4a9 100%&#8220; width_tablet=&#8220;&#8220; width_phone=&#8220;80%&#8220; width_last_edited=&#8220;on|phone&#8220; custom_margin=&#8220;0px||||false|false&#8220; custom_padding=&#8220;0px||10em||false|false&#8220; border_radii=&#8220;on|20px|20px|20px|20px&#8220; global_colors_info=&#8220;{%22gcid-b7996809-1fa2-4156-b27e-7004cca8b85c%22:%91%22background_color_gradient_stops%22%93}&#8220;][et_pb_column type=&#8220;4_4&#8243; _builder_version=&#8220;4.16.1&#8243; _module_preset=&#8220;default&#8220; global_colors_info=&#8220;{}&#8220;][et_pb_text _builder_version=&#8220;4.19.1&#8243; _module_preset=&#8220;default&#8220; text_font=&#8220;GP commerce Bold||||||||&#8220; text_text_color=&#8220;#FFFFFF&#8220; text_font_size=&#8220;72px&#8220; text_line_height=&#8220;1em&#8220; text_orientation=&#8220;center&#8220; width_tablet=&#8220;&#8220; width_phone=&#8220;100%&#8220; width_last_edited=&#8220;on|phone&#8220; max_width=&#8220;100%&#8220; custom_margin=&#8220;10%||||false|false&#8220; text_font_size_tablet=&#8220;72px&#8220; text_font_size_phone=&#8220;10vw&#8220; text_font_size_last_edited=&#8220;on|phone&#8220; global_colors_info=&#8220;{}&#8220;]Ka\u017ed\u00fd r\u00e1d rozd\u00e1v\u00e1.<br \/>\nI \u00fa\u010dtenky.[\/et_pb_text][\/et_pb_column][\/et_pb_row][\/et_pb_section][et_pb_section fb_built=&#8220;1&#8243; _builder_version=&#8220;4.16.1&#8243; _module_preset=&#8220;default&#8220; global_colors_info=&#8220;{}&#8220;][et_pb_row column_structure=&#8220;1_4,1_4,1_4,1_4&#8243; make_equal=&#8220;on&#8220; _builder_version=&#8220;4.16.1&#8243; _module_preset=&#8220;default&#8220; global_colors_info=&#8220;{}&#8220;][et_pb_column type=&#8220;1_4&#8243; _builder_version=&#8220;4.16.1&#8243; _module_preset=&#8220;default&#8220; global_colors_info=&#8220;{}&#8220;][et_pb_blurb title=&#8220;Tisk&#8220; image=&#8220;http:\/\/www.gptom.com\/wp-content\/uploads\/2022\/04\/icon_print.png.webp&#8220; _builder_version=&#8220;4.16.1&#8243; _module_preset=&#8220;default&#8220; header_font=&#8220;GP commerce Bold||||||||&#8220; header_text_align=&#8220;left&#8220; header_text_color=&#8220;#000000&#8243; body_text_color=&#8220;#000000&#8243; background_color=&#8220;gcid-4c58a40f-917e-42df-9b5b-7273365740ec&#8220; custom_padding=&#8220;20px|20px|20px|20px|false|false&#8220; border_radii=&#8220;on|20px|20px|20px|20px&#8220; global_colors_info=&#8220;{%22gcid-4c58a40f-917e-42df-9b5b-7273365740ec%22:%91%22background_color%22%93}&#8220;]<\/p>\n<p><span>A pokud m\u00e1te klienta vy\u017eaduj\u00edc\u00edho vyti\u0161t\u011bnou \u00fa\u010dtenku, vytisknete ji skrze p\u0159ipojenou tisk\u00e1rnu.<\/span><\/p>\n<p>[\/et_pb_blurb][\/et_pb_column][et_pb_column type=&#8220;1_4&#8243; _builder_version=&#8220;4.16.1&#8243; _module_preset=&#8220;default&#8220; global_colors_info=&#8220;{}&#8220;][et_pb_blurb title=&#8220;skrze email&#8220; image=&#8220;http:\/\/www.gptom.com\/wp-content\/uploads\/2022\/04\/icon_email.png.webp&#8220; _builder_version=&#8220;4.16.1&#8243; _module_preset=&#8220;default&#8220; header_font=&#8220;GP commerce Bold||||||||&#8220; header_text_align=&#8220;left&#8220; header_text_color=&#8220;#000000&#8243; body_text_color=&#8220;#000000&#8243; background_color=&#8220;gcid-4c58a40f-917e-42df-9b5b-7273365740ec&#8220; custom_padding=&#8220;20px|20px|20px|20px|false|false&#8220; border_radii=&#8220;on|20px|20px|20px|20px&#8220; global_colors_info=&#8220;{%22gcid-4c58a40f-917e-42df-9b5b-7273365740ec%22:%91%22background_color%22%93}&#8220;]<\/p>\n<div id=\"comp-kw0ikh1u\" class=\"_2Hij5\" data-testid=\"richTextElement\">\n<p class=\"font_8\"><span>Na z\u00e1kazn\u00edkovu emailovou adresu ode\u0161lete \u00fa\u010dtenku, kterou si pohodln\u011b uschov\u00e1.<\/span><\/p>\n<\/div>\n<div id=\"comp-kw0ikh22\" role=\"button\" aria-disabled=\"false\" class=\"_2UgQw\" tabindex=\"0\">\n<div data-testid=\"linkElement\" class=\"_1fbEI\" aria-disabled=\"false\"><\/div>\n<\/div>\n<p>[\/et_pb_blurb][\/et_pb_column][et_pb_column type=&#8220;1_4&#8243; _builder_version=&#8220;4.16.1&#8243; _module_preset=&#8220;default&#8220; global_colors_info=&#8220;{}&#8220;][et_pb_blurb title=&#8220;QR k\u00f3d&#8220; image=&#8220;http:\/\/www.gptom.com\/wp-content\/uploads\/2022\/04\/icon_qr.png.webp&#8220; _builder_version=&#8220;4.16.1&#8243; _module_preset=&#8220;default&#8220; header_font=&#8220;GP commerce Bold||||||||&#8220; header_text_align=&#8220;left&#8220; header_text_color=&#8220;#000000&#8243; body_text_color=&#8220;#000000&#8243; background_color=&#8220;gcid-4c58a40f-917e-42df-9b5b-7273365740ec&#8220; custom_padding=&#8220;20px|20px|20px|20px|false|false&#8220; border_radii=&#8220;on|20px|20px|20px|20px&#8220; global_colors_info=&#8220;{%22gcid-4c58a40f-917e-42df-9b5b-7273365740ec%22:%91%22background_color%22%93}&#8220;]<\/p>\n<p><span>Klient\u016fm, kte\u0159\u00ed neposkytnou email \u010di tel. \u010d\u00edslo vysd\u00edlejte \u00fa\u010dtenku skrze QR k\u00f3d.<\/span><\/p>\n<p>[\/et_pb_blurb][\/et_pb_column][et_pb_column type=&#8220;1_4&#8243; _builder_version=&#8220;4.16.1&#8243; _module_preset=&#8220;default&#8220; global_colors_info=&#8220;{}&#8220;][et_pb_blurb title=&#8220;SMS zpr\u00e1va&#8220; image=&#8220;http:\/\/www.gptom.com\/wp-content\/uploads\/2022\/04\/With-Icon-Copy-2.png.webp&#8220; _builder_version=&#8220;4.16.1&#8243; _module_preset=&#8220;default&#8220; header_font=&#8220;GP commerce Bold||||||||&#8220; header_text_align=&#8220;left&#8220; header_text_color=&#8220;#000000&#8243; body_text_color=&#8220;#000000&#8243; background_color=&#8220;gcid-4c58a40f-917e-42df-9b5b-7273365740ec&#8220; custom_padding=&#8220;20px|20px|20px|20px|false|false&#8220; border_radii=&#8220;on|20px|20px|20px|20px&#8220; global_colors_info=&#8220;{%22gcid-4c58a40f-917e-42df-9b5b-7273365740ec%22:%91%22background_color%22%93}&#8220;]<\/p>\n<div id=\"comp-kw0hxzyk\" class=\"_2Hij5\" data-testid=\"richTextElement\">\n<p class=\"font_8\"><span>Jednodu\u0161e ode\u0161lete odkaz na \u00fa\u010dtenku klientovi skrze SMS aplikaci ve Va\u0161em telefonu.\u00a0<\/span><\/p>\n<\/div>\n<div id=\"comp-kw0hzgt1\" role=\"button\" aria-disabled=\"false\" class=\"_2UgQw\" tabindex=\"0\">\n<div data-testid=\"linkElement\" class=\"_1fbEI\" aria-disabled=\"false\"><\/div>\n<\/div>\n<p>[\/et_pb_blurb][\/et_pb_column][\/et_pb_row][\/et_pb_section][et_pb_section fb_built=&#8220;1&#8243; _builder_version=&#8220;4.19.5&#8243; _module_preset=&#8220;default&#8220; global_colors_info=&#8220;{}&#8220;][et_pb_row column_structure=&#8220;1_2,1_2&#8243; _builder_version=&#8220;4.19.5&#8243; _module_preset=&#8220;default&#8220; background_color=&#8220;gcid-4c58a40f-917e-42df-9b5b-7273365740ec&#8220; hover_enabled=&#8220;0&#8243; border_radii=&#8220;on|20px|20px|20px|20px&#8220; global_colors_info=&#8220;{%22gcid-4c58a40f-917e-42df-9b5b-7273365740ec%22:%91%22background_color%22%93}&#8220; title_text=&#8220;gptom_background_web_v2&#8243; background_image=&#8220;https:\/\/www.gptom.com\/wp-content\/uploads\/2023\/02\/gptom_background_web_v2.png&#8220; background_size=&#8220;initial&#8220; background_position=&#8220;bottom_left&#8220; sticky_enabled=&#8220;0&#8243;][et_pb_column type=&#8220;1_2&#8243; _builder_version=&#8220;4.19.5&#8243; _module_preset=&#8220;default&#8220; global_colors_info=&#8220;{}&#8220;][\/et_pb_column][et_pb_column type=&#8220;1_2&#8243; _builder_version=&#8220;4.19.5&#8243; _module_preset=&#8220;default&#8220; global_colors_info=&#8220;{}&#8220;][et_pb_text _builder_version=&#8220;4.19.5&#8243; _module_preset=&#8220;default&#8220; text_font=&#8220;GP commerce Bold||||||||&#8220; text_font_size=&#8220;24px&#8220; header_font_size=&#8220;48px&#8220; custom_padding=&#8220;10px||10px||false|false&#8220; global_colors_info=&#8220;{}&#8220;]<\/p>\n<h1>Vizualizace dle v\u00e1s<\/h1>\n<p>[\/et_pb_text][et_pb_text _builder_version=&#8220;4.19.5&#8243; _module_preset=&#8220;default&#8220; global_colors_info=&#8220;{}&#8220;]<\/p>\n<p>Nevyhovuje v\u00e1m hlavi\u010dka \u00fa\u010dtenky? Potom si ji m\u016f\u017eete upravit p\u0159\u00edmo v aplikaci &#8211; nikam nemus\u00edte ps\u00e1t \u010di volat, jednodu\u0161e si uprav\u00edte popis, p\u0159id\u00e1te \u0159\u00e1dky, odkaz na soci\u00e1ln\u00ed s\u00edt\u011b nebo na va\u0161e webov\u00e9 str\u00e1nky.<\/p>\n<p>[\/et_pb_text][et_pb_button button_url=&#8220;@ET-DC@eyJkeW5hbWljIjp0cnVlLCJjb250ZW50IjoicG9zdF9saW5rX3VybF9kb2NzIiwic2V0dGluZ3MiOnsicG9zdF9pZCI6Ijg2NSJ9fQ==@&#8220; button_text=&#8220;JAK NA TO&#8220; button_alignment=&#8220;left&#8220; _builder_version=&#8220;4.19.5&#8243; _dynamic_attributes=&#8220;button_url&#8220; _module_preset=&#8220;default&#8220; custom_button=&#8220;on&#8220; button_text_size=&#8220;15px&#8220; button_text_color=&#8220;gcid-b7996809-1fa2-4156-b27e-7004cca8b85c&#8220; button_bg_color=&#8220;#000000&#8243; button_border_width=&#8220;0px&#8220; button_border_color=&#8220;gcid-b7996809-1fa2-4156-b27e-7004cca8b85c&#8220; button_border_radius=&#8220;21px&#8220; button_letter_spacing=&#8220;1px&#8220; button_font=&#8220;GP commerce Medium||||||||&#8220; button_use_icon=&#8220;off&#8220; custom_margin=&#8220;||20px||false|false&#8220; custom_padding=&#8220;10px|20px|10px|20px|false|true&#8220; animation_style=&#8220;fade&#8220; global_colors_info=&#8220;{%22gcid-b7996809-1fa2-4156-b27e-7004cca8b85c%22:%91%22button_text_color%22,%22button_text_color%22,%22button_icon_color%22,%22button_border_color%22,%22button_text_color__hover%22%93}&#8220; button_text_color__hover_enabled=&#8220;on|hover&#8220; button_text_color__hover=&#8220;#ffb300&#8243; button_bg_color__hover_enabled=&#8220;on|hover&#8220; button_bg_color__hover=&#8220;#000000&#8243; button_bg_enable_color__hover=&#8220;on&#8220; button_icon_color__hover_enabled=&#8220;on|hover&#8220; button_icon_color__hover=&#8220;#000000&#8243; button_border_width__hover_enabled=&#8220;on|hover&#8220; button_border_width__hover=&#8220;0px&#8220; button_bg_color_gradient_stops__hover=&#8220;#808080 0%|#0a0101 100%&#8220; button_bg_use_color_gradient__hover=&#8220;on&#8220;][\/et_pb_button][\/et_pb_column][\/et_pb_row][\/et_pb_section][et_pb_section fb_built=&#8220;1&#8243; _builder_version=&#8220;4.16.1&#8243; _module_preset=&#8220;default&#8220; background_color=&#8220;gcid-b7996809-1fa2-4156-b27e-7004cca8b85c&#8220; background_image=&#8220;http:\/\/www.gptom.com\/wp-content\/uploads\/2022\/04\/gptom_trx_history_cut_bigger.png&#8220; background_size=&#8220;contain&#8220; background_position=&#8220;bottom_right&#8220; global_colors_info=&#8220;{%22gcid-b7996809-1fa2-4156-b27e-7004cca8b85c%22:%91%22background_color%22%93}&#8220;][et_pb_row column_structure=&#8220;1_2,1_2&#8243; _builder_version=&#8220;4.16.1&#8243; _module_preset=&#8220;default&#8220; global_colors_info=&#8220;{}&#8220;][et_pb_column type=&#8220;1_2&#8243; _builder_version=&#8220;4.16.1&#8243; _module_preset=&#8220;default&#8220; global_colors_info=&#8220;{}&#8220;][et_pb_text _builder_version=&#8220;4.19.5&#8243; _module_preset=&#8220;default&#8220; text_font=&#8220;GP commerce Bold||||||||&#8220; text_font_size=&#8220;48px&#8220; text_line_height=&#8220;1em&#8220; text_font_size_tablet=&#8220;48px&#8220; text_font_size_phone=&#8220;10vw&#8220; text_font_size_last_edited=&#8220;on|phone&#8220; global_colors_info=&#8220;{}&#8220;]<\/p>\n<p>Historie transakc\u00ed a \u00fa\u010dtenek<\/p>\n<p>[\/et_pb_text][et_pb_text _builder_version=&#8220;4.16.1&#8243; _module_preset=&#8220;default&#8220; text_font_size=&#8220;16px&#8220; global_colors_info=&#8220;{}&#8220;]<\/p>\n<p>V aplikaci m\u00e1te kompletn\u00ed historii v\u0161ech transakc\u00ed a t\u00edm p\u00e1dem i \u00fa\u010dtenek. Kdykoliv tak m\u016f\u017eete klientovi znovu \u00fa\u010dtenku poslat, nebo ji pou\u017e\u00edt pro vlastn\u00ed pot\u0159ebu.\u00a0<\/p>\n<p>[\/et_pb_text][et_pb_button button_url=&#8220;@ET-DC@eyJkeW5hbWljIjp0cnVlLCJjb250ZW50IjoicG9zdF9saW5rX3VybF9kb2NzIiwic2V0dGluZ3MiOnsicG9zdF9pZCI6Ijc5OSJ9fQ==@&#8220; button_text=&#8220;JAK ODESLAT \u00da\u010cTENKU&#8220; button_alignment=&#8220;left&#8220; _builder_version=&#8220;4.19.1&#8243; _dynamic_attributes=&#8220;button_url&#8220; _module_preset=&#8220;default&#8220; custom_button=&#8220;on&#8220; button_text_size=&#8220;15px&#8220; button_text_color=&#8220;gcid-b7996809-1fa2-4156-b27e-7004cca8b85c&#8220; button_bg_color=&#8220;#000000&#8243; button_border_width=&#8220;0px&#8220; button_border_radius=&#8220;21px&#8220; button_letter_spacing=&#8220;1px&#8220; button_font=&#8220;GP commerce Medium||||||||&#8220; button_use_icon=&#8220;off&#8220; custom_margin=&#8220;||20px||false|false&#8220; custom_padding=&#8220;10px|20px|10px|20px|false|false&#8220; global_colors_info=&#8220;{%22gcid-b7996809-1fa2-4156-b27e-7004cca8b85c%22:%91%22button_text_color%22,%22button_text_color%22%93}&#8220;][\/et_pb_button][\/et_pb_column][et_pb_column type=&#8220;1_2&#8243; _builder_version=&#8220;4.16.1&#8243; _module_preset=&#8220;default&#8220; global_colors_info=&#8220;{}&#8220;][\/et_pb_column][\/et_pb_row][\/et_pb_section]<\/p>\n","protected":false},"excerpt":{"rendered":"<p>Ka\u017ed\u00fd r\u00e1d rozd\u00e1v\u00e1. I \u00fa\u010dtenky.A pokud m\u00e1te klienta vy\u017eaduj\u00edc\u00edho vyti\u0161t\u011bnou \u00fa\u010dtenku, vytisknete ji skrze p\u0159ipojenou tisk\u00e1rnu. Na z\u00e1kazn\u00edkovu emailovou adresu ode\u0161lete \u00fa\u010dtenku, kterou si pohodln\u011b uschov\u00e1. Klient\u016fm, kte\u0159\u00ed neposkytnou email \u010di tel. \u010d\u00edslo vysd\u00edlejte \u00fa\u010dtenku skrze QR k\u00f3d. Jednodu\u0161e ode\u0161lete odkaz na \u00fa\u010dtenku klientovi skrze SMS aplikaci ve Va\u0161em telefonu.\u00a0 Vizualizace dle v\u00e1sNevyhovuje v\u00e1m hlavi\u010dka [&hellip;]<\/p>\n","protected":false},"author":1,"featured_media":0,"parent":0,"menu_order":0,"comment_status":"closed","ping_status":"closed","template":"","meta":{"_acf_changed":false,"_et_pb_use_builder":"on","_et_pb_old_content":"","_et_gb_content_width":"","footnotes":""},"class_list":["post-650","page","type-page","status-publish","hentry"],"acf":[],"_links":{"self":[{"href":"http:\/\/3.72.214.174\/el\/wp-json\/wp\/v2\/pages\/650","targetHints":{"allow":["GET"]}}],"collection":[{"href":"http:\/\/3.72.214.174\/el\/wp-json\/wp\/v2\/pages"}],"about":[{"href":"http:\/\/3.72.214.174\/el\/wp-json\/wp\/v2\/types\/page"}],"author":[{"embeddable":true,"href":"http:\/\/3.72.214.174\/el\/wp-json\/wp\/v2\/users\/1"}],"replies":[{"embeddable":true,"href":"http:\/\/3.72.214.174\/el\/wp-json\/wp\/v2\/comments?post=650"}],"version-history":[{"count":2,"href":"http:\/\/3.72.214.174\/el\/wp-json\/wp\/v2\/pages\/650\/revisions"}],"predecessor-version":[{"id":253173,"href":"http:\/\/3.72.214.174\/el\/wp-json\/wp\/v2\/pages\/650\/revisions\/253173"}],"wp:attachment":[{"href":"http:\/\/3.72.214.174\/el\/wp-json\/wp\/v2\/media?parent=650"}],"curies":[{"name":"wp","href":"https:\/\/api.w.org\/{rel}","templated":true}]}}