{"id":246,"date":"2022-04-06T23:19:36","date_gmt":"2022-04-06T21:19:36","guid":{"rendered":"https:\/\/www.gptom.com\/?page_id=246"},"modified":"2022-10-25T22:18:53","modified_gmt":"2022-10-25T20:18:53","slug":"zadat-system","status":"publish","type":"page","link":"http:\/\/3.72.214.174\/en\/zadat-system\/","title":{"rendered":"Zadat syst\u00e9m"},"content":{"rendered":"<p>[et_pb_section fb_built=&#8220;1&#8243; _builder_version=&#8220;4.18.0&#8243; _module_preset=&#8220;default&#8220; module_alignment=&#8220;center&#8220; height=&#8220;180px&#8220; hover_enabled=&#8220;0&#8243; global_colors_info=&#8220;{}&#8220; background_enable_image=&#8220;off&#8220; sticky_enabled=&#8220;0&#8243;][et_pb_row make_equal=&#8220;on&#8220; _builder_version=&#8220;4.17.0&#8243; _module_preset=&#8220;default&#8220; module_alignment=&#8220;center&#8220; custom_padding=&#8220;100px||||false|false&#8220; custom_css_main_element=&#8220;margin: auto;&#8220; global_colors_info=&#8220;{}&#8220;][et_pb_column type=&#8220;4_4&#8243; _builder_version=&#8220;4.17.0&#8243; _module_preset=&#8220;default&#8220; custom_css_main_element=&#8220;margin: auto;&#8220; global_colors_info=&#8220;{}&#8220;][et_pb_text _builder_version=&#8220;4.18.0&#8243; _module_preset=&#8220;default&#8220; text_font=&#8220;GP commerce Medium||||||||&#8220; text_text_color=&#8220;#000000&#8243; text_font_size=&#8220;48px&#8220; hover_enabled=&#8220;0&#8243; global_colors_info=&#8220;{}&#8220; sticky_enabled=&#8220;0&#8243;]<\/p>\n<p>Zadejte V\u00e1\u0161 syst\u00e9m<\/p>\n<p>[\/et_pb_text][\/et_pb_column][\/et_pb_row][\/et_pb_section][et_pb_section fb_built=&#8220;1&#8243; _builder_version=&#8220;4.16&#8243; global_colors_info=&#8220;{}&#8220;][et_pb_row _builder_version=&#8220;4.16&#8243; background_size=&#8220;initial&#8220; background_position=&#8220;top_left&#8220; background_repeat=&#8220;repeat&#8220; global_colors_info=&#8220;{}&#8220;][et_pb_column type=&#8220;4_4&#8243; _builder_version=&#8220;4.16&#8243; custom_padding=&#8220;|||&#8220; global_colors_info=&#8220;{}&#8220; custom_padding__hover=&#8220;|||&#8220;][et_pb_text _builder_version=&#8220;4.18.0&#8243; background_color=&#8220;#FFFFFF&#8220; background_size=&#8220;initial&#8220; background_position=&#8220;top_left&#8220; background_repeat=&#8220;repeat&#8220; width=&#8220;80%&#8220; module_alignment=&#8220;left&#8220; hover_enabled=&#8220;0&#8243; global_colors_info=&#8220;{}&#8220; custom_css_main_element__hover_enabled=&#8220;off|desktop&#8220; sticky_enabled=&#8220;0&#8243;]<\/p>\n<p><!-- divi:paragraph --><div class=\"wpuf-message\">Tato str\u00e1nka m\u00e1 omezen\u00fd p\u0159\u00edstup. Pros\u00edm %login% \/ %register% pro zobrazen\u00ed t\u00e9to str\u00e1nky.<\/div><\/p>\n<p><!-- \/divi:paragraph --><\/p>\n<p>[\/et_pb_text][\/et_pb_column][\/et_pb_row][\/et_pb_section]<\/p>\n","protected":false},"excerpt":{"rendered":"<p>Zadejte V\u00e1\u0161 syst\u00e9m<div class=\"wpuf-message\">Tato str\u00e1nka m\u00e1 omezen\u00fd p\u0159\u00edstup. Pros\u00edm %login% \/ %register% pro zobrazen\u00ed t\u00e9to str\u00e1nky.<\/div><\/p>","protected":false},"author":1,"featured_media":0,"parent":0,"menu_order":0,"comment_status":"closed","ping_status":"closed","template":"","meta":{"_acf_changed":false,"_et_pb_use_builder":"on","_et_pb_old_content":"<!-- wp:paragraph -->\n<p>[wpuf_form id=\"230\"]<\/p>\n<!-- \/wp:paragraph -->","_et_gb_content_width":"1080","footnotes":""},"class_list":["post-246","page","type-page","status-publish","hentry"],"acf":[],"_links":{"self":[{"href":"http:\/\/3.72.214.174\/en\/wp-json\/wp\/v2\/pages\/246","targetHints":{"allow":["GET"]}}],"collection":[{"href":"http:\/\/3.72.214.174\/en\/wp-json\/wp\/v2\/pages"}],"about":[{"href":"http:\/\/3.72.214.174\/en\/wp-json\/wp\/v2\/types\/page"}],"author":[{"embeddable":true,"href":"http:\/\/3.72.214.174\/en\/wp-json\/wp\/v2\/users\/1"}],"replies":[{"embeddable":true,"href":"http:\/\/3.72.214.174\/en\/wp-json\/wp\/v2\/comments?post=246"}],"version-history":[{"count":1,"href":"http:\/\/3.72.214.174\/en\/wp-json\/wp\/v2\/pages\/246\/revisions"}],"predecessor-version":[{"id":252048,"href":"http:\/\/3.72.214.174\/en\/wp-json\/wp\/v2\/pages\/246\/revisions\/252048"}],"wp:attachment":[{"href":"http:\/\/3.72.214.174\/en\/wp-json\/wp\/v2\/media?parent=246"}],"curies":[{"name":"wp","href":"https:\/\/api.w.org\/{rel}","templated":true}]}}