{"id":250018,"date":"2022-04-27T20:28:57","date_gmt":"2022-04-27T18:28:57","guid":{"rendered":"https:\/\/www.gptom.com\/?page_id=250018"},"modified":"2022-12-13T18:28:00","modified_gmt":"2022-12-13T17:28:00","slug":"customization","status":"publish","type":"page","link":"http:\/\/3.72.214.174\/en\/customization\/","title":{"rendered":"Remote control of functions"},"content":{"rendered":"<p>[et_pb_section fb_built=&#8220;1&#8243; _builder_version=&#8220;4.19.1&#8243; _module_preset=&#8220;default&#8220; background_image=&#8220;https:\/\/www.gptom.com\/wp-content\/uploads\/2022\/04\/ante-hamersmit-5mHMfz_CMY-unsplash-scaled.jpg&#8220; min_height=&#8220;40em&#8220; hover_enabled=&#8220;0&#8243; global_colors_info=&#8220;{%22gcid-4c58a40f-917e-42df-9b5b-7273365740ec%22:%91%22background_color_gradient_stops%22%93,%22gcid-40d49141-6cfe-4172-8f4b-f0b28f9a022e%22:%91%22background_color_gradient_stops%22%93,%22gcid-3adfa4fa-e897-488b-9eec-e04bd5433eda%22:%91%22background_color_gradient_stops%22%93}&#8220; use_background_color_gradient=&#8220;on&#8220; background_color_gradient_overlays_image=&#8220;on&#8220; background_color_gradient_stops=&#8220;rgba(255,255,255,0) 0%|rgba(255,255,255,0) 73%|gcid-3adfa4fa-e897-488b-9eec-e04bd5433eda 100%&#8220; background_color_gradient_direction=&#8220;0deg&#8220; sticky_enabled=&#8220;0&#8243;][et_pb_row make_equal=&#8220;on&#8220; _builder_version=&#8220;4.17.2&#8243; _module_preset=&#8220;default&#8220; custom_margin=&#8220;300px||||false|false&#8220; custom_css_main_element=&#8220;margin: auto auto 0;&#8220; global_colors_info=&#8220;{}&#8220;][et_pb_column type=&#8220;4_4&#8243; _builder_version=&#8220;4.17.2&#8243; _module_preset=&#8220;default&#8220; global_colors_info=&#8220;{}&#8220;][et_pb_text _builder_version=&#8220;4.19.1&#8243; _module_preset=&#8220;default&#8220; text_text_color=&#8220;#FFFFFF&#8220; header_text_align=&#8220;center&#8220; header_text_color=&#8220;#FFFFFF&#8220; header_font_size=&#8220;72px&#8220; custom_margin=&#8220;||-2px|||&#8220; hover_enabled=&#8220;0&#8243; global_colors_info=&#8220;{}&#8220; text_font_size_last_edited=&#8220;on|phone&#8220; text_font_size_phone=&#8220;10vw&#8220; header_font_size_last_edited=&#8220;on|phone&#8220; header_font_size_phone=&#8220;10vw&#8220; sticky_enabled=&#8220;0&#8243; header_font_size_tablet=&#8220;72px&#8220;]<\/p>\n<h1>P\u0159izp\u016fsobit se?<\/h1>\n<p>[\/et_pb_text][et_pb_image src=&#8220;https:\/\/www.gptom.com\/wp-content\/uploads\/2022\/04\/vyreseno_cz_white.png&#8220; title_text=&#8220;vyreseno_cz_white&#8220; _builder_version=&#8220;4.19.1&#8243; _module_preset=&#8220;default&#8220; width=&#8220;20%&#8220; module_alignment=&#8220;center&#8220; hover_enabled=&#8220;0&#8243; global_colors_info=&#8220;{}&#8220; width_last_edited=&#8220;on|phone&#8220; width_phone=&#8220;40%&#8220; sticky_enabled=&#8220;0&#8243; width_tablet=&#8220;20%&#8220;][\/et_pb_image][\/et_pb_column][\/et_pb_row][\/et_pb_section][et_pb_section fb_built=&#8220;1&#8243; _builder_version=&#8220;4.17.2&#8243; _module_preset=&#8220;default&#8220; global_colors_info=&#8220;{}&#8220;][et_pb_row column_structure=&#8220;1_2,1_2&#8243; _builder_version=&#8220;4.17.2&#8243; _module_preset=&#8220;default&#8220; global_colors_info=&#8220;{}&#8220;][et_pb_column type=&#8220;1_2&#8243; _builder_version=&#8220;4.17.2&#8243; _module_preset=&#8220;default&#8220; global_colors_info=&#8220;{}&#8220;][et_pb_image src=&#8220;https:\/\/www.gptom.com\/wp-content\/uploads\/2022\/04\/banner_managed-ucet_slim.png&#8220; title_text=&#8220;banner_managed-ucet_slim&#8220; align=&#8220;center&#8220; _builder_version=&#8220;4.17.2&#8243; _module_preset=&#8220;default&#8220; module_alignment=&#8220;center&#8220; max_height=&#8220;500px&#8220; custom_margin=&#8220;0px|0px|0px|0px|false|false&#8220; custom_padding=&#8220;0px|0px|0px|0px|false|false&#8220; border_color_all=&#8220;gcid-4c58a40f-917e-42df-9b5b-7273365740ec&#8220; global_colors_info=&#8220;{%22gcid-4c58a40f-917e-42df-9b5b-7273365740ec%22:%91%22border_color_all%22%93}&#8220;][\/et_pb_image][\/et_pb_column][et_pb_column type=&#8220;1_2&#8243; _builder_version=&#8220;4.17.2&#8243; _module_preset=&#8220;default&#8220; global_colors_info=&#8220;{}&#8220;][et_pb_text _builder_version=&#8220;4.17.2&#8243; _module_preset=&#8220;default&#8220; text_font=&#8220;GP commerce Bold||||||||&#8220; text_font_size=&#8220;24px&#8220; custom_padding=&#8220;10px||10px||false|false&#8220; global_colors_info=&#8220;{}&#8220;]<\/p>\n<h1>Nastavte si aplikaci na m\u00edru<\/h1>\n<p>[\/et_pb_text][et_pb_text _builder_version=&#8220;4.17.2&#8243; _module_preset=&#8220;default&#8220; global_colors_info=&#8220;{}&#8220;]<\/p>\n<p>Ch\u00e1peme, \u017ee ka\u017ed\u00e9 podnik\u00e1n\u00ed si vy\u017eaduje sv\u00e9. Proto na\u0161e aplikace se um\u00ed p\u0159izp\u016fsobit pot\u0159eb\u00e1m \u00a0v\u00e1s a va\u0161ich zam\u011bstnanc\u016f a umo\u017enit pou\u017e\u00edvat vybran\u00e9 funkce a slu\u017eby. Co um\u00edme skr\u00fdt nebo neumo\u017enit zm\u011bnit:<\/p>\n<p>[\/et_pb_text][et_pb_text ul_type=&#8220;none&#8220; ul_position=&#8220;inside&#8220; module_class=&#8220;custom_bullets_wpcc custom_bullets_wpcc&#8211;check&#8220; _builder_version=&#8220;4.17.2&#8243; _module_preset=&#8220;default&#8220; global_colors_info=&#8220;{}&#8220;]<\/p>\n<ul>\n<li>typy platebn\u00edch metod<\/li>\n<li>u\u017eivatelsk\u00e9 zm\u011bny nastaven\u00ed<\/li>\n<li>spropitn\u00e9<\/li>\n<li>storno plateb<\/li>\n<li>zm\u011bna nastaven\u00ed \u00fa\u010dtenek<\/li>\n<li>zm\u011bna obl\u00edben\u00fdch \u010d\u00e1stek<\/li>\n<li>\u010dten\u00ed QR k\u00f3d\u016f pro zrychlen\u00ed platby<\/li>\n<\/ul>\n<p>[\/et_pb_text][\/et_pb_column][\/et_pb_row][\/et_pb_section][et_pb_section fb_built=&#8220;1&#8243; _builder_version=&#8220;4.17.2&#8243; _module_preset=&#8220;default&#8220; background_color=&#8220;gcid-4c58a40f-917e-42df-9b5b-7273365740ec&#8220; global_colors_info=&#8220;{%22gcid-4c58a40f-917e-42df-9b5b-7273365740ec%22:%91%22background_color%22%93}&#8220;][et_pb_row _builder_version=&#8220;4.17.2&#8243; _module_preset=&#8220;default&#8220; custom_padding=&#8220;||0px|||&#8220; global_colors_info=&#8220;{}&#8220;][et_pb_column type=&#8220;4_4&#8243; _builder_version=&#8220;4.17.2&#8243; _module_preset=&#8220;default&#8220; global_colors_info=&#8220;{}&#8220;][et_pb_text _builder_version=&#8220;4.17.2&#8243; _module_preset=&#8220;default&#8220; text_font=&#8220;GP commerce Bold||||||||&#8220; text_font_size=&#8220;24px&#8220; header_text_align=&#8220;center&#8220; header_text_color=&#8220;gcid-b7996809-1fa2-4156-b27e-7004cca8b85c&#8220; custom_padding=&#8220;10px||10px||false|false&#8220; global_colors_info=&#8220;{%22gcid-b7996809-1fa2-4156-b27e-7004cca8b85c%22:%91%22header_text_color%22%93}&#8220;]<\/p>\n<h1>Kdy se funkce m\u016f\u017ee hodit?<\/h1>\n<p>[\/et_pb_text][\/et_pb_column][\/et_pb_row][et_pb_row column_structure=&#8220;1_3,1_3,1_3&#8243; _builder_version=&#8220;4.17.2&#8243; _module_preset=&#8220;default&#8220; global_colors_info=&#8220;{}&#8220;][et_pb_column type=&#8220;1_3&#8243; _builder_version=&#8220;4.17.2&#8243; _module_preset=&#8220;default&#8220; global_colors_info=&#8220;{}&#8220;][et_pb_image src=&#8220;https:\/\/www.gptom.com\/wp-content\/uploads\/2022\/04\/rosebox-BFdSCxmqvYc-unsplash.jpg&#8220; title_text=&#8220;rosebox-BFdSCxmqvYc-unsplash&#8220; align=&#8220;center&#8220; force_fullwidth=&#8220;on&#8220; _builder_version=&#8220;4.17.2&#8243; _module_preset=&#8220;default&#8220; max_height=&#8220;300px&#8220; custom_margin=&#8220;||10px||false|false&#8220; global_colors_info=&#8220;{}&#8220;][\/et_pb_image][et_pb_text _builder_version=&#8220;4.17.2&#8243; _module_preset=&#8220;default&#8220; text_font=&#8220;GP commerce Bold||||||||&#8220; text_font_size=&#8220;18px&#8220; header_font_size=&#8220;22px&#8220; custom_margin=&#8220;||-2px|||&#8220; custom_padding=&#8220;10px||10px||false|false&#8220; global_colors_info=&#8220;{}&#8220;]<\/p>\n<h3>Nastaven\u00ed pro zam\u011bstnance<\/h3>\n<p>[\/et_pb_text][et_pb_text _builder_version=&#8220;4.17.2&#8243; _module_preset=&#8220;default&#8220; global_colors_info=&#8220;{}&#8220;]<\/p>\n<p>Pokud chcete omezit sv\u00fdm zam\u011bstnanc\u016fm funkce, kter\u00e9 mohou v aplikaci pou\u017e\u00edvat, potom toto je ta spr\u00e1vn\u00e1 funkce, kter\u00e1 v\u00e1m toto umo\u017en\u00ed. Aplikaci nastav\u00edme, jak si \u0159eknete.<\/p>\n<p>[\/et_pb_text][\/et_pb_column][et_pb_column type=&#8220;1_3&#8243; _builder_version=&#8220;4.17.2&#8243; _module_preset=&#8220;default&#8220; global_colors_info=&#8220;{}&#8220;][et_pb_image src=&#8220;https:\/\/www.gptom.com\/wp-content\/uploads\/2022\/04\/nordwood-themes-q8U1YgBaRQk-unsplash.jpg&#8220; title_text=&#8220;nordwood-themes-q8U1YgBaRQk-unsplash&#8220; force_fullwidth=&#8220;on&#8220; _builder_version=&#8220;4.17.2&#8243; _module_preset=&#8220;default&#8220; height=&#8220;300px&#8220; max_height=&#8220;300px&#8220; custom_margin=&#8220;||10px||false|false&#8220; global_colors_info=&#8220;{}&#8220;][\/et_pb_image][et_pb_text _builder_version=&#8220;4.17.2&#8243; _module_preset=&#8220;default&#8220; text_font=&#8220;GP commerce Bold||||||||&#8220; text_font_size=&#8220;18px&#8220; header_font_size=&#8220;22px&#8220; custom_margin=&#8220;||-2px|||&#8220; custom_padding=&#8220;10px||10px||false|false&#8220; locked=&#8220;off&#8220; global_colors_info=&#8220;{}&#8220;]<\/p>\n<h3>Pou\u017e\u00edv\u00e1m co pot\u0159ebuji<\/h3>\n<p>[\/et_pb_text][et_pb_text _builder_version=&#8220;4.17.2&#8243; _module_preset=&#8220;default&#8220; global_colors_info=&#8220;{}&#8220;]<\/p>\n<p>Nechcete p\u0159ij\u00edmat n\u011bkter\u00e9 platebn\u00ed metody? Nepot\u0159ebujete spropitn\u00e9 a zavaz\u00ed v\u00e1m v aplikaci? \u00a0Dejte n\u00e1m v\u011bd\u011bt a my v\u0161e nastav\u00edme dle va\u0161eho p\u0159\u00e1n\u00ed.<\/p>\n<p>[\/et_pb_text][\/et_pb_column][et_pb_column type=&#8220;1_3&#8243; _builder_version=&#8220;4.17.2&#8243; _module_preset=&#8220;default&#8220; global_colors_info=&#8220;{}&#8220;][et_pb_image src=&#8220;https:\/\/www.gptom.com\/wp-content\/uploads\/2022\/04\/timothy-muza-6VjPmyMj5KM-unsplash.jpg&#8220; title_text=&#8220;timothy-muza-6VjPmyMj5KM-unsplash&#8220; force_fullwidth=&#8220;on&#8220; _builder_version=&#8220;4.17.2&#8243; _module_preset=&#8220;default&#8220; height=&#8220;300px&#8220; max_height=&#8220;300px&#8220; custom_margin=&#8220;||10px||false|false&#8220; global_colors_info=&#8220;{}&#8220;][\/et_pb_image][et_pb_text _builder_version=&#8220;4.17.2&#8243; _module_preset=&#8220;default&#8220; text_font=&#8220;GP commerce Bold||||||||&#8220; text_font_size=&#8220;18px&#8220; header_font_size=&#8220;22px&#8220; custom_margin=&#8220;||-2px|||&#8220; custom_padding=&#8220;10px||10px||false|false&#8220; locked=&#8220;off&#8220; global_colors_info=&#8220;{}&#8220;]<\/p>\n<h3>Men\u0161\u00ed nutnost podpory<\/h3>\n<p>[\/et_pb_text][et_pb_text _builder_version=&#8220;4.17.2&#8243; _module_preset=&#8220;default&#8220; global_colors_info=&#8220;{}&#8220;]<\/p>\n<p>Pro spole\u010dnosti se stovkami za\u0159\u00edzen\u00ed tak efektivn\u011b \u0159\u00edd\u00edte aplikaci v poli a eliminujete tak chybn\u00e9 zm\u011bny v nastaven\u00ed ze strany u\u017eivatele a n\u00e1slednou nefunk\u010dnost \u010di chybovost.<\/p>\n<p>[\/et_pb_text][\/et_pb_column][\/et_pb_row][\/et_pb_section][et_pb_section fb_built=&#8220;1&#8243; _builder_version=&#8220;4.17.2&#8243; _module_preset=&#8220;default&#8220; background_color=&#8220;gcid-b7996809-1fa2-4156-b27e-7004cca8b85c&#8220; custom_padding=&#8220;28px||11px|||&#8220; global_colors_info=&#8220;{%22gcid-b7996809-1fa2-4156-b27e-7004cca8b85c%22:%91%22background_color%22%93}&#8220;][et_pb_row column_structure=&#8220;1_2,1_2&#8243; _builder_version=&#8220;4.17.2&#8243; _module_preset=&#8220;default&#8220; global_colors_info=&#8220;{}&#8220;][et_pb_column type=&#8220;1_2&#8243; _builder_version=&#8220;4.17.2&#8243; _module_preset=&#8220;default&#8220; global_colors_info=&#8220;{}&#8220;][et_pb_text _builder_version=&#8220;4.19.1&#8243; _module_preset=&#8220;default&#8220; text_font=&#8220;GP commerce Bold||||||||&#8220; text_font_size=&#8220;24px&#8220; header_font_size=&#8220;48px&#8220; text_orientation=&#8220;right&#8220; custom_padding=&#8220;10px||10px||false|false&#8220; hover_enabled=&#8220;0&#8243; global_colors_info=&#8220;{}&#8220; header_text_align_last_edited=&#8220;on|phone&#8220; header_text_align_phone=&#8220;center&#8220; sticky_enabled=&#8220;0&#8243;]<\/p>\n<h1>Za\u010dn\u011bte<\/h1>\n<h1>te\u010f!<\/h1>\n<p>[\/et_pb_text][\/et_pb_column][et_pb_column type=&#8220;1_2&#8243; _builder_version=&#8220;4.17.2&#8243; _module_preset=&#8220;default&#8220; global_colors_info=&#8220;{}&#8220;][et_pb_contact_form email=&#8220;rbryx@globalpayments.cz&#8220; custom_message=&#8220;Vypln\u011bn kontaktn\u00ed formul\u00e1\u0159 na lead&#8220; success_message=&#8220;Va\u0161e kontaktn\u00ed \u00fadaje byly \u00fasp\u011b\u0161n\u011b odesl\u00e1ny!&#8220; submit_button_text=&#8220;ODESLAT&#8220; _builder_version=&#8220;4.17.2&#8243; _module_preset=&#8220;default&#8220; _unique_id=&#8220;0ed5e704-07a3-4b7a-9a62-57a973d72549&#8243; custom_button=&#8220;on&#8220; button_text_size=&#8220;13px&#8220; button_text_color=&#8220;gcid-b7996809-1fa2-4156-b27e-7004cca8b85c&#8220; button_bg_color=&#8220;#000000&#8243; button_border_radius=&#8220;20px&#8220; button_font=&#8220;GP commerce Regular||||||||&#8220; button_use_icon=&#8220;off&#8220; global_colors_info=&#8220;{%22gcid-b7996809-1fa2-4156-b27e-7004cca8b85c%22:%91%22button_text_color%22%93}&#8220;][et_pb_contact_field field_id=&#8220;Name&#8220; field_title=&#8220;n\u00e1zev spole\u010dnosti&#8220; _builder_version=&#8220;4.17.2&#8243; border_radii=&#8220;on|20px|20px|20px|20px&#8220; global_colors_info=&#8220;{}&#8220; button_text_size__hover_enabled=&#8220;off&#8220; button_one_text_size__hover_enabled=&#8220;off&#8220; button_two_text_size__hover_enabled=&#8220;off&#8220; button_text_color__hover_enabled=&#8220;off&#8220; button_one_text_color__hover_enabled=&#8220;off&#8220; button_two_text_color__hover_enabled=&#8220;off&#8220; button_border_width__hover_enabled=&#8220;off&#8220; button_one_border_width__hover_enabled=&#8220;off&#8220; button_two_border_width__hover_enabled=&#8220;off&#8220; button_border_color__hover_enabled=&#8220;off&#8220; button_one_border_color__hover_enabled=&#8220;off&#8220; button_two_border_color__hover_enabled=&#8220;off&#8220; button_border_radius__hover_enabled=&#8220;off&#8220; button_one_border_radius__hover_enabled=&#8220;off&#8220; button_two_border_radius__hover_enabled=&#8220;off&#8220; button_letter_spacing__hover_enabled=&#8220;off&#8220; button_one_letter_spacing__hover_enabled=&#8220;off&#8220; button_two_letter_spacing__hover_enabled=&#8220;off&#8220; button_bg_color__hover_enabled=&#8220;off&#8220; button_one_bg_color__hover_enabled=&#8220;off&#8220; button_two_bg_color__hover_enabled=&#8220;off&#8220;][\/et_pb_contact_field][et_pb_contact_field field_id=&#8220;ic&#8220; field_title=&#8220;zadejte I\u010c&#8220; field_type=&#8220;email&#8220; _builder_version=&#8220;4.17.2&#8243; border_radii=&#8220;on|20px|20px|20px|20px&#8220; global_colors_info=&#8220;{}&#8220; button_text_size__hover_enabled=&#8220;off&#8220; button_one_text_size__hover_enabled=&#8220;off&#8220; button_two_text_size__hover_enabled=&#8220;off&#8220; button_text_color__hover_enabled=&#8220;off&#8220; button_one_text_color__hover_enabled=&#8220;off&#8220; button_two_text_color__hover_enabled=&#8220;off&#8220; button_border_width__hover_enabled=&#8220;off&#8220; button_one_border_width__hover_enabled=&#8220;off&#8220; button_two_border_width__hover_enabled=&#8220;off&#8220; button_border_color__hover_enabled=&#8220;off&#8220; button_one_border_color__hover_enabled=&#8220;off&#8220; button_two_border_color__hover_enabled=&#8220;off&#8220; button_border_radius__hover_enabled=&#8220;off&#8220; button_one_border_radius__hover_enabled=&#8220;off&#8220; button_two_border_radius__hover_enabled=&#8220;off&#8220; button_letter_spacing__hover_enabled=&#8220;off&#8220; button_one_letter_spacing__hover_enabled=&#8220;off&#8220; button_two_letter_spacing__hover_enabled=&#8220;off&#8220; button_bg_color__hover_enabled=&#8220;off&#8220; button_one_bg_color__hover_enabled=&#8220;off&#8220; button_two_bg_color__hover_enabled=&#8220;off&#8220;][\/et_pb_contact_field][et_pb_contact_field field_id=&#8220;email&#8220; field_title=&#8220;zadejte email&#8220; _builder_version=&#8220;4.17.2&#8243; _module_preset=&#8220;default&#8220; border_radii=&#8220;on|20px|20px|20px|20px&#8220; global_colors_info=&#8220;{}&#8220;][\/et_pb_contact_field][et_pb_contact_field field_id=&#8220;telefon&#8220; field_title=&#8220;zadejte telefon&#8220; _builder_version=&#8220;4.17.2&#8243; _module_preset=&#8220;default&#8220; border_radii=&#8220;on|20px|20px|20px|20px&#8220; global_colors_info=&#8220;{}&#8220;][\/et_pb_contact_field][\/et_pb_contact_form][\/et_pb_column][\/et_pb_row][\/et_pb_section]<\/p>\n","protected":false},"excerpt":{"rendered":"<p>P\u0159izp\u016fsobit se?Nastavte si aplikaci na m\u00edruCh\u00e1peme, \u017ee ka\u017ed\u00e9 podnik\u00e1n\u00ed si vy\u017eaduje sv\u00e9. Proto na\u0161e aplikace se um\u00ed p\u0159izp\u016fsobit pot\u0159eb\u00e1m \u00a0v\u00e1s a va\u0161ich zam\u011bstnanc\u016f a umo\u017enit pou\u017e\u00edvat vybran\u00e9 funkce a slu\u017eby. Co um\u00edme skr\u00fdt nebo neumo\u017enit zm\u011bnit: typy platebn\u00edch metod u\u017eivatelsk\u00e9 zm\u011bny nastaven\u00ed spropitn\u00e9 storno plateb zm\u011bna nastaven\u00ed \u00fa\u010dtenek zm\u011bna obl\u00edben\u00fdch \u010d\u00e1stek \u010dten\u00ed QR k\u00f3d\u016f pro [&hellip;]<\/p>\n","protected":false},"author":1,"featured_media":0,"parent":0,"menu_order":0,"comment_status":"closed","ping_status":"closed","template":"","meta":{"_acf_changed":false,"_et_pb_use_builder":"on","_et_pb_old_content":"","_et_gb_content_width":"","footnotes":""},"class_list":["post-250018","page","type-page","status-publish","hentry"],"acf":[],"_links":{"self":[{"href":"http:\/\/3.72.214.174\/en\/wp-json\/wp\/v2\/pages\/250018","targetHints":{"allow":["GET"]}}],"collection":[{"href":"http:\/\/3.72.214.174\/en\/wp-json\/wp\/v2\/pages"}],"about":[{"href":"http:\/\/3.72.214.174\/en\/wp-json\/wp\/v2\/types\/page"}],"author":[{"embeddable":true,"href":"http:\/\/3.72.214.174\/en\/wp-json\/wp\/v2\/users\/1"}],"replies":[{"embeddable":true,"href":"http:\/\/3.72.214.174\/en\/wp-json\/wp\/v2\/comments?post=250018"}],"version-history":[{"count":2,"href":"http:\/\/3.72.214.174\/en\/wp-json\/wp\/v2\/pages\/250018\/revisions"}],"predecessor-version":[{"id":252601,"href":"http:\/\/3.72.214.174\/en\/wp-json\/wp\/v2\/pages\/250018\/revisions\/252601"}],"wp:attachment":[{"href":"http:\/\/3.72.214.174\/en\/wp-json\/wp\/v2\/media?parent=250018"}],"curies":[{"name":"wp","href":"https:\/\/api.w.org\/{rel}","templated":true}]}}