{"id":250666,"date":"2022-06-03T09:46:28","date_gmt":"2022-06-03T07:46:28","guid":{"rendered":"https:\/\/www.gptom.com\/?page_id=250666"},"modified":"2022-12-13T16:51:19","modified_gmt":"2022-12-13T15:51:19","slug":"bezpecnost","status":"publish","type":"page","link":"http:\/\/3.72.214.174\/en\/bezpecnost\/","title":{"rendered":"Security"},"content":{"rendered":"<p>[et_pb_section fb_built=&#8220;1&#8243; _builder_version=&#8220;4.17.4&#8243; _module_preset=&#8220;default&#8220; background_enable_image=&#8220;off&#8220; custom_margin=&#8220;||||false|false&#8220; custom_padding=&#8220;100px||||false|false&#8220; global_colors_info=&#8220;{}&#8220;][et_pb_row column_structure=&#8220;2_5,3_5&#8243; make_equal=&#8220;on&#8220; _builder_version=&#8220;4.17.4&#8243; _module_preset=&#8220;default&#8220; use_background_color_gradient=&#8220;on&#8220; background_color_gradient_type=&#8220;circular&#8220; background_color_gradient_stops=&#8220;#e82ed5 0%|#30dce5 99%&#8220; background_image=&#8220;https:\/\/www.gptom.com\/wp-content\/uploads\/2022\/06\/gptom_security-1.png&#8220; background_size=&#8220;contain&#8220; background_position=&#8220;center_left&#8220; custom_margin=&#8220;||||false|false&#8220; custom_padding=&#8220;0px||0px||false|false&#8220; hover_enabled=&#8220;0&#8243; custom_css_main_element=&#8220;margin: auto;&#8220; border_radii=&#8220;on|40px|40px|40px|40px&#8220; global_colors_info=&#8220;{}&#8220; background_last_edited=&#8220;on|phone&#8220; background_position_phone=&#8220;bottom_left&#8220; background_size_phone=&#8220;contain&#8220; sticky_enabled=&#8220;0&#8243;][et_pb_column type=&#8220;2_5&#8243; _builder_version=&#8220;4.19.1&#8243; _module_preset=&#8220;default&#8220; hover_enabled=&#8220;0&#8243; global_colors_info=&#8220;{}&#8220; sticky_enabled=&#8220;0&#8243;][\/et_pb_column][et_pb_column type=&#8220;3_5&#8243; _builder_version=&#8220;4.19.1&#8243; _module_preset=&#8220;default&#8220; background_enable_color=&#8220;off&#8220; custom_padding=&#8220;0px||0px||false|false&#8220; hover_enabled=&#8220;0&#8243; border_radii=&#8220;on|40px|40px|40px|40px&#8220; global_colors_info=&#8220;{}&#8220; sticky_enabled=&#8220;0&#8243;][et_pb_text _builder_version=&#8220;4.19.1&#8243; _module_preset=&#8220;default&#8220; text_font=&#8220;GP commerce Light|500|||||||&#8220; text_text_color=&#8220;#FFFFFF&#8220; text_font_size=&#8220;72px&#8220; text_line_height=&#8220;1em&#8220; background_color=&#8220;RGBA(255,255,255,0)&#8220; custom_margin=&#8220;0px||0px||false|false&#8220; custom_padding=&#8220;1.3em|||0.6em|false|false&#8220; hover_enabled=&#8220;0&#8243; global_colors_info=&#8220;{}&#8220; sticky_enabled=&#8220;0&#8243; text_font_size_last_edited=&#8220;on|desktop&#8220; text_font_size_phone=&#8220;48px&#8220; text_font_last_edited=&#8220;on|phone&#8220; text_font_phone=&#8220;GP commerce Medium|500|||||||&#8220; text_font_size_tablet=&#8220;72px&#8220; text_font_tablet=&#8220;GP commerce Light|500|||||||&#8220;]<\/p>\n<p>Va\u0161e bezpe\u010dnost<br \/><strong>je na\u0161e priorita<\/strong><\/p>\n<p>[\/et_pb_text][et_pb_image src=&#8220;https:\/\/www.gptom.com\/wp-content\/uploads\/2022\/04\/vyreseno_cz_white.png&#8220; title_text=&#8220;vyreseno_cz_white&#8220; show_bottom_space=&#8220;off&#8220; _builder_version=&#8220;4.19.1&#8243; _module_preset=&#8220;default&#8220; width=&#8220;200px&#8220; custom_margin=&#8220;0px|0px|0px|50px|false|false&#8220; custom_padding=&#8220;0px|0px|0px|0px|false|false&#8220; hover_enabled=&#8220;0&#8243; global_colors_info=&#8220;{}&#8220; width_last_edited=&#8220;on|phone&#8220; width_phone=&#8220;40%&#8220; sticky_enabled=&#8220;0&#8243; width_tablet=&#8220;200px&#8220;][\/et_pb_image][\/et_pb_column][\/et_pb_row][\/et_pb_section][et_pb_section fb_built=&#8220;1&#8243; _builder_version=&#8220;4.17.4&#8243; _module_preset=&#8220;default&#8220; custom_padding=&#8220;2px|||||&#8220; global_colors_info=&#8220;{}&#8220;][et_pb_row _builder_version=&#8220;4.17.4&#8243; _module_preset=&#8220;default&#8220; global_colors_info=&#8220;{}&#8220;][et_pb_column type=&#8220;4_4&#8243; _builder_version=&#8220;4.17.4&#8243; _module_preset=&#8220;default&#8220; global_colors_info=&#8220;{}&#8220;][et_pb_text _builder_version=&#8220;4.17.4&#8243; _module_preset=&#8220;default&#8220; text_font=&#8220;GP commerce Regular||||||||&#8220; text_font_size=&#8220;22px&#8220; text_line_height=&#8220;1.2em&#8220; global_colors_info=&#8220;{}&#8220;]<\/p>\n<p>\u010cten\u00ed karty telefonem, zad\u00e1v\u00e1n\u00ed PIN k\u00f3du na obrazovce &#8211; to v\u0161e je nezbytn\u00e9 zcela zabezpe\u010dit. D\u00edky zvl\u00e1d\u00e1n\u00ed ochrany aplikace p\u0159ed z\u00edsk\u00e1v\u00e1n\u00edm \u00fadaj\u016f, Pin on Glass technologii a dal\u0161\u00edm bezpe\u010dnostn\u00edm prvk\u016fm v\u00e1m m\u016f\u017eeme nab\u00eddnout zcela zabezpe\u010den\u00e9 \u0159e\u0161en\u00ed p\u0159ij\u00edm\u00e1n\u00ed plateb na mobiln\u00edm za\u0159\u00edzen\u00ed.<\/p>\n<p>[\/et_pb_text][\/et_pb_column][\/et_pb_row][et_pb_row column_structure=&#8220;1_3,1_3,1_3&#8243; _builder_version=&#8220;4.17.4&#8243; _module_preset=&#8220;default&#8220; global_colors_info=&#8220;{}&#8220;][et_pb_column type=&#8220;1_3&#8243; _builder_version=&#8220;4.17.4&#8243; _module_preset=&#8220;default&#8220; global_colors_info=&#8220;{}&#8220;][et_pb_blurb title=&#8220;Certifikov\u00e1no asociacemi&#8220; image=&#8220;https:\/\/www.gptom.com\/wp-content\/uploads\/2022\/06\/asociace_visa_mc.png&#8220; _builder_version=&#8220;4.17.4&#8243; _module_preset=&#8220;default&#8220; header_text_color=&#8220;#FFFFFF&#8220; body_text_color=&#8220;#FFFFFF&#8220; background_color=&#8220;gcid-327ef041-3cf0-4ee5-b62c-60a52367f029&#8243; custom_padding=&#8220;|20px|20px|20px|false|false&#8220; border_radii=&#8220;on|20px|20px|20px|20px&#8220; global_colors_info=&#8220;{%22gcid-327ef041-3cf0-4ee5-b62c-60a52367f029%22:%91%22background_color%22%93}&#8220;]<\/p>\n<p>Aplikace je pln\u011b certifikov\u00e1na a je v souladu s mand\u00e1ty karetn\u00edch asociac\u00ed Visa a Mastercard. Absolvovali jsme v\u0161echny p\u0159edepsan\u00e9 kontroly a certifikace. S ob\u011bma karetn\u00edmi asociacemi tak\u00e9 \u00fazce spolupracujeme.<\/p>\n<p>[\/et_pb_blurb][\/et_pb_column][et_pb_column type=&#8220;1_3&#8243; _builder_version=&#8220;4.17.4&#8243; _module_preset=&#8220;default&#8220; global_colors_info=&#8220;{}&#8220;][et_pb_blurb title=&#8220;PCI DSS (CPoC)&#8220; image=&#8220;https:\/\/www.gptom.com\/wp-content\/uploads\/2022\/05\/mainpage_cpoc.png&#8220; _builder_version=&#8220;4.17.4&#8243; _module_preset=&#8220;default&#8220; header_text_color=&#8220;#FFFFFF&#8220; body_text_color=&#8220;#FFFFFF&#8220; background_color=&#8220;gcid-2ca0d4d2-da54-446c-b01b-bdce791b31cd&#8220; custom_padding=&#8220;|20px|20px|20px|false|false&#8220; border_radii=&#8220;on|20px|20px|20px|20px&#8220; locked=&#8220;off&#8220; global_colors_info=&#8220;{%22gcid-2ca0d4d2-da54-446c-b01b-bdce791b31cd%22:%91%22background_color%22%93}&#8220;]<\/p>\n<p>Aplikace je \u00fasp\u011b\u0161n\u011b certifikov\u00e1na v r\u00e1mci CPoC standardu od sdru\u017een\u00ed PCI DSS a spl\u0148uje tak nejvy\u0161\u0161\u00ed standardy p\u0159edepsan\u00e9 t\u00edmto sdru\u017een\u00edm. P\u0159ipravujeme se na MPoC.<\/p>\n<p>[\/et_pb_blurb][\/et_pb_column][et_pb_column type=&#8220;1_3&#8243; _builder_version=&#8220;4.17.4&#8243; _module_preset=&#8220;default&#8220; global_colors_info=&#8220;{}&#8220;][et_pb_blurb title=&#8220;Nez\u00e1visle auditov\u00e1no&#8220; image=&#8220;https:\/\/www.gptom.com\/wp-content\/uploads\/2022\/05\/mainpage_sgs.png&#8220; _builder_version=&#8220;4.17.4&#8243; _module_preset=&#8220;default&#8220; header_text_color=&#8220;#FFFFFF&#8220; body_text_color=&#8220;#FFFFFF&#8220; background_color=&#8220;gcid-648b0437-4b94-43b1-a8cf-dd0e3bd92952&#8243; custom_padding=&#8220;|20px|20px|20px|false|false&#8220; border_radii=&#8220;on|20px|20px|20px|20px&#8220; locked=&#8220;off&#8220; global_colors_info=&#8220;{%22gcid-648b0437-4b94-43b1-a8cf-dd0e3bd92952%22:%91%22background_color%22%93}&#8220;]<\/p>\n<p>P\u0159esto\u017ee m\u00e1me v\u0161echny certifikace \u00fasp\u011b\u0161n\u011b absolvovan\u00e9, z\u00e1le\u017e\u00ed n\u00e1m na maxim\u00e1ln\u00ed bezpe\u010dnosti. Proto vyu\u017e\u00edv\u00e1me i renomovan\u00e9 spole\u010dnosti zam\u011b\u0159uj\u00edc\u00ed se na bezpe\u010dnostn\u00ed audity platebn\u00edch \u0159e\u0161en\u00ed, jako je nap\u0159\u00edklad spole\u010dnost SGS\/Brightsight.<\/p>\n<p>[\/et_pb_blurb][\/et_pb_column][\/et_pb_row][et_pb_row column_structure=&#8220;1_2,1_2&#8243; _builder_version=&#8220;4.17.4&#8243; _module_preset=&#8220;default&#8220; global_colors_info=&#8220;{}&#8220;][et_pb_column type=&#8220;1_2&#8243; _builder_version=&#8220;4.17.4&#8243; _module_preset=&#8220;default&#8220; global_colors_info=&#8220;{}&#8220;][et_pb_image src=&#8220;https:\/\/www.gptom.com\/wp-content\/uploads\/2022\/06\/olRwW9.webp&#8220; title_text=&#8220;olRwW9&#8243; _builder_version=&#8220;4.17.4&#8243; _module_preset=&#8220;default&#8220; animation_style=&#8220;fade&#8220; border_radii=&#8220;on|20px|20px|20px|20px&#8220; global_colors_info=&#8220;{}&#8220;][\/et_pb_image][\/et_pb_column][et_pb_column type=&#8220;1_2&#8243; _builder_version=&#8220;4.17.4&#8243; _module_preset=&#8220;default&#8220; global_colors_info=&#8220;{}&#8220;][et_pb_text _builder_version=&#8220;4.17.4&#8243; _module_preset=&#8220;default&#8220; text_font=&#8220;GP commerce Bold||||||||&#8220; text_font_size=&#8220;24px&#8220; custom_padding=&#8220;10px||10px||false|false&#8220; global_colors_info=&#8220;{}&#8220;]<\/p>\n<p>Co d\u011bl\u00e1me pro bezpe\u010dnost \u0159e\u0161en\u00ed?<\/p>\n<p>[\/et_pb_text][et_pb_text _builder_version=&#8220;4.17.4&#8243; _module_preset=&#8220;default&#8220; global_colors_info=&#8220;{}&#8220;]<\/p>\n<p>Cel\u00fd proces platby je \u0161ifrov\u00e1n a vyu\u017e\u00edv\u00e1me nejvy\u0161\u0161\u00ed verzi kryptografick\u00e9ho protokolu TLS 1.2. Pro \u0161ifrov\u00e1n\u00ed PIN k\u00f3du pou\u017e\u00edv\u00e1me DUKPT mechanismus kter\u00fd zcela eliminuje mo\u017enost z\u00edskat PIN k\u00f3d v pln\u00e9 podob\u011b. V aplikaci nen\u00ed ani mo\u017en\u00e9 jakkoliv ovlivnit, na jak\u00fd \u00fa\u010det budou p\u0159ips\u00e1ny pen\u00edze z plateb &#8211; tedy neexistuje jak\u00e1koliv mo\u017enost zneu\u017eit\u00ed.\u00a0<\/p>\n<p>[\/et_pb_text][\/et_pb_column][\/et_pb_row][et_pb_row admin_label=&#8220;Row&#8220; _builder_version=&#8220;4.17.4&#8243; _module_preset=&#8220;default&#8220; global_colors_info=&#8220;{}&#8220;][et_pb_column type=&#8220;4_4&#8243; _builder_version=&#8220;4.17.4&#8243; _module_preset=&#8220;default&#8220; global_colors_info=&#8220;{}&#8220;][et_pb_text _builder_version=&#8220;4.17.4&#8243; _module_preset=&#8220;default&#8220; text_font=&#8220;GP commerce Bold||||||||&#8220; text_font_size=&#8220;24px&#8220; custom_padding=&#8220;10px||10px||false|false&#8220; global_colors_info=&#8220;{}&#8220;]<\/p>\n<h2>Nej\u010dast\u011bj\u0161\u00ed dotazy<\/h2>\n<p>[\/et_pb_text][et_pb_accordion closed_toggle_background_color=&#8220;#FFFFFF&#8220; toggle_icon=&#8220;&#x33;||divi||400&#8243; _builder_version=&#8220;4.17.4&#8243; _module_preset=&#8220;default&#8220; border_radii=&#8220;on|20px|20px|20px|20px&#8220; global_colors_info=&#8220;{}&#8220;][et_pb_accordion_item title=&#8220;Je \u0159e\u0161en\u00ed termin\u00e1lu v mobilu bezpe\u010dn\u00e9?&#8220; open=&#8220;on&#8220; _builder_version=&#8220;4.17.4&#8243; _module_preset=&#8220;default&#8220; global_colors_info=&#8220;{}&#8220;]<\/p>\n<p>Kdyby nebylo bezpe\u010dn\u00e9, karetn\u00ed asociace by n\u00e1m nikdy nedovolily skrze toto \u0159e\u0161en\u00ed p\u0159ij\u00edmat bankovn\u00ed karty. Proto\u017ee jsme ale \u00fasp\u011b\u0161n\u011b absolvovali v\u0161echny bezpe\u010dnostn\u00ed certifitikace a testy, m\u016f\u017eeme v\u00e1m potvrdit, \u017ee termin\u00e1l v mobilu je nejm\u00e9n\u011b stejn\u011b tak bezpe\u010dn\u00fd, jako jsou klasick\u00e9 platebn\u00ed termin\u00e1ly.<\/p>\n<p>[\/et_pb_accordion_item][et_pb_accordion_item title=&#8220;Co kdy\u017e ztrat\u00edm telefon?&#8220; _builder_version=&#8220;4.17.4&#8243; _module_preset=&#8220;default&#8220; global_colors_info=&#8220;{}&#8220; open=&#8220;off&#8220;]<\/p>\n<p>Nic se ned\u011bje, sta\u010d\u00ed n\u00e1s kontaktovat a my dan\u00e9 za\u0159\u00edzen\u00ed ihned zablokujeme. Pokud se k v\u00e1m telefon nevr\u00e1t\u00ed, sta\u010d\u00ed si po\u0159\u00eddit nov\u00fd a znovu se do aplikace p\u0159ihl\u00e1sit. V\u00e1\u0161 nov\u00fd telefon pak p\u0159i\u0159ad\u00edme k va\u0161emu \u00fa\u010dtu.<\/p>\n<p>[\/et_pb_accordion_item][et_pb_accordion_item title=&#8220;Pro\u010d se GP tom nem\u016f\u017ee pou\u017e\u00edvat na star\u0161\u00edch za\u0159\u00edzen\u00edch?&#8220; _builder_version=&#8220;4.17.4&#8243; _module_preset=&#8220;default&#8220; global_colors_info=&#8220;{}&#8220; open=&#8220;off&#8220;]<\/p>\n<p>D\u016fvodem je bezpe\u010dnost. Spole\u010dnost Google pro opera\u010dn\u00ed syst\u00e9m Android vyd\u00e1v\u00e1 bezpe\u010dnostn\u00ed z\u00e1platy a fixy od verze 8 a vy\u0161\u0161\u00ed &#8211; t\u00edm je zabezpe\u010deno, \u017ee p\u0159\u00edpadn\u00e1 rizika jsou \u0159e\u0161ena a z\u00e1platov\u00e1na spole\u010dnost\u00ed Google. D\u00edky tomu je mo\u017en\u00e9 zajistit, \u017ee bezpe\u010dnost bude v\u017edy na po\u017eadovan\u00e9 \u00farovni. Karetn\u00ed asociace vy\u017eaduj\u00ed verzi 8 jako minim\u00e1ln\u00ed verzi.<\/p>\n<p>[\/et_pb_accordion_item][et_pb_accordion_item title=&#8220;M\u016f\u017ee doj\u00edt ke zneu\u017eit\u00ed citliv\u00fdch dat?&#8220; _builder_version=&#8220;4.17.4&#8243; _module_preset=&#8220;default&#8220; global_colors_info=&#8220;{}&#8220; open=&#8220;off&#8220;]<\/p>\n<p>Nem\u016f\u017ee. Bezpe\u010dnostn\u00ed \u010d\u00e1st zpracov\u00e1vaj\u00edc\u00ed kartu je odd\u011blena od zbytku aplikace a samotn\u00e1 aplikace tak nijak neuchov\u00e1v\u00e1 citliv\u00e9 karetn\u00ed \u00fadaje. Stejn\u011b tak PIN k\u00f3d zpracov\u00e1v\u00e1 odd\u011blen\u00e1 \u010d\u00e1st, kter\u00e1 ho \u0161ifruje DUKPT mechanismem, kter\u00fd neumo\u017en\u00ed z dat nebo komunikace karetn\u00ed \u00fadaje z\u00edskat. Tato technologie se pou\u017e\u00edv\u00e1 v platebn\u00edm sv\u011bte n\u011bkolik let a jej\u00ed bezpe\u010dnost byla potvrzena.<\/p>\n<p>[\/et_pb_accordion_item][et_pb_accordion_item title=&#8220;Co kdy\u017e si n\u011bkdo nahraje m\u00e9 zad\u00e1v\u00e1n\u00ed PIN k\u00f3du?&#8220; _builder_version=&#8220;4.17.4&#8243; _module_preset=&#8220;default&#8220; global_colors_info=&#8220;{}&#8220; open=&#8220;off&#8220;]<\/p>\n<p>Toto nen\u00ed mo\u017en\u00e9. Aplikace p\u0159ed vyvol\u00e1n\u00edm pin kl\u00e1vesnice kontroluje b\u011b\u017e\u00edc\u00ed aplikace na pozad\u00ed a neumo\u017en\u00ed z\u00e1znam obrazovky. Sou\u010dasn\u011b kl\u00e1vesnice na obrazovce m\u011bn\u00ed svou pozici, proto ani nen\u00ed mo\u017en\u00e9 z\u00edskat pin k\u00f3d nap\u0159\u00edklad podle otisk\u016f prstu.<\/p>\n<p>[\/et_pb_accordion_item][\/et_pb_accordion][\/et_pb_column][\/et_pb_row][\/et_pb_section]<\/p>\n","protected":false},"excerpt":{"rendered":"<p>Va\u0161e bezpe\u010dnostje na\u0161e priorita\u010cten\u00ed karty telefonem, zad\u00e1v\u00e1n\u00ed PIN k\u00f3du na obrazovce &#8211; to v\u0161e je nezbytn\u00e9 zcela zabezpe\u010dit. D\u00edky zvl\u00e1d\u00e1n\u00ed ochrany aplikace p\u0159ed z\u00edsk\u00e1v\u00e1n\u00edm \u00fadaj\u016f, Pin on Glass technologii a dal\u0161\u00edm bezpe\u010dnostn\u00edm prvk\u016fm v\u00e1m m\u016f\u017eeme nab\u00eddnout zcela zabezpe\u010den\u00e9 \u0159e\u0161en\u00ed p\u0159ij\u00edm\u00e1n\u00ed plateb na mobiln\u00edm za\u0159\u00edzen\u00ed.Aplikace je pln\u011b certifikov\u00e1na a je v souladu s mand\u00e1ty karetn\u00edch asociac\u00ed [&hellip;]<\/p>\n","protected":false},"author":1,"featured_media":0,"parent":0,"menu_order":0,"comment_status":"closed","ping_status":"closed","template":"","meta":{"_acf_changed":false,"_et_pb_use_builder":"on","_et_pb_old_content":"","_et_gb_content_width":"","footnotes":""},"class_list":["post-250666","page","type-page","status-publish","hentry"],"acf":[],"_links":{"self":[{"href":"http:\/\/3.72.214.174\/en\/wp-json\/wp\/v2\/pages\/250666","targetHints":{"allow":["GET"]}}],"collection":[{"href":"http:\/\/3.72.214.174\/en\/wp-json\/wp\/v2\/pages"}],"about":[{"href":"http:\/\/3.72.214.174\/en\/wp-json\/wp\/v2\/types\/page"}],"author":[{"embeddable":true,"href":"http:\/\/3.72.214.174\/en\/wp-json\/wp\/v2\/users\/1"}],"replies":[{"embeddable":true,"href":"http:\/\/3.72.214.174\/en\/wp-json\/wp\/v2\/comments?post=250666"}],"version-history":[{"count":2,"href":"http:\/\/3.72.214.174\/en\/wp-json\/wp\/v2\/pages\/250666\/revisions"}],"predecessor-version":[{"id":252586,"href":"http:\/\/3.72.214.174\/en\/wp-json\/wp\/v2\/pages\/250666\/revisions\/252586"}],"wp:attachment":[{"href":"http:\/\/3.72.214.174\/en\/wp-json\/wp\/v2\/media?parent=250666"}],"curies":[{"name":"wp","href":"https:\/\/api.w.org\/{rel}","templated":true}]}}