{"id":968,"date":"2022-04-16T01:00:07","date_gmt":"2022-04-15T23:00:07","guid":{"rendered":"https:\/\/www.gptom.com\/?page_id=968"},"modified":"2022-12-28T21:03:19","modified_gmt":"2022-12-28T20:03:19","slug":"gdpr","status":"publish","type":"page","link":"http:\/\/3.72.214.174\/hr\/gdpr\/","title":{"rendered":"GDPR"},"content":{"rendered":"<p>[et_pb_section fb_built=&#8220;1&#8243; _builder_version=&#8220;4.17.0&#8243; _module_preset=&#8220;default&#8220; global_colors_info=&#8220;{}&#8220;][et_pb_row _builder_version=&#8220;4.17.0&#8243; _module_preset=&#8220;default&#8220; global_colors_info=&#8220;{}&#8220;][et_pb_column type=&#8220;4_4&#8243; _builder_version=&#8220;4.17.0&#8243; _module_preset=&#8220;default&#8220; global_colors_info=&#8220;{}&#8220;][et_pb_text _builder_version=&#8220;4.19.1&#8243; _module_preset=&#8220;default&#8220; text_font=&#8220;GP commerce Bold||||||||&#8220; text_font_size=&#8220;42px&#8220; custom_padding=&#8220;40px||||false|false&#8220; text_font_size_tablet=&#8220;42px&#8220; text_font_size_phone=&#8220;3em&#8220; text_font_size_last_edited=&#8220;on|phone&#8220; text_line_height_tablet=&#8220;&#8220; text_line_height_phone=&#8220;1.1em&#8220; text_line_height_last_edited=&#8220;on|phone&#8220; global_colors_info=&#8220;{}&#8220;]Na\u0159\u00edzen\u00ed o ochran\u011b osobn\u00edch \u00fadaj\u016f (GDPR)[\/et_pb_text][\/et_pb_column][\/et_pb_row][et_pb_row column_structure=&#8220;1_3,1_3,1_3&#8243; make_equal=&#8220;on&#8220; module_class=&#8220;gq_r_fixed_buttons&#8220; _builder_version=&#8220;4.19.1&#8243; _module_preset=&#8220;default&#8220; hover_enabled=&#8220;0&#8243; global_colors_info=&#8220;{}&#8220; min_height_last_edited=&#8220;on|desktop&#8220; min_height=&#8220;350px&#8220; sticky_enabled=&#8220;0&#8243; min_height_tablet=&#8220;350px&#8220; min_height_phone=&#8220;350px&#8220;][et_pb_column type=&#8220;1_3&#8243; _builder_version=&#8220;4.19.1&#8243; _module_preset=&#8220;default&#8220; background_color=&#8220;#000000&#8243; custom_padding=&#8220;20px|20px|20px|20px|false|false&#8220; hover_enabled=&#8220;0&#8243; border_radii=&#8220;on|20px|20px|20px|20px&#8220; global_colors_info=&#8220;{}&#8220; sticky_enabled=&#8220;0&#8243;][et_pb_text _builder_version=&#8220;4.19.1&#8243; _module_preset=&#8220;default&#8220; text_font=&#8220;GP commerce Bold||||||||&#8220; text_text_color=&#8220;#FFFFFF&#8220; text_font_size=&#8220;24px&#8220; text_line_height_tablet=&#8220;&#8220; text_line_height_phone=&#8220;1.1em&#8220; text_line_height_last_edited=&#8220;on|phone&#8220; global_colors_info=&#8220;{}&#8220;]<\/p>\n<p>Z\u00e1sady zpracov\u00e1n\u00ed osobn\u00edch \u00fadaj\u016f<\/p>\n<p>[\/et_pb_text][et_pb_text _builder_version=&#8220;4.19.1&#8243; _module_preset=&#8220;default&#8220; text_text_color=&#8220;#FFFFFF&#8220; custom_margin=&#8220;||20px||false|false&#8220; global_colors_info=&#8220;{}&#8220;]Tento dokument je ur\u010den obchodn\u00edk\u016fm, kte\u0159\u00ed maj\u00ed s Global Payments s.r.o. podepsanou smlouvu.[\/et_pb_text][et_pb_button button_url=&#8220;https:\/\/cdn-gxx.dataweavers.io\/-\/media\/gpn-jv-czech\/blog\/redesign\/documents\/cz\/2020\/202002_global_payments_zasady_zpracovani_ou_september_2019_final.pdf?modified=00010101000000&#8243; url_new_window=&#8220;on&#8220; button_text=&#8220;ST\u00c1HNOUT&#8220; button_alignment=&#8220;center&#8220; _builder_version=&#8220;4.19.1&#8243; _module_preset=&#8220;default&#8220; custom_button=&#8220;on&#8220; button_text_size=&#8220;15px&#8220; button_text_color=&#8220;#000000&#8243; button_bg_color=&#8220;gcid-b7996809-1fa2-4156-b27e-7004cca8b85c&#8220; button_border_width=&#8220;0px&#8220; button_border_radius=&#8220;21px&#8220; button_letter_spacing=&#8220;1px&#8220; button_font=&#8220;GP commerce Medium||||||||&#8220; button_use_icon=&#8220;off&#8220; custom_margin=&#8220;20px||20px||true|false&#8220; custom_padding=&#8220;10px|20px|10px|20px|false|false&#8220; global_colors_info=&#8220;{%22gcid-b7996809-1fa2-4156-b27e-7004cca8b85c%22:%91%22button_bg_color%22%93}&#8220;][\/et_pb_button][\/et_pb_column][et_pb_column type=&#8220;1_3&#8243; _builder_version=&#8220;4.17.0&#8243; _module_preset=&#8220;default&#8220; background_color=&#8220;#000000&#8243; custom_padding=&#8220;20px|20px|20px|20px|false|false&#8220; border_radii=&#8220;on|20px|20px|20px|20px&#8220; global_colors_info=&#8220;{}&#8220;][et_pb_text _builder_version=&#8220;4.19.1&#8243; _module_preset=&#8220;default&#8220; text_font=&#8220;GP commerce Bold||||||||&#8220; text_text_color=&#8220;#FFFFFF&#8220; text_font_size=&#8220;24px&#8220; text_line_height=&#8220;1.1em&#8220; text_line_height_tablet=&#8220;1.1em&#8220; text_line_height_phone=&#8220;1.1em&#8220; text_line_height_last_edited=&#8220;on|phone&#8220; global_colors_info=&#8220;{}&#8220;]\u010clenov\u00e9 skupiny Global Payments[\/et_pb_text][et_pb_text _builder_version=&#8220;4.17.0&#8243; _module_preset=&#8220;default&#8220; text_text_color=&#8220;#FFFFFF&#8220; global_colors_info=&#8220;{}&#8220;]V p\u0159ilo\u017een\u00e9m dokumentu naleznete v\u0161echny spole\u010dnosti, kter\u00e9 spadaj\u00ed do skupiny Global Payments.[\/et_pb_text][et_pb_button button_url=&#8220;https:\/\/cdn-gxx.dataweavers.io\/-\/media\/gpn-jv-czech\/dokumenty\/gdpr\/clenove-skupiny-global-payments-cz.pdf?modified=20181212143735&#8243; button_text=&#8220;ST\u00c1HNOUT&#8220; button_alignment=&#8220;center&#8220; _builder_version=&#8220;4.19.1&#8243; _module_preset=&#8220;default&#8220; custom_button=&#8220;on&#8220; button_text_size=&#8220;15px&#8220; button_text_color=&#8220;#000000&#8243; button_bg_color=&#8220;gcid-b7996809-1fa2-4156-b27e-7004cca8b85c&#8220; button_border_width=&#8220;0px&#8220; button_border_radius=&#8220;21px&#8220; button_letter_spacing=&#8220;1px&#8220; button_font=&#8220;GP commerce Medium||||||||&#8220; button_use_icon=&#8220;off&#8220; custom_margin=&#8220;20px||20px||true|false&#8220; custom_padding=&#8220;10px|20px|10px|20px|false|false&#8220; global_colors_info=&#8220;{%22gcid-b7996809-1fa2-4156-b27e-7004cca8b85c%22:%91%22button_bg_color%22%93}&#8220;][\/et_pb_button][\/et_pb_column][et_pb_column type=&#8220;1_3&#8243; _builder_version=&#8220;4.17.0&#8243; _module_preset=&#8220;default&#8220; background_color=&#8220;#000000&#8243; custom_padding=&#8220;20px|20px|20px|20px|false|false&#8220; border_radii=&#8220;on|20px|20px|20px|20px&#8220; global_colors_info=&#8220;{}&#8220;][et_pb_text _builder_version=&#8220;4.19.1&#8243; _module_preset=&#8220;default&#8220; text_font=&#8220;GP commerce Bold||||||||&#8220; text_text_color=&#8220;#FFFFFF&#8220; text_font_size=&#8220;24px&#8220; text_line_height_tablet=&#8220;&#8220; text_line_height_phone=&#8220;1.1em&#8220; text_line_height_last_edited=&#8220;on|phone&#8220; global_colors_info=&#8220;{}&#8220;]<\/p>\n<p><span>Seznam t\u0159et\u00edch stran<\/span><\/p>\n<p>[\/et_pb_text][et_pb_text _builder_version=&#8220;4.17.0&#8243; _module_preset=&#8220;default&#8220; text_text_color=&#8220;#FFFFFF&#8220; global_colors_info=&#8220;{}&#8220;]<\/p>\n<p>Seznam aktu\u00e1ln\u00edch dodavatel\u016f spole\u010dnosti Global Payments s.r.o. v \u010cesk\u00e9 republice.<\/p>\n<p>[\/et_pb_text][et_pb_button button_url=&#8220;https:\/\/cdn-gxx.dataweavers.io\/-\/media\/gpn-jv-czech\/dokumenty\/gdpr\/seznam-tetch-stran-global-payments_032019.pdf?modified=20190328130126&#8243; url_new_window=&#8220;on&#8220; button_text=&#8220;ST\u00c1HNOUT&#8220; button_alignment=&#8220;center&#8220; _builder_version=&#8220;4.19.1&#8243; _module_preset=&#8220;default&#8220; custom_button=&#8220;on&#8220; button_text_size=&#8220;15px&#8220; button_text_color=&#8220;#000000&#8243; button_bg_color=&#8220;gcid-b7996809-1fa2-4156-b27e-7004cca8b85c&#8220; button_border_width=&#8220;0px&#8220; button_border_radius=&#8220;21px&#8220; button_letter_spacing=&#8220;1px&#8220; button_font=&#8220;GP commerce Medium||||||||&#8220; button_use_icon=&#8220;off&#8220; custom_margin=&#8220;20px||20px||true|false&#8220; custom_padding=&#8220;10px|20px|10px|20px|false|false&#8220; global_colors_info=&#8220;{%22gcid-b7996809-1fa2-4156-b27e-7004cca8b85c%22:%91%22button_bg_color%22%93}&#8220;][\/et_pb_button][\/et_pb_column][\/et_pb_row][\/et_pb_section]<\/p>\n","protected":false},"excerpt":{"rendered":"<p>Na\u0159\u00edzen\u00ed o ochran\u011b osobn\u00edch \u00fadaj\u016f (GDPR)Z\u00e1sady zpracov\u00e1n\u00ed osobn\u00edch \u00fadaj\u016fTento dokument je ur\u010den obchodn\u00edk\u016fm, kte\u0159\u00ed maj\u00ed s Global Payments s.r.o. podepsanou smlouvu.\u010clenov\u00e9 skupiny Global PaymentsV p\u0159ilo\u017een\u00e9m dokumentu naleznete v\u0161echny spole\u010dnosti, kter\u00e9 spadaj\u00ed do skupiny Global Payments.Seznam t\u0159et\u00edch stranSeznam aktu\u00e1ln\u00edch dodavatel\u016f spole\u010dnosti Global Payments s.r.o. v \u010cesk\u00e9 republice.<\/p>","protected":false},"author":1,"featured_media":0,"parent":0,"menu_order":0,"comment_status":"closed","ping_status":"closed","template":"","meta":{"_acf_changed":false,"_et_pb_use_builder":"on","_et_pb_old_content":"","_et_gb_content_width":"","footnotes":""},"class_list":["post-968","page","type-page","status-publish","hentry"],"acf":[],"_links":{"self":[{"href":"http:\/\/3.72.214.174\/hr\/wp-json\/wp\/v2\/pages\/968","targetHints":{"allow":["GET"]}}],"collection":[{"href":"http:\/\/3.72.214.174\/hr\/wp-json\/wp\/v2\/pages"}],"about":[{"href":"http:\/\/3.72.214.174\/hr\/wp-json\/wp\/v2\/types\/page"}],"author":[{"embeddable":true,"href":"http:\/\/3.72.214.174\/hr\/wp-json\/wp\/v2\/users\/1"}],"replies":[{"embeddable":true,"href":"http:\/\/3.72.214.174\/hr\/wp-json\/wp\/v2\/comments?post=968"}],"version-history":[{"count":2,"href":"http:\/\/3.72.214.174\/hr\/wp-json\/wp\/v2\/pages\/968\/revisions"}],"predecessor-version":[{"id":252719,"href":"http:\/\/3.72.214.174\/hr\/wp-json\/wp\/v2\/pages\/968\/revisions\/252719"}],"wp:attachment":[{"href":"http:\/\/3.72.214.174\/hr\/wp-json\/wp\/v2\/media?parent=968"}],"curies":[{"name":"wp","href":"https:\/\/api.w.org\/{rel}","templated":true}]}}