{"id":251749,"date":"2022-10-12T14:07:30","date_gmt":"2022-10-12T12:07:30","guid":{"rendered":"https:\/\/www.gptom.com\/?post_type=product&#038;p=251749"},"modified":"2026-03-31T10:04:50","modified_gmt":"2026-03-31T08:04:50","slug":"ingenico-self-4000","status":"publish","type":"product","link":"http:\/\/3.72.214.174\/hr\/product\/ingenico-self-4000\/","title":{"rendered":"Ingenico Self 4000"},"content":{"rendered":"<p>[et_pb_section fb_built=&#8220;1&#8243; _builder_version=&#8220;4.18.0&#8243; custom_padding=&#8220;50px||||false|false&#8220; global_colors_info=&#8220;{}&#8220;][et_pb_row _builder_version=&#8220;4.16&#8243; background_size=&#8220;initial&#8220; background_position=&#8220;top_left&#8220; background_repeat=&#8220;repeat&#8220; width=&#8220;100%&#8220; custom_padding=&#8220;0px||0px||false|false&#8220; global_colors_info=&#8220;{}&#8220;][et_pb_column type=&#8220;4_4&#8243; _builder_version=&#8220;4.16&#8243; custom_padding=&#8220;|||&#8220; global_colors_info=&#8220;{}&#8220; custom_padding__hover=&#8220;|||&#8220;][et_pb_wc_breadcrumb _builder_version=&#8220;4.16&#8243; global_colors_info=&#8220;{}&#8220;][\/et_pb_wc_breadcrumb][et_pb_wc_cart_notice _builder_version=&#8220;4.16&#8243; global_colors_info=&#8220;{}&#8220;][\/et_pb_wc_cart_notice][\/et_pb_column][\/et_pb_row][et_pb_row column_structure=&#8220;1_2,1_2&#8243; _builder_version=&#8220;4.16&#8243; background_size=&#8220;initial&#8220; background_position=&#8220;top_left&#8220; background_repeat=&#8220;repeat&#8220; width=&#8220;100%&#8220; custom_padding=&#8220;0px||||false|false&#8220; global_colors_info=&#8220;{}&#8220;][et_pb_column type=&#8220;1_2&#8243; _builder_version=&#8220;4.16&#8243; custom_padding=&#8220;|||&#8220; global_colors_info=&#8220;{}&#8220; custom_padding__hover=&#8220;|||&#8220;][et_pb_wc_images _builder_version=&#8220;4.16&#8243; global_colors_info=&#8220;{}&#8220;][\/et_pb_wc_images][\/et_pb_column][et_pb_column type=&#8220;1_2&#8243; _builder_version=&#8220;4.16&#8243; custom_padding=&#8220;|||&#8220; global_colors_info=&#8220;{}&#8220; custom_padding__hover=&#8220;|||&#8220;][et_pb_wc_title _builder_version=&#8220;4.16&#8243; global_colors_info=&#8220;{}&#8220;][\/et_pb_wc_title][et_pb_wc_rating _builder_version=&#8220;4.16&#8243; global_colors_info=&#8220;{}&#8220;][\/et_pb_wc_rating][et_pb_wc_price _builder_version=&#8220;4.16&#8243; global_colors_info=&#8220;{}&#8220;][\/et_pb_wc_price][et_pb_wc_description _builder_version=&#8220;4.16&#8243; global_colors_info=&#8220;{}&#8220;][\/et_pb_wc_description][et_pb_wc_add_to_cart _builder_version=&#8220;4.16&#8243; global_colors_info=&#8220;{}&#8220;][\/et_pb_wc_add_to_cart][et_pb_wc_meta _builder_version=&#8220;4.16&#8243; global_colors_info=&#8220;{}&#8220;][\/et_pb_wc_meta][\/et_pb_column][\/et_pb_row][et_pb_row _builder_version=&#8220;4.16&#8243; background_size=&#8220;initial&#8220; background_position=&#8220;top_left&#8220; background_repeat=&#8220;repeat&#8220; width=&#8220;100%&#8220; global_colors_info=&#8220;{}&#8220;][et_pb_column type=&#8220;4_4&#8243; _builder_version=&#8220;4.16&#8243; custom_padding=&#8220;|||&#8220; global_colors_info=&#8220;{}&#8220; custom_padding__hover=&#8220;|||&#8220;][et_pb_wc_tabs _builder_version=&#8220;4.16&#8243; global_colors_info=&#8220;{}&#8220;] [\/et_pb_wc_tabs][et_pb_wc_upsells _builder_version=&#8220;4.16&#8243; global_colors_info=&#8220;{}&#8220;][\/et_pb_wc_upsells][et_pb_wc_related_products _builder_version=&#8220;4.16&#8243; global_colors_info=&#8220;{}&#8220;][\/et_pb_wc_related_products][\/et_pb_column][\/et_pb_row][\/et_pb_section]<\/p>\n","protected":false},"excerpt":{"rendered":"<p>Chcete sv\u00fdm klient\u016fm nab\u00eddnout klasickou kl\u00e1vesnici a mo\u017enost \u010d\u00edst magnetick\u00e9 a \u010dipov\u00e9 karty v mal\u00e9m t\u011ble? Potom je Self 4000 za\u0159\u00edzen\u00ed pr\u00e1v\u011b pro v\u00e1s.<\/p>","protected":false},"featured_media":251742,"comment_status":"open","ping_status":"closed","template":"","meta":{"_acf_changed":false,"_et_pb_use_builder":"on","_et_pb_old_content":"<div class=\"page\" title=\"Page 1\">\r\n<div class=\"section\">\r\n<div class=\"layoutArea\">\r\n<div class=\"column\">\r\n<ul>\r\n \t<li>vyu\u017e\u00edvejte QR k\u00f3dy d\u00edky integrovan\u00e9mu fotoapar\u00e1tu<\/li>\r\n \t<li>Vylep\u0161ete z\u00e1kaznickou zku\u0161enost pomoc\u00ed nejlep\u0161\u00edch funkc\u00ed ve sv\u00e9 t\u0159\u00edd\u011b, jako je barevn\u00fd displej, kamera a zvukov\u00e9 upozorn\u011bn\u00ed<\/li>\r\n \t<li>Zjednodu\u0161te integraci \u0159e\u0161en\u00ed, provoz a \u0161k\u00e1lovatelnost<\/li>\r\n \t<li>fyzick\u00e1 kl\u00e1vesnice<\/li>\r\n \t<li>hybridn\u00ed \u010dte\u010dka magnetick\u00fdch a \u010dipov\u00fdch karet<\/li>\r\n<\/ul>\r\n<\/div>\r\n<h2>Nejvy\u0161\u0161\u00ed bezpe\u010dnost<\/h2>\r\nSelf\/4000 s certifikac\u00ed PCI PTS 5.x spl\u0148uje nejvy\u0161\u0161\u00ed a nejnov\u011bj\u0161\u00ed povinn\u00e9 po\u017eadavky na hardware a software. Je tak\u00e9 v souladu se SRED a poskytuje flexibiln\u00ed mo\u017enosti s moduly Open Protocol. Self\/4000 je v\u010detn\u011b mo\u017enosti zadat PIN na fyzick\u00e9 kl\u00e1vesnici t\u00edm nejlep\u0161\u00edm \u0159e\u0161en\u00edm pro samoobslu\u017en\u00e9 syst\u00e9my.\r\nPou\u017eit\u00ed zabezpe\u010den\u00e9ho platebn\u00edho za\u0159\u00edzen\u00ed zv\u00fd\u0161\u00ed d\u016fv\u011bru spot\u0159ebitel\u016f a zachov\u00e1 pov\u011bst va\u0161\u00ed spole\u010dnosti.\r\n<h2>Bezkontaktn\u00ed platba<\/h2>\r\nSelf\/4000 umo\u017e\u0148uje transakce Tap\u2019n Pay iniciovan\u00e9 magnetick\u00fdmi, \u010dipov\u00fdmi a bezkontaktn\u00edmi kartami EMV, digit\u00e1ln\u00edmi pen\u011b\u017eenkami chytr\u00fdch telefon\u016f zalo\u017een\u00fdch na NFC (Apple Pay, Google Pay atd.) a spot\u0159ebitelsk\u00fdmi nositeln\u00fdmi za\u0159\u00edzen\u00edmi (hodinky Apple, hodinky Samsung atd.).\r\n<h2>Jednoduch\u00e9 u\u017eivatelsk\u00e9 rozhran\u00ed se zvukov\u00fdmi upozorn\u011bn\u00edmi<\/h2>\r\n\u0158e\u0161en\u00ed poskytuje jednoduch\u00e9 a snadno pou\u017eiteln\u00e9 u\u017eivatelsk\u00e9 rozhran\u00ed. P\u0159ipojen\u00edm extern\u00edho reproduktoru podporuje Self\/4000 zvukov\u00e1 upozorn\u011bn\u00ed a hlasov\u00e9 nav\u00e1d\u011bn\u00ed pro lep\u0161\u00ed pou\u017eitelnost.\r\n<h2>Vysoce robustn\u00ed<\/h2>\r\nD\u00edky sv\u00e9mu robustn\u00edmu proveden\u00ed (IK09) a ochran\u011b proti vod\u011b (IP65) a prachu (IPxx) lze Self\/4000 pou\u017e\u00edt v jak\u00e9mkoli vnit\u0159n\u00edm kiosku a jak\u00e9mkoli venkovn\u00edm kiosku.\r\n\r\n<\/div>\r\n<\/div>\r\n<h2>Snadn\u00e1 mechanick\u00e1 integrace<\/h2>\r\nD\u00edky sv\u00e9 kompaktn\u00ed velikosti a designu lze Self\/4000 integrovat do stroje zep\u0159edu nebo zezadu, v z\u00e1vislosti na konstrukci stroje nebo volb\u011b instala\u010dn\u00edho technika. V souladu se standardem EVA EPS (Standard Door Module) m\u016f\u017ee Self\/4000 snadno nahradit jak\u00fdkoli platebn\u00ed termin\u00e1l vyhovuj\u00edc\u00ed t\u011bmto specifikac\u00edm (nap\u0159. IUC180B)\r\n<h2><\/h2>\r\n<h2>Bezprobl\u00e9mov\u00e1 spr\u00e1va termin\u00e1l\u016f<\/h2>\r\nSelf\/4000 bezprobl\u00e9mov\u011b spolupracuje s \u0159e\u0161en\u00edm pro vzd\u00e1lenou spr\u00e1vu a umo\u017e\u0148uje snadno pou\u017e\u00edvat a udr\u017eovat flotilu za\u0159\u00edzen\u00ed. Umo\u017e\u0148uje jim tak\u00e9 vzd\u00e1len\u011b prov\u00e1d\u011bt aktualizace softwaru a poskytovat ka\u017edodenn\u00ed podporu pro bezprobl\u00e9mov\u00fd provoz.\r\n\r\n<\/div>","_et_gb_content_width":""},"product_brand":[],"product_cat":[62],"product_tag":[],"class_list":{"0":"post-251749","1":"product","2":"type-product","3":"status-publish","4":"has-post-thumbnail","6":"product_cat-samoobsluzne","8":"first","9":"instock","10":"taxable","11":"shipping-taxable","12":"purchasable","13":"product-type-simple"},"acf":[],"_links":{"self":[{"href":"http:\/\/3.72.214.174\/hr\/wp-json\/wp\/v2\/product\/251749","targetHints":{"allow":["GET"]}}],"collection":[{"href":"http:\/\/3.72.214.174\/hr\/wp-json\/wp\/v2\/product"}],"about":[{"href":"http:\/\/3.72.214.174\/hr\/wp-json\/wp\/v2\/types\/product"}],"replies":[{"embeddable":true,"href":"http:\/\/3.72.214.174\/hr\/wp-json\/wp\/v2\/comments?post=251749"}],"wp:featuredmedia":[{"embeddable":true,"href":"http:\/\/3.72.214.174\/hr\/wp-json\/wp\/v2\/media\/251742"}],"wp:attachment":[{"href":"http:\/\/3.72.214.174\/hr\/wp-json\/wp\/v2\/media?parent=251749"}],"wp:term":[{"taxonomy":"product_brand","embeddable":true,"href":"http:\/\/3.72.214.174\/hr\/wp-json\/wp\/v2\/product_brand?post=251749"},{"taxonomy":"product_cat","embeddable":true,"href":"http:\/\/3.72.214.174\/hr\/wp-json\/wp\/v2\/product_cat?post=251749"},{"taxonomy":"product_tag","embeddable":true,"href":"http:\/\/3.72.214.174\/hr\/wp-json\/wp\/v2\/product_tag?post=251749"}],"curies":[{"name":"wp","href":"https:\/\/api.w.org\/{rel}","templated":true}]}}