{"id":150,"date":"2022-04-04T21:40:19","date_gmt":"2022-04-04T21:40:19","guid":{"rendered":"https:\/\/www.gptom.com\/?page_id=150"},"modified":"2026-03-20T22:08:03","modified_gmt":"2026-03-20T21:08:03","slug":"prehled-integraci","status":"publish","type":"page","link":"http:\/\/3.72.214.174\/hu\/prehled-integraci\/","title":{"rendered":"P\u0159ehled integrac\u00ed"},"content":{"rendered":"<p>[et_pb_section fb_built=&#8220;1&#8243; custom_padding_last_edited=&#8220;on|phone&#8220; _builder_version=&#8220;4.19.5&#8243; _module_preset=&#8220;default&#8220; background_color=&#8220;RGBA(255,255,255,0)&#8220; background_enable_image=&#8220;off&#8220; vertical_offset=&#8220;0px&#8220; z_index=&#8220;0&#8243; width=&#8220;80%&#8220; max_width=&#8220;100%&#8220; custom_margin_tablet=&#8220;&#8220; custom_margin_phone=&#8220;0px||||false|false&#8220; custom_margin_last_edited=&#8220;on|phone&#8220; custom_padding=&#8220;0px||0px|||&#8220; custom_padding_tablet=&#8220;0px||0px|||&#8220; custom_padding_phone=&#8220;0px||||false|false&#8220; custom_css_main_element=&#8220;position: absolute;||top: 0;&#8220; global_colors_info=&#8220;{}&#8220; disabled_on=&#8220;on|on|on&#8220; disabled=&#8220;on&#8220;][et_pb_row column_structure=&#8220;1_4,1_4,1_4,1_4&#8243; use_custom_gutter=&#8220;on&#8220; gutter_width=&#8220;1&#8243; make_equal=&#8220;on&#8220; custom_padding_last_edited=&#8220;on|desktop&#8220; _builder_version=&#8220;4.19.5&#8243; _module_preset=&#8220;default&#8220; background_color=&#8220;RGBA(255,255,255,0)&#8220; z_index=&#8220;500&#8243; max_width=&#8220;100%&#8220; module_alignment=&#8220;right&#8220; min_height=&#8220;44px&#8220; max_height=&#8220;100px&#8220; custom_margin=&#8220;0px||||false|false&#8220; custom_margin_tablet=&#8220;0px||||false|false&#8220; custom_margin_phone=&#8220;||||false|false&#8220; custom_margin_last_edited=&#8220;on|phone&#8220; custom_padding=&#8220;0vw||0px||false|false&#8220; custom_padding_tablet=&#8220;0vw||0px||false|false&#8220; custom_padding_phone=&#8220;||||false|false&#8220; custom_css_main_element=&#8220;display: flex;||align-items: center;&#8220; global_colors_info=&#8220;{}&#8220;][et_pb_column type=&#8220;1_4&#8243; _builder_version=&#8220;4.17.0&#8243; _module_preset=&#8220;default&#8220; global_colors_info=&#8220;{}&#8220;][et_pb_image src=&#8220;http:\/\/www.gptom.com\/wp-content\/uploads\/2022\/04\/tom_logo_pos_RGB_web-1.png&#8220; title_text=&#8220;tom_logo_pos_RGB_web&#8220; url=&#8220;https:\/\/www.gptom.com&#8220; _builder_version=&#8220;4.17.0&#8243; _module_preset=&#8220;default&#8220; width=&#8220;100px&#8220; global_colors_info=&#8220;{}&#8220;][\/et_pb_image][\/et_pb_column][et_pb_column type=&#8220;1_4&#8243; _builder_version=&#8220;4.17.0&#8243; _module_preset=&#8220;default&#8220; custom_css_main_element=&#8220;width: 60%!important;&#8220; global_colors_info=&#8220;{}&#8220;][et_pb_menu active_link_color=&#8220;#000000&#8243; logo_width=&#8220;120px&#8220; _builder_version=&#8220;4.17.0&#8243; _module_preset=&#8220;default&#8220; menu_font=&#8220;GP commerce Medium||||||||&#8220; menu_text_color=&#8220;#000000&#8243; menu_font_size=&#8220;16px&#8220; background_color=&#8220;RGBA(255,255,255,0)&#8220; text_orientation=&#8220;justified&#8220; width=&#8220;100%&#8220; module_alignment=&#8220;right&#8220; custom_margin=&#8220;||||false|false&#8220; custom_padding=&#8220;20px||||false|false&#8220; global_colors_info=&#8220;{}&#8220;][\/et_pb_menu][\/et_pb_column][et_pb_column type=&#8220;1_4&#8243; _builder_version=&#8220;4.17.0&#8243; _module_preset=&#8220;default&#8220; custom_padding=&#8220;|0px||0px|false|false&#8220; custom_css_main_element=&#8220;width: 20%!important;&#8220; global_colors_info=&#8220;{}&#8220;][et_pb_button button_url=&#8220;@ET-DC@eyJkeW5hbWljIjp0cnVlLCJjb250ZW50IjoicG9zdF9saW5rX3VybF9wYWdlIiwic2V0dGluZ3MiOnsicG9zdF9pZCI6IjI0ODgyNSJ9fQ==@&#8220; button_text=&#8220;OBJEDNAT&#8220; button_alignment=&#8220;right&#8220; _builder_version=&#8220;4.17.0&#8243; _dynamic_attributes=&#8220;button_url&#8220; _module_preset=&#8220;default&#8220; custom_button=&#8220;on&#8220; button_text_size=&#8220;15px&#8220; button_text_color=&#8220;#000000&#8243; button_bg_color=&#8220;gcid-b7996809-1fa2-4156-b27e-7004cca8b85c&#8220; button_border_width=&#8220;0px&#8220; button_border_radius=&#8220;21px&#8220; button_letter_spacing=&#8220;1px&#8220; button_font=&#8220;GP commerce Medium||||||||&#8220; button_use_icon=&#8220;off&#8220; custom_margin=&#8220;20px||||false|false&#8220; custom_padding=&#8220;10px|20px|10px|20px|false|false&#8220; animation_style=&#8220;fade&#8220; custom_css_main_element=&#8220;align-items: center;&#8220; global_colors_info=&#8220;{%22gcid-b7996809-1fa2-4156-b27e-7004cca8b85c%22:%91%22button_bg_color%22%93}&#8220; button_bg_color__hover_enabled=&#8220;on|hover&#8220; button_bg_color_gradient_stops__hover=&#8220;#f99500 0%|#ffb300 100%&#8220; button_bg_use_color_gradient__hover=&#8220;on&#8220; button_bg_color__hover=&#8220;#ffb300&#8243;][\/et_pb_button][\/et_pb_column][et_pb_column type=&#8220;1_4&#8243; _builder_version=&#8220;4.17.0&#8243; _module_preset=&#8220;default&#8220; custom_padding=&#8220;|0px||0px|false|false&#8220; custom_css_main_element=&#8220;width: 20%!important;&#8220; global_colors_info=&#8220;{}&#8220;][et_pb_code _builder_version=&#8220;4.17.0&#8243; _module_preset=&#8220;default&#8220; text_orientation=&#8220;left&#8220; width=&#8220;88.2%&#8220; module_alignment=&#8220;right&#8220; custom_margin=&#8220;20px|0px||0px|false|false&#8220; custom_padding=&#8220;|0px||0px|false|false&#8220; global_colors_info=&#8220;{}&#8220;][weglot_switcher][\/et_pb_code][\/et_pb_column][\/et_pb_row][\/et_pb_section][et_pb_section fb_built=&#8220;1&#8243; custom_padding_last_edited=&#8220;on|desktop&#8220; _builder_version=&#8220;4.19.5&#8243; _module_preset=&#8220;default&#8220; background_enable_image=&#8220;off&#8220; custom_margin=&#8220;0px||||false|false&#8220; custom_margin_tablet=&#8220;0px||||false|false&#8220; custom_margin_phone=&#8220;||||false|false&#8220; custom_margin_last_edited=&#8220;on|phone&#8220; custom_padding=&#8220;0px||||false|false&#8220; custom_padding_tablet=&#8220;0px||||false|false&#8220; custom_padding_phone=&#8220;55px||||false|false&#8220; global_colors_info=&#8220;{}&#8220;][et_pb_row column_structure=&#8220;2_5,3_5&#8243; make_equal=&#8220;on&#8220; _builder_version=&#8220;4.19.5&#8243; _module_preset=&#8220;default&#8220; use_background_color_gradient=&#8220;on&#8220; background_color_gradient_type=&#8220;circular&#8220; background_color_gradient_stops=&#8220;#2ddce2 0%|#29c4a9 100%&#8220; background_image=&#8220;https:\/\/www.gptom.com\/wp-content\/uploads\/2022\/06\/gptom_pricing.png&#8220; background_size=&#8220;contain&#8220; background_position=&#8220;center_left&#8220; custom_margin=&#8220;0px||||false|false&#8220; custom_margin_tablet=&#8220;0px||||false|false&#8220; custom_margin_phone=&#8220;0px||0px||false|false&#8220; custom_margin_last_edited=&#8220;on|phone&#8220; custom_padding=&#8220;0px||0px||false|false&#8220; background_last_edited=&#8220;on|phone&#8220; background_position_phone=&#8220;bottom_center&#8220; custom_css_main_element=&#8220;margin: auto;&#8220; border_radii=&#8220;on|40px|40px|40px|40px&#8220; global_colors_info=&#8220;{}&#8220;][et_pb_column type=&#8220;2_5&#8243; _builder_version=&#8220;4.19.5&#8243; _module_preset=&#8220;default&#8220; global_colors_info=&#8220;{}&#8220;][\/et_pb_column][et_pb_column type=&#8220;3_5&#8243; _builder_version=&#8220;4.19.5&#8243; _module_preset=&#8220;default&#8220; background_enable_color=&#8220;off&#8220; custom_padding=&#8220;0px||0px||false|false&#8220; custom_padding_tablet=&#8220;0px||0px||false|false&#8220; custom_padding_phone=&#8220;0px||||false|false&#8220; custom_padding_last_edited=&#8220;on|phone&#8220; border_radii=&#8220;on|40px|40px|40px|40px&#8220; global_colors_info=&#8220;{}&#8220;][et_pb_text _builder_version=&#8220;4.19.5&#8243; _module_preset=&#8220;default&#8220; text_font=&#8220;GP commerce Regular|500|||||||&#8220; text_text_color=&#8220;#FFFFFF&#8220; text_font_size=&#8220;72px&#8220; text_line_height=&#8220;1em&#8220; background_color=&#8220;RGBA(255,255,255,0)&#8220; custom_margin=&#8220;0px||0px||false|false&#8220; custom_padding=&#8220;1.3em|||0.6em|false|false&#8220; text_font_size_tablet=&#8220;72px&#8220; text_font_size_phone=&#8220;34px&#8220; text_font_size_last_edited=&#8220;on|desktop&#8220; global_colors_info=&#8220;{}&#8220;]<\/p>\n<p>Integrovat<br \/><strong>se vyplat\u00ed<\/strong><\/p>\n<p>[\/et_pb_text][et_pb_image src=&#8220;https:\/\/www.gptom.com\/wp-content\/uploads\/2022\/04\/vyreseno_cz_white.png&#8220; title_text=&#8220;vyreseno_cz_white&#8220; show_bottom_space=&#8220;off&#8220; _builder_version=&#8220;4.19.5&#8243; _module_preset=&#8220;default&#8220; width=&#8220;200px&#8220; width_tablet=&#8220;200px&#8220; width_phone=&#8220;30%&#8220; width_last_edited=&#8220;on|phone&#8220; custom_margin=&#8220;0px|0px|0px|50px|false|false&#8220; custom_padding=&#8220;0px|0px|0px|0px|false|false&#8220; module_alignment_tablet=&#8220;&#8220; module_alignment_phone=&#8220;&#8220; module_alignment_last_edited=&#8220;on|phone&#8220; global_colors_info=&#8220;{}&#8220;][\/et_pb_image][\/et_pb_column][\/et_pb_row][\/et_pb_section][et_pb_section fb_built=&#8220;1&#8243; specialty=&#8220;on&#8220; _builder_version=&#8220;4.17.0&#8243; _module_preset=&#8220;default&#8220; custom_padding=&#8220;0px|||||&#8220; global_colors_info=&#8220;{}&#8220;][et_pb_column type=&#8220;1_4&#8243; _builder_version=&#8220;4.16&#8243; custom_padding=&#8220;|||&#8220; global_colors_info=&#8220;{}&#8220; custom_padding__hover=&#8220;|||&#8220;][et_pb_text _builder_version=&#8220;4.17.3&#8243; _module_preset=&#8220;default&#8220; global_colors_info=&#8220;{}&#8220;]<\/p>\n<p>Nev\u00edte, jak\u00fd protokol podporuje v\u00e1\u0161 termin\u00e1l? Pod\u00edvejte se <a href=\"typy-integraci-dle-terminalovych-typu\">sem<\/a>.<\/p>\n<p>[\/et_pb_text][et_pb_code _builder_version=&#8220;4.27.4&#8243; _module_preset=&#8220;default&#8220; global_colors_info=&#8220;{}&#8220;][\/et_pb_code][\/et_pb_column][et_pb_column type=&#8220;3_4&#8243; specialty_columns=&#8220;3&#8243; _builder_version=&#8220;4.16&#8243; custom_padding=&#8220;|||&#8220; global_colors_info=&#8220;{}&#8220; custom_padding__hover=&#8220;|||&#8220;][et_pb_row_inner _builder_version=&#8220;4.17.0&#8243; _module_preset=&#8220;default&#8220; global_colors_info=&#8220;{}&#8220;][et_pb_column_inner saved_specialty_column_type=&#8220;3_4&#8243; admin_label=&#8220;Column&#8220; _builder_version=&#8220;4.17.0&#8243; _module_preset=&#8220;default&#8220; global_colors_info=&#8220;{}&#8220;][et_pb_text admin_label=&#8220;Text&#8220; _builder_version=&#8220;4.17.4&#8243; _module_preset=&#8220;default&#8220; global_colors_info=&#8220;{}&#8220;]<\/p>\n<p>N\u00ed\u017ee najdete p\u0159ehled v\u0161ech certifikovan\u00fdch syst\u00e9m\u016f, kter\u00e9 integrovaly jeden z podporovan\u00fdch protokol\u016f. V lev\u00e9m sloupci pak m\u016f\u017eete pou\u017e\u00edt filtry pro lep\u0161\u00ed vyhled\u00e1v\u00e1n\u00ed.<\/p>\n<p>[\/et_pb_text][et_pb_blog posts_number=&#8220;40&#8243; include_categories=&#8220;18&#8243; meta_date=&#8220;j.M.Y&#8220; excerpt_length=&#8220;80&#8243; show_author=&#8220;off&#8220; show_date=&#8220;off&#8220; show_categories=&#8220;off&#8220; module_class=&#8220;et-blog-css-grid&#8220; _builder_version=&#8220;4.27.4&#8243; _module_preset=&#8220;default&#8220; body_font_size=&#8220;13px&#8220; custom_margin=&#8220;0px||0px||false|false&#8220; custom_padding=&#8220;0px||0px||false|false&#8220; border_radii_fullwidth=&#8220;on|10px|10px|10px|10px&#8220; border_width_all_fullwidth=&#8220;1px&#8220; border_color_all_fullwidth=&#8220;gcid-7f8ec8e8-d10c-43bf-98e6-0f1a3e13968f&#8220; global_colors_info=&#8220;{%22gcid-7f8ec8e8-d10c-43bf-98e6-0f1a3e13968f%22:%91%22border_color_all_fullwidth%22%93}&#8220;][\/et_pb_blog][et_pb_code disabled_on=&#8220;off|off|off&#8220; _builder_version=&#8220;4.27.4&#8243; _module_preset=&#8220;default&#8220; border_radii=&#8220;on|20px|20px|20px|20px&#8220; border_width_all=&#8220;0.5px&#8220; border_color_all=&#8220;gcid-4c58a40f-917e-42df-9b5b-7273365740ec&#8220; global_colors_info=&#8220;{%22gcid-4c58a40f-917e-42df-9b5b-7273365740ec%22:%91%22border_color_all%22%93}&#8220;]<\/p>\n<style><!-- [et_pb_line_break_holder] -->\/* create css grid column template *\/<!-- [et_pb_line_break_holder] -->.et-blog-css-grid > div {<!-- [et_pb_line_break_holder] -->  display: grid;<!-- [et_pb_line_break_holder] -->  grid-template-columns: repeat(auto-fill, minmax(150px, 1fr));<!-- [et_pb_line_break_holder] -->  gap: 20px;<!-- [et_pb_line_break_holder] -->}<!-- [et_pb_line_break_holder] -->\/* style css grid item or blog post *\/<!-- [et_pb_line_break_holder] -->.et-blog-css-grid .et_pb_post {<!-- [et_pb_line_break_holder] -->  align-self: start;<!-- [et_pb_line_break_holder] -->  padding: 10px;<!-- [et_pb_line_break_holder] -->}<!-- [et_pb_line_break_holder] -->  <!-- [et_pb_line_break_holder] -->  .et_pb_post {<!-- [et_pb_line_break_holder] -->    margin-bottom:0px;<!-- [et_pb_line_break_holder] -->  }<!-- [et_pb_line_break_holder] -->  <!-- [et_pb_line_break_holder] -->\/* remove pagination from blog module grid with absolute position *\/<!-- [et_pb_line_break_holder] -->\/*.et-blog-css-grid > div > div {<!-- [et_pb_line_break_holder] -->  width: 100%;<!-- [et_pb_line_break_holder] -->  position: absolute;<!-- [et_pb_line_break_holder] -->  bottom: 0;<!-- [et_pb_line_break_holder] -->  transform: translate(0%, 150%);<!-- [et_pb_line_break_holder] -->}*\/<!-- [et_pb_line_break_holder] --> <!-- [et_pb_line_break_holder] -->\/* Resize Featured Image Thumbnails *\/<!-- [et_pb_line_break_holder] -->.et-blog-css-grid .entry-featured-image-url {<!-- [et_pb_line_break_holder] -->  padding-top: 56.25%;<!-- [et_pb_line_break_holder] -->}<!-- [et_pb_line_break_holder] -->.et-blog-css-grid .entry-featured-image-url img {<!-- [et_pb_line_break_holder] -->  position: absolute;<!-- [et_pb_line_break_holder] -->  height: 100%;<!-- [et_pb_line_break_holder] -->  width: 100%;<!-- [et_pb_line_break_holder] -->  top: 0;<!-- [et_pb_line_break_holder] -->  object-fit: cover;<!-- [et_pb_line_break_holder] -->}<!-- [et_pb_line_break_holder] --><\/style>\n<p>[\/et_pb_code][\/et_pb_column_inner][\/et_pb_row_inner][\/et_pb_column][\/et_pb_section][et_pb_section fb_built=&#8220;1&#8243; _builder_version=&#8220;4.16.0&#8243; _module_preset=&#8220;default&#8220; global_colors_info=&#8220;{}&#8220;][\/et_pb_section]<\/p>\n","protected":false},"excerpt":{"rendered":"<p>[weglot_switcher]Integrovatse vyplat\u00edNev\u00edte, jak\u00fd protokol podporuje v\u00e1\u0161 termin\u00e1l? Pod\u00edvejte se sem.N\u00ed\u017ee najdete p\u0159ehled v\u0161ech certifikovan\u00fdch syst\u00e9m\u016f, kter\u00e9 integrovaly jeden z podporovan\u00fdch protokol\u016f. V lev\u00e9m sloupci pak m\u016f\u017eete pou\u017e\u00edt filtry pro lep\u0161\u00ed vyhled\u00e1v\u00e1n\u00ed.<\/p>\n","protected":false},"author":1,"featured_media":0,"parent":0,"menu_order":0,"comment_status":"closed","ping_status":"closed","template":"","meta":{"_acf_changed":false,"_et_pb_use_builder":"on","_et_pb_old_content":"","_et_gb_content_width":"","footnotes":""},"class_list":["post-150","page","type-page","status-publish","hentry"],"acf":[],"_links":{"self":[{"href":"http:\/\/3.72.214.174\/hu\/wp-json\/wp\/v2\/pages\/150","targetHints":{"allow":["GET"]}}],"collection":[{"href":"http:\/\/3.72.214.174\/hu\/wp-json\/wp\/v2\/pages"}],"about":[{"href":"http:\/\/3.72.214.174\/hu\/wp-json\/wp\/v2\/types\/page"}],"author":[{"embeddable":true,"href":"http:\/\/3.72.214.174\/hu\/wp-json\/wp\/v2\/users\/1"}],"replies":[{"embeddable":true,"href":"http:\/\/3.72.214.174\/hu\/wp-json\/wp\/v2\/comments?post=150"}],"version-history":[{"count":3,"href":"http:\/\/3.72.214.174\/hu\/wp-json\/wp\/v2\/pages\/150\/revisions"}],"predecessor-version":[{"id":257611,"href":"http:\/\/3.72.214.174\/hu\/wp-json\/wp\/v2\/pages\/150\/revisions\/257611"}],"wp:attachment":[{"href":"http:\/\/3.72.214.174\/hu\/wp-json\/wp\/v2\/media?parent=150"}],"curies":[{"name":"wp","href":"https:\/\/api.w.org\/{rel}","templated":true}]}}