{"id":253223,"date":"2023-02-22T14:36:47","date_gmt":"2023-02-22T13:36:47","guid":{"rendered":"https:\/\/www.gptom.com\/?page_id=253223"},"modified":"2023-02-23T16:30:40","modified_gmt":"2023-02-23T15:30:40","slug":"spropitne","status":"publish","type":"page","link":"http:\/\/3.72.214.174\/pl\/spropitne\/","title":{"rendered":"Wskaz\u00f3wka"},"content":{"rendered":"<p>[et_pb_section fb_built=&#8220;1&#8243; custom_padding_last_edited=&#8220;on|desktop&#8220; _builder_version=&#8220;4.19.5&#8243; _module_preset=&#8220;default&#8220; min_height=&#8220;10%&#8220; height=&#8220;10%&#8220; max_height=&#8220;10%&#8220; custom_margin=&#8220;0px||||false|false&#8220; custom_margin_tablet=&#8220;0px||||false|false&#8220; custom_margin_phone=&#8220;0px||||false|false&#8220; custom_margin_last_edited=&#8220;on|desktop&#8220; custom_padding=&#8220;0px||||false|false&#8220; custom_padding_tablet=&#8220;0px||||false|false&#8220; custom_padding_phone=&#8220;55px||||false|false&#8220; global_colors_info=&#8220;{}&#8220;][et_pb_row _builder_version=&#8220;4.20.0&#8243; _module_preset=&#8220;default&#8220; use_background_color_gradient=&#8220;on&#8220; background_color_gradient_stops=&#8220;#8300e9 0%|#0c71c3 100%&#8220; background_enable_pattern_style=&#8220;on&#8220; background_pattern_color=&#8220;rgba(208,27,211,0.51)&#8220; background_pattern_size=&#8220;custom&#8220; background_pattern_width=&#8220;18px&#8220; background_pattern_horizontal_offset=&#8220;-21%&#8220; background_pattern_blend_mode=&#8220;multiply&#8220; width_tablet=&#8220;&#8220; width_phone=&#8220;80%&#8220; width_last_edited=&#8220;on|phone&#8220; custom_margin=&#8220;0px||||false|false&#8220; custom_padding=&#8220;0px||10em||false|false&#8220; border_radii=&#8220;on|20px|20px|20px|20px&#8220; global_colors_info=&#8220;{}&#8220;][et_pb_column type=&#8220;4_4&#8243; _builder_version=&#8220;4.16.1&#8243; _module_preset=&#8220;default&#8220; global_colors_info=&#8220;{}&#8220;][et_pb_text _builder_version=&#8220;4.20.0&#8243; _module_preset=&#8220;default&#8220; text_font=&#8220;GP commerce Bold||||||||&#8220; text_text_color=&#8220;#FFFFFF&#8220; text_font_size=&#8220;72px&#8220; text_line_height=&#8220;1em&#8220; text_orientation=&#8220;center&#8220; width_tablet=&#8220;&#8220; width_phone=&#8220;100%&#8220; width_last_edited=&#8220;on|phone&#8220; max_width=&#8220;100%&#8220; custom_margin=&#8220;10%||||false|false&#8220; text_font_size_tablet=&#8220;72px&#8220; text_font_size_phone=&#8220;10vw&#8220; text_font_size_last_edited=&#8220;on|phone&#8220; global_colors_info=&#8220;{}&#8220;]<\/p>\n<p>Spropitn\u00e9 s v\u00fdnosem?<\/p>\n<p>[\/et_pb_text][et_pb_image src=&#8220;https:\/\/www.gptom.com\/wp-content\/uploads\/2022\/04\/vyreseno_cz_white.png&#8220; title_text=&#8220;vyreseno_cz_white&#8220; show_bottom_space=&#8220;off&#8220; align=&#8220;center&#8220; _builder_version=&#8220;4.20.0&#8243; _module_preset=&#8220;default&#8220; width=&#8220;200px&#8220; width_tablet=&#8220;200px&#8220; width_phone=&#8220;100px&#8220; width_last_edited=&#8220;on|phone&#8220; module_alignment=&#8220;center&#8220; custom_margin=&#8220;||0px||false|false&#8220; custom_padding=&#8220;||0px||false|false&#8220; global_colors_info=&#8220;{}&#8220;][\/et_pb_image][\/et_pb_column][\/et_pb_row][\/et_pb_section][et_pb_section fb_built=&#8220;1&#8243; _builder_version=&#8220;4.20.0&#8243; _module_preset=&#8220;default&#8220; custom_padding=&#8220;5px||4px|||&#8220; global_colors_info=&#8220;{}&#8220;][et_pb_row _builder_version=&#8220;4.20.0&#8243; _module_preset=&#8220;default&#8220; global_colors_info=&#8220;{}&#8220;][et_pb_column type=&#8220;4_4&#8243; _builder_version=&#8220;4.20.0&#8243; _module_preset=&#8220;default&#8220; global_colors_info=&#8220;{}&#8220;][et_pb_text _builder_version=&#8220;4.20.0&#8243; _module_preset=&#8220;default&#8220; text_font_size=&#8220;48px&#8220; text_line_height=&#8220;1.2em&#8220; text_orientation=&#8220;center&#8220; custom_margin=&#8220;0px||0px||false|false&#8220; custom_padding=&#8220;0px||0px||false|false&#8220; global_colors_info=&#8220;{}&#8220;]<\/p>\n<p>Pru\u017en\u011b reaguje na va\u0161e pot\u0159eby a p\u0159in\u00e1\u0161\u00ed v\u00e1m <strong>vy\u0161\u0161\u00ed v\u00fdnosy<\/strong> za nadstandardn\u00ed slu\u017eby va\u0161ich zam\u011bstnanc\u016f.\u00a0<\/p>\n<p>[\/et_pb_text][\/et_pb_column][\/et_pb_row][\/et_pb_section][et_pb_section fb_built=&#8220;1&#8243; _builder_version=&#8220;4.20.0&#8243; _module_preset=&#8220;default&#8220; global_colors_info=&#8220;{}&#8220;][et_pb_row _builder_version=&#8220;4.20.0&#8243; _module_preset=&#8220;default&#8220; background_image=&#8220;https:\/\/www.gptom.com\/wp-content\/uploads\/2023\/02\/gptom_new_tip_v2_cz.jpg&#8220; background_size=&#8220;stretch&#8220; min_height=&#8220;600px&#8220; min_height_tablet=&#8220;600px&#8220; min_height_phone=&#8220;600px&#8220; min_height_last_edited=&#8220;on|desktop&#8220; hover_enabled=&#8220;0&#8243; border_radii=&#8220;on|20px|20px|20px|20px&#8220; global_colors_info=&#8220;{}&#8220; title_text=&#8220;gptom_new_tip_v2_cz&#8220; sticky_enabled=&#8220;0&#8243;][et_pb_column type=&#8220;4_4&#8243; _builder_version=&#8220;4.20.0&#8243; _module_preset=&#8220;default&#8220; global_colors_info=&#8220;{}&#8220;][\/et_pb_column][\/et_pb_row][\/et_pb_section][et_pb_section fb_built=&#8220;1&#8243; _builder_version=&#8220;4.16.1&#8243; _module_preset=&#8220;default&#8220; global_colors_info=&#8220;{}&#8220;][et_pb_row column_structure=&#8220;1_4,1_4,1_4,1_4&#8243; make_equal=&#8220;on&#8220; _builder_version=&#8220;4.16.1&#8243; _module_preset=&#8220;default&#8220; global_colors_info=&#8220;{}&#8220;][et_pb_column type=&#8220;1_4&#8243; _builder_version=&#8220;4.16.1&#8243; _module_preset=&#8220;default&#8220; global_colors_info=&#8220;{}&#8220;][et_pb_blurb title=&#8220;Na m\u00edru pro v\u00e1s&#8220; use_icon=&#8220;on&#8220; font_icon=&#8220;&#xf546;||fa||900&#8243; icon_color=&#8220;#000000&#8243; _builder_version=&#8220;4.20.0&#8243; _module_preset=&#8220;default&#8220; header_font=&#8220;GP commerce Bold||||||||&#8220; header_text_align=&#8220;left&#8220; header_text_color=&#8220;#000000&#8243; body_text_color=&#8220;#000000&#8243; background_color=&#8220;gcid-4c58a40f-917e-42df-9b5b-7273365740ec&#8220; custom_padding=&#8220;20px|20px|20px|20px|false|false&#8220; border_radii=&#8220;on|20px|20px|20px|20px&#8220; global_colors_info=&#8220;{%22gcid-4c58a40f-917e-42df-9b5b-7273365740ec%22:%91%22background_color%22%93}&#8220;]<\/p>\n<p>\u0158e\u0161en\u00ed m\u00e1 v\u0161echny mo\u017en\u00e9 varianty pr\u00e1ce se spropitn\u00fdm. Nep\u0159\u00edjdete tak o v\u00fdnosy.<\/p>\n<p>[\/et_pb_blurb][\/et_pb_column][et_pb_column type=&#8220;1_4&#8243; _builder_version=&#8220;4.16.1&#8243; _module_preset=&#8220;default&#8220; global_colors_info=&#8220;{}&#8220;][et_pb_blurb title=&#8220;Vy\u0161\u0161\u00ed v\u00fdnos&#8220; use_icon=&#8220;on&#8220; font_icon=&#8220;&#xf3d1;||fa||400&#8243; icon_color=&#8220;#000000&#8243; _builder_version=&#8220;4.20.0&#8243; _module_preset=&#8220;default&#8220; header_font=&#8220;GP commerce Bold||||||||&#8220; header_text_align=&#8220;left&#8220; header_text_color=&#8220;#000000&#8243; body_text_color=&#8220;#000000&#8243; background_color=&#8220;gcid-4c58a40f-917e-42df-9b5b-7273365740ec&#8220; custom_padding=&#8220;20px|20px|20px|20px|false|false&#8220; border_radii=&#8220;on|20px|20px|20px|20px&#8220; global_colors_info=&#8220;{%22gcid-4c58a40f-917e-42df-9b5b-7273365740ec%22:%91%22background_color%22%93}&#8220;]<\/p>\n<div id=\"comp-kw0ikh1u\" class=\"_2Hij5\" data-testid=\"richTextElement\">\n<p class=\"font_8\"><span>S nov\u00fdm \u0159e\u0161en\u00edm od GP tom je vybran\u00e1 \u010d\u00e1stka na spropitn\u00e9m vy\u0161\u0161\u00ed ne\u017e je obvykl\u00e9.<\/span><\/p>\n<\/div>\n<div id=\"comp-kw0ikh22\" role=\"button\" aria-disabled=\"false\" class=\"_2UgQw\" tabindex=\"0\">\n<div data-testid=\"linkElement\" class=\"_1fbEI\" aria-disabled=\"false\"><\/div>\n<\/div>\n<p>[\/et_pb_blurb][\/et_pb_column][et_pb_column type=&#8220;1_4&#8243; _builder_version=&#8220;4.16.1&#8243; _module_preset=&#8220;default&#8220; global_colors_info=&#8220;{}&#8220;][et_pb_blurb title=&#8220;Spokojenost&#8220; use_icon=&#8220;on&#8220; font_icon=&#8220;&#xf118;||fa||400&#8243; icon_color=&#8220;#000000&#8243; _builder_version=&#8220;4.20.0&#8243; _module_preset=&#8220;default&#8220; header_font=&#8220;GP commerce Bold||||||||&#8220; header_text_align=&#8220;left&#8220; header_text_color=&#8220;#000000&#8243; body_text_color=&#8220;#000000&#8243; background_color=&#8220;gcid-4c58a40f-917e-42df-9b5b-7273365740ec&#8220; custom_padding=&#8220;20px|20px|20px|20px|false|false&#8220; border_radii=&#8220;on|20px|20px|20px|20px&#8220; global_colors_info=&#8220;{%22gcid-4c58a40f-917e-42df-9b5b-7273365740ec%22:%91%22background_color%22%93}&#8220;]<\/p>\n<p><span>Va\u0161i zam\u011bstnanci ocen\u00ed, kdy\u017e je jejich pr\u00e1ce po z\u00e1sluze dostate\u010dn\u011b odm\u011bn\u011bna.<\/span><\/p>\n<p>[\/et_pb_blurb][\/et_pb_column][et_pb_column type=&#8220;1_4&#8243; _builder_version=&#8220;4.16.1&#8243; _module_preset=&#8220;default&#8220; global_colors_info=&#8220;{}&#8220;][et_pb_blurb title=&#8220;P\u0159ehlednost&#8220; use_icon=&#8220;on&#8220; font_icon=&#8220;&#xf295;||fa||900&#8243; icon_color=&#8220;#000000&#8243; _builder_version=&#8220;4.20.0&#8243; _module_preset=&#8220;default&#8220; header_font=&#8220;GP commerce Bold||||||||&#8220; header_text_align=&#8220;left&#8220; header_text_color=&#8220;#000000&#8243; body_text_color=&#8220;#000000&#8243; background_color=&#8220;gcid-4c58a40f-917e-42df-9b5b-7273365740ec&#8220; custom_padding=&#8220;20px|20px|20px|20px|false|false&#8220; border_radii=&#8220;on|20px|20px|20px|20px&#8220; global_colors_info=&#8220;{%22gcid-4c58a40f-917e-42df-9b5b-7273365740ec%22:%91%22background_color%22%93}&#8220;]<\/p>\n<div id=\"comp-kw0hxzyk\" class=\"_2Hij5\" data-testid=\"richTextElement\">\n<p class=\"font_8\"><span>Va\u0161i z\u00e1kazn\u00edci uvid\u00ed v\u00fdslednou \u010d\u00e1stku za spropitn\u00e9 na \u00fa\u010dtence a vy v detailech platby.<\/span><\/p>\n<\/div>\n<div id=\"comp-kw0hzgt1\" role=\"button\" aria-disabled=\"false\" class=\"_2UgQw\" tabindex=\"0\">\n<div data-testid=\"linkElement\" class=\"_1fbEI\" aria-disabled=\"false\"><\/div>\n<\/div>\n<p>[\/et_pb_blurb][\/et_pb_column][\/et_pb_row][\/et_pb_section][et_pb_section fb_built=&#8220;1&#8243; _builder_version=&#8220;4.19.5&#8243; _module_preset=&#8220;default&#8220; global_colors_info=&#8220;{}&#8220;][et_pb_row column_structure=&#8220;1_2,1_2&#8243; _builder_version=&#8220;4.20.0&#8243; _module_preset=&#8220;default&#8220; background_color=&#8220;gcid-4c58a40f-917e-42df-9b5b-7273365740ec&#8220; background_enable_image=&#8220;off&#8220; background_size=&#8220;initial&#8220; background_position=&#8220;bottom_left&#8220; custom_padding=&#8220;||0px||false|false&#8220; border_radii=&#8220;on|20px|20px|20px|20px&#8220; global_colors_info=&#8220;{%22gcid-4c58a40f-917e-42df-9b5b-7273365740ec%22:%91%22background_color%22%93}&#8220;][et_pb_column type=&#8220;1_2&#8243; _builder_version=&#8220;4.20.0&#8243; _module_preset=&#8220;default&#8220; background_enable_image=&#8220;off&#8220; background_size=&#8220;contain&#8220; global_colors_info=&#8220;{}&#8220;][et_pb_image src=&#8220;https:\/\/www.gptom.com\/wp-content\/uploads\/2023\/02\/gptom_new_tip_settings.png&#8220; title_text=&#8220;gptom_new_tip_settings&#8220; align=&#8220;center&#8220; _builder_version=&#8220;4.20.0&#8243; _module_preset=&#8220;default&#8220; custom_margin=&#8220;||0px||false|false&#8220; custom_padding=&#8220;||0px||false|false&#8220; custom_css_main_element=&#8220;margin: auto auto 0;&#8220; global_colors_info=&#8220;{}&#8220;][\/et_pb_image][\/et_pb_column][et_pb_column type=&#8220;1_2&#8243; _builder_version=&#8220;4.19.5&#8243; _module_preset=&#8220;default&#8220; global_colors_info=&#8220;{}&#8220;][et_pb_text _builder_version=&#8220;4.20.0&#8243; _module_preset=&#8220;default&#8220; text_font=&#8220;GP commerce Bold||||||||&#8220; text_font_size=&#8220;24px&#8220; header_font_size=&#8220;48px&#8220; custom_padding=&#8220;10px||10px||false|false&#8220; global_colors_info=&#8220;{}&#8220;]<\/p>\n<h1>Nastaven\u00ed<\/h1>\n<p>[\/et_pb_text][et_pb_text _builder_version=&#8220;4.20.0&#8243; _module_preset=&#8220;default&#8220; global_colors_info=&#8220;{}&#8220;]<\/p>\n<p>Nastaven\u00ed je tak jednoduch\u00e9, jak jen m\u016f\u017ee b\u00fdt. Nav\u00edc v\u00e1m umo\u017en\u00ed vybrat si volbu spropitn\u00e9ho bu\u010f v procentech, nebo v pevn\u00e9 \u010d\u00e1stce. Stejn\u011b tak m\u016f\u017eete vybrat \u010d\u00e1stku, kter\u00e1 se zobraz\u00ed jako p\u0159edvypln\u011bn\u00e1.<\/p>\n<p>[\/et_pb_text][et_pb_button button_url=&#8220;@ET-DC@eyJkeW5hbWljIjp0cnVlLCJjb250ZW50IjoicG9zdF9saW5rX3VybF9kb2NzIiwic2V0dGluZ3MiOnsicG9zdF9pZCI6IjgzOCJ9fQ==@&#8220; button_text=&#8220;JAK NA TO&#8220; button_alignment=&#8220;left&#8220; _builder_version=&#8220;4.20.0&#8243; _dynamic_attributes=&#8220;button_url&#8220; _module_preset=&#8220;default&#8220; custom_button=&#8220;on&#8220; button_text_size=&#8220;15px&#8220; button_text_color=&#8220;gcid-b7996809-1fa2-4156-b27e-7004cca8b85c&#8220; button_bg_color=&#8220;#000000&#8243; button_border_width=&#8220;0px&#8220; button_border_color=&#8220;gcid-b7996809-1fa2-4156-b27e-7004cca8b85c&#8220; button_border_radius=&#8220;21px&#8220; button_letter_spacing=&#8220;1px&#8220; button_font=&#8220;GP commerce Medium||||||||&#8220; button_use_icon=&#8220;off&#8220; custom_margin=&#8220;||20px||false|false&#8220; custom_padding=&#8220;10px|20px|10px|20px|false|true&#8220; animation_style=&#8220;fade&#8220; global_colors_info=&#8220;{%22gcid-b7996809-1fa2-4156-b27e-7004cca8b85c%22:%91%22button_text_color%22,%22button_text_color%22,%22button_icon_color%22,%22button_border_color%22,%22button_text_color__hover%22%93}&#8220; button_text_color__hover_enabled=&#8220;on|hover&#8220; button_text_color__hover=&#8220;#ffb300&#8243; button_bg_color__hover_enabled=&#8220;on|hover&#8220; button_bg_color__hover=&#8220;#000000&#8243; button_bg_enable_color__hover=&#8220;on&#8220; button_icon_color__hover_enabled=&#8220;on|hover&#8220; button_icon_color__hover=&#8220;#000000&#8243; button_border_width__hover_enabled=&#8220;on|hover&#8220; button_border_width__hover=&#8220;0px&#8220; button_bg_color_gradient_stops__hover=&#8220;#808080 0%|#0a0101 100%&#8220; button_bg_use_color_gradient__hover=&#8220;on&#8220;][\/et_pb_button][\/et_pb_column][\/et_pb_row][\/et_pb_section]<\/p>\n","protected":false},"excerpt":{"rendered":"<p>Spropitn\u00e9 s v\u00fdnosem?Pru\u017en\u011b reaguje na va\u0161e pot\u0159eby a p\u0159in\u00e1\u0161\u00ed v\u00e1m vy\u0161\u0161\u00ed v\u00fdnosy za nadstandardn\u00ed slu\u017eby va\u0161ich zam\u011bstnanc\u016f.\u00a0\u0158e\u0161en\u00ed m\u00e1 v\u0161echny mo\u017en\u00e9 varianty pr\u00e1ce se spropitn\u00fdm. Nep\u0159\u00edjdete tak o v\u00fdnosy. S nov\u00fdm \u0159e\u0161en\u00edm od GP tom je vybran\u00e1 \u010d\u00e1stka na spropitn\u00e9m vy\u0161\u0161\u00ed ne\u017e je obvykl\u00e9. Va\u0161i zam\u011bstnanci ocen\u00ed, kdy\u017e je jejich pr\u00e1ce po z\u00e1sluze dostate\u010dn\u011b odm\u011bn\u011bna. Va\u0161i [&hellip;]<\/p>\n","protected":false},"author":1,"featured_media":0,"parent":0,"menu_order":0,"comment_status":"closed","ping_status":"closed","template":"","meta":{"_acf_changed":false,"_et_pb_use_builder":"on","_et_pb_old_content":"","_et_gb_content_width":"","footnotes":""},"class_list":["post-253223","page","type-page","status-publish","hentry"],"acf":[],"_links":{"self":[{"href":"http:\/\/3.72.214.174\/pl\/wp-json\/wp\/v2\/pages\/253223","targetHints":{"allow":["GET"]}}],"collection":[{"href":"http:\/\/3.72.214.174\/pl\/wp-json\/wp\/v2\/pages"}],"about":[{"href":"http:\/\/3.72.214.174\/pl\/wp-json\/wp\/v2\/types\/page"}],"author":[{"embeddable":true,"href":"http:\/\/3.72.214.174\/pl\/wp-json\/wp\/v2\/users\/1"}],"replies":[{"embeddable":true,"href":"http:\/\/3.72.214.174\/pl\/wp-json\/wp\/v2\/comments?post=253223"}],"version-history":[{"count":2,"href":"http:\/\/3.72.214.174\/pl\/wp-json\/wp\/v2\/pages\/253223\/revisions"}],"predecessor-version":[{"id":253261,"href":"http:\/\/3.72.214.174\/pl\/wp-json\/wp\/v2\/pages\/253223\/revisions\/253261"}],"wp:attachment":[{"href":"http:\/\/3.72.214.174\/pl\/wp-json\/wp\/v2\/media?parent=253223"}],"curies":[{"name":"wp","href":"https:\/\/api.w.org\/{rel}","templated":true}]}}