{"id":253522,"date":"2023-05-22T10:06:23","date_gmt":"2023-05-22T08:06:23","guid":{"rendered":"https:\/\/www.gptom.com\/?post_type=product&#038;p=253522"},"modified":"2025-02-04T13:08:45","modified_gmt":"2025-02-04T12:08:45","slug":"ingenico-iuc160b","status":"publish","type":"product","link":"http:\/\/3.72.214.174\/ro\/product\/ingenico-iuc160b\/","title":{"rendered":"Ingenico iUC160B (Discontinued)"},"content":{"rendered":"<p>[et_pb_section fb_built=&#8220;1&#8243; _builder_version=&#8220;4.18.0&#8243; custom_padding=&#8220;50px||||false|false&#8220; global_colors_info=&#8220;{}&#8220;][et_pb_row _builder_version=&#8220;4.16&#8243; background_size=&#8220;initial&#8220; background_position=&#8220;top_left&#8220; background_repeat=&#8220;repeat&#8220; width=&#8220;100%&#8220; custom_padding=&#8220;0px||0px||false|false&#8220; global_colors_info=&#8220;{}&#8220;][et_pb_column type=&#8220;4_4&#8243; _builder_version=&#8220;4.16&#8243; custom_padding=&#8220;|||&#8220; global_colors_info=&#8220;{}&#8220; custom_padding__hover=&#8220;|||&#8220;][et_pb_wc_breadcrumb _builder_version=&#8220;4.16&#8243; global_colors_info=&#8220;{}&#8220;][\/et_pb_wc_breadcrumb][et_pb_wc_cart_notice _builder_version=&#8220;4.16&#8243; global_colors_info=&#8220;{}&#8220;][\/et_pb_wc_cart_notice][\/et_pb_column][\/et_pb_row][et_pb_row column_structure=&#8220;1_2,1_2&#8243; _builder_version=&#8220;4.16&#8243; background_size=&#8220;initial&#8220; background_position=&#8220;top_left&#8220; background_repeat=&#8220;repeat&#8220; width=&#8220;100%&#8220; custom_padding=&#8220;0px||||false|false&#8220; global_colors_info=&#8220;{}&#8220;][et_pb_column type=&#8220;1_2&#8243; _builder_version=&#8220;4.16&#8243; custom_padding=&#8220;|||&#8220; global_colors_info=&#8220;{}&#8220; custom_padding__hover=&#8220;|||&#8220;][et_pb_wc_images _builder_version=&#8220;4.16&#8243; global_colors_info=&#8220;{}&#8220;][\/et_pb_wc_images][\/et_pb_column][et_pb_column type=&#8220;1_2&#8243; _builder_version=&#8220;4.16&#8243; custom_padding=&#8220;|||&#8220; global_colors_info=&#8220;{}&#8220; custom_padding__hover=&#8220;|||&#8220;][et_pb_wc_title _builder_version=&#8220;4.16&#8243; global_colors_info=&#8220;{}&#8220;][\/et_pb_wc_title][et_pb_wc_rating _builder_version=&#8220;4.16&#8243; global_colors_info=&#8220;{}&#8220;][\/et_pb_wc_rating][et_pb_wc_price _builder_version=&#8220;4.16&#8243; global_colors_info=&#8220;{}&#8220;][\/et_pb_wc_price][et_pb_wc_description _builder_version=&#8220;4.16&#8243; global_colors_info=&#8220;{}&#8220;][\/et_pb_wc_description][et_pb_wc_add_to_cart _builder_version=&#8220;4.17.0&#8243; custom_button=&#8220;on&#8220; button_text_color=&#8220;#000000&#8243; button_bg_color=&#8220;gcid-b7996809-1fa2-4156-b27e-7004cca8b85c&#8220; button_border_width=&#8220;0px&#8220; button_border_radius=&#8220;20px&#8220; button_font=&#8220;GP commerce Medium||||||||&#8220; global_colors_info=&#8220;{%22gcid-b7996809-1fa2-4156-b27e-7004cca8b85c%22:%91%22button_bg_color%22%93}&#8220;][\/et_pb_wc_add_to_cart][et_pb_wc_meta _builder_version=&#8220;4.16&#8243; global_colors_info=&#8220;{}&#8220;][\/et_pb_wc_meta][\/et_pb_column][\/et_pb_row][et_pb_row _builder_version=&#8220;4.16&#8243; background_size=&#8220;initial&#8220; background_position=&#8220;top_left&#8220; background_repeat=&#8220;repeat&#8220; width=&#8220;100%&#8220; global_colors_info=&#8220;{}&#8220;][et_pb_column type=&#8220;4_4&#8243; _builder_version=&#8220;4.16&#8243; custom_padding=&#8220;|||&#8220; global_colors_info=&#8220;{}&#8220; custom_padding__hover=&#8220;|||&#8220;][et_pb_wc_tabs _builder_version=&#8220;4.17.4&#8243; tab_font=&#8220;GP commerce Light||||||||&#8220; border_radii=&#8220;on|20px|20px|20px|20px&#8220; global_colors_info=&#8220;{}&#8220;] [\/et_pb_wc_tabs][et_pb_wc_cross_sells _builder_version=&#8220;4.18.0&#8243; _module_preset=&#8220;default&#8220; global_colors_info=&#8220;{}&#8220;][\/et_pb_wc_cross_sells][et_pb_wc_upsells _builder_version=&#8220;4.16&#8243; global_colors_info=&#8220;{}&#8220;][\/et_pb_wc_upsells][et_pb_wc_related_products _builder_version=&#8220;4.16&#8243; global_colors_info=&#8220;{}&#8220;][\/et_pb_wc_related_products][\/et_pb_column][\/et_pb_row][\/et_pb_section]<\/p>\n","protected":false},"excerpt":{"rendered":"<p>Kompletn\u00ed bal\u00ed\u010dek s platebn\u00edm termin\u00e1lem, kter\u00fd v\u00e1m zajist\u00ed bezstarostn\u00e9 fungov\u00e1n\u00ed na dal\u0161\u00ed 4 roky. Vestavn\u00e1 \u010dte\u010dka karet s displejem je ur\u010dena p\u0159edev\u0161\u00edm pro vestavbu do samoobslu\u017en\u00fdch stojan\u016f, kiosk\u016f a automat\u016f.<\/p>\n<div class=\"et_pb_module et_pb_text et_pb_text_5 custom_bullets_wpcc custom_bullets_wpcc--check et_pb_text_align_left et_pb_bg_layout_light\">\n<ul>\n<li>za\u0159\u00edzen\u00ed iUC160B<\/li>\n<li>p\u0159\u00edprava za\u0159\u00edzen\u00ed pro instalaci, nahr\u00e1n\u00ed aplikace, kl\u00ed\u010dov\u00e1n\u00ed<\/li>\n<\/ul>\n<\/div>","protected":false},"featured_media":253523,"comment_status":"open","ping_status":"closed","template":"","meta":{"_acf_changed":false,"_et_pb_use_builder":"on","_et_pb_old_content":"<h3>P\u0159\u00edprava za\u0159\u00edzen\u00ed<\/h3>\r\nPlatebn\u00ed termin\u00e1l pro v\u00e1s nakl\u00ed\u010dujeme, nahrajeme bezpe\u010dnostn\u00ed certifik\u00e1ty, nahrajeme opera\u010dn\u00ed syst\u00e9m a platebn\u00ed aplikaci. Termin\u00e1l n\u00e1sledn\u011b nakonfigurujeme p\u0159esn\u011b pro va\u0161e pot\u0159eby.\r\n<div><\/div>\r\n<h3>Podpora aplikace b\u011bhem provozu<\/h3>\r\nTato slu\u017eba je sou\u010d\u00e1st\u00ed bal\u00ed\u010dku. O aplikaci se V\u00e1m budeme po celou dobu \u017eivotnosti termin\u00e1lu starat tak, aby byla v\u017edy spolehliv\u00e1, bezpe\u010dn\u00e1 a v souladu se v\u0161emi p\u0159edpisy karetn\u00edch asociac\u00ed. V p\u0159\u00edpad\u011b dotaz\u016f nebo probl\u00e9m\u016f v\u0161e prov\u011b\u0159\u00edme a naprav\u00edme. Nav\u00edc kdykoliv uvoln\u00edme novou verzi aplikace s nov\u00fdmi slu\u017ebami, automaticky V\u00e1m ji zdarma vzd\u00e1len\u011b nahrajeme.\r\n<div><\/div>\r\n<h3>Servisn\u00ed podpora termin\u00e1lu<\/h3>\r\nUr\u010dit\u011b jste ji\u017e n\u011bkdy za\u017eili situaci, kdy jste pot\u0159ebovali \u0159e\u0161it technick\u00fd probl\u00e9m a nikdo V\u00e1m nedok\u00e1zal pomoci. Tr\u017eby pak ut\u00edkaly a Vy jste p\u0159ich\u00e1zeli o pen\u00edze. To se V\u00e1m s n\u00e1mi nestane. Sou\u010d\u00e1st\u00ed bal\u00ed\u010dku je servis termin\u00e1lu p\u0159\u00edmo na m\u00edst\u011b instalace termin\u00e1lu. Sou\u010d\u00e1st\u00ed je n\u00e1mi provozovan\u00e1 technick\u00e1 podpora dostupn\u00e1 na telefonu nebo emailu (24 hodin denn\u011b) a vlastn\u00ed t\u00fdm zku\u0161en\u00fdch technik\u016f. Garantujeme servis a vy\u0159e\u0161en\u00ed obt\u00ed\u017e\u00ed p\u0159\u00edmo na m\u00edst\u011b instalace.\r\n<div><\/div>\r\n<h3>Podporovan\u00e9 platebn\u00ed karty<\/h3>\r\nAktu\u00e1ln\u011b podporujeme v\u0161echny typy karet Visa a Mastercard, d\u00e1le Apple Pay a Google Pay. Dal\u0161\u00ed karetn\u00ed typy p\u0159ipravujeme a budou v\u00e1m poskytnuty bezplatn\u011b po jejich uveden\u00ed jako sou\u010d\u00e1st bal\u00ed\u010dku.\r\n<div><\/div>\r\n<h3>Podporovan\u00e9 protokoly<\/h3>\r\nTermin\u00e1l aktu\u00e1ln\u011b podporuje GPE protokol a MDB protokol. Po\u017eadovan\u00fd typ protokolu v\u00e1m nastav\u00edme b\u011bhem p\u0159\u00edpravy po vz\u00e1jemn\u00e9 dohod\u011b.","_et_gb_content_width":""},"product_brand":[],"product_cat":[62],"product_tag":[],"class_list":{"0":"post-253522","1":"product","2":"type-product","3":"status-publish","4":"has-post-thumbnail","6":"product_cat-samoobsluzne","8":"first","9":"outofstock","10":"taxable","11":"shipping-taxable","12":"purchasable","13":"product-type-simple"},"acf":[],"_links":{"self":[{"href":"http:\/\/3.72.214.174\/ro\/wp-json\/wp\/v2\/product\/253522","targetHints":{"allow":["GET"]}}],"collection":[{"href":"http:\/\/3.72.214.174\/ro\/wp-json\/wp\/v2\/product"}],"about":[{"href":"http:\/\/3.72.214.174\/ro\/wp-json\/wp\/v2\/types\/product"}],"replies":[{"embeddable":true,"href":"http:\/\/3.72.214.174\/ro\/wp-json\/wp\/v2\/comments?post=253522"}],"wp:featuredmedia":[{"embeddable":true,"href":"http:\/\/3.72.214.174\/ro\/wp-json\/wp\/v2\/media\/253523"}],"wp:attachment":[{"href":"http:\/\/3.72.214.174\/ro\/wp-json\/wp\/v2\/media?parent=253522"}],"wp:term":[{"taxonomy":"product_brand","embeddable":true,"href":"http:\/\/3.72.214.174\/ro\/wp-json\/wp\/v2\/product_brand?post=253522"},{"taxonomy":"product_cat","embeddable":true,"href":"http:\/\/3.72.214.174\/ro\/wp-json\/wp\/v2\/product_cat?post=253522"},{"taxonomy":"product_tag","embeddable":true,"href":"http:\/\/3.72.214.174\/ro\/wp-json\/wp\/v2\/product_tag?post=253522"}],"curies":[{"name":"wp","href":"https:\/\/api.w.org\/{rel}","templated":true}]}}